{"id":14378,"date":"2019-04-30T15:47:37","date_gmt":"2019-04-30T13:47:37","guid":{"rendered":"https:\/\/www.starryskyalghero.com\/dream-suite\/"},"modified":"2024-03-08T17:25:27","modified_gmt":"2024-03-08T16:25:27","slug":"dream-suite","status":"publish","type":"page","link":"https:\/\/www.starryskyalghero.com\/fr\/dream-suite\/","title":{"rendered":"Dream Suite"},"content":{"rendered":"<div class=\"wpb-content-wrapper\">[vc_row row_type=\u00a0\u00bb2&Prime; blox_bgcolor=\u00a0\u00bb#ffffff\u00a0\u00bb][vc_column css=\u00a0\u00bb.vc_custom_1474103981862{margin-bottom: 4px !important;}\u00a0\u00bb]<hr class=\"vertical-space5\">[vc_row_inner][vc_column_inner width=\u00a0\u00bb1\/6&Prime;][\/vc_column_inner][vc_column_inner width=\u00a0\u00bb2\/3&Prime;]<article class=\"title-plus-text type-1 center \" style=\"text-align:center\" ><h3 style=\"color:#73736b\">Starry Sky Charming House<\/h3><h2 class=\"part-1\" style=\"color:#31312c\">Dream<\/h2><h2 class=\"part-2\" style=\"color:#530a59\">Suite<\/h2><p>Notre fleuron, Dream Suite.<br \/>\nUne chambre qui repr\u00e9sente tout le confort, l\u2019\u00e9l\u00e9gance et le raffinement de vos vacances en ville.<br \/>\nLa suite Dream accueille les clients avec un mobilier finement meubl\u00e9, un confort exclusif et les derniers \u00e9quipements technologiques. Les choix de couleurs, les finitions soign\u00e9es et la vue spectaculaire sur le golfe d\u2019Alghero vous donneront une atmosph\u00e8re de r\u00eave.<br \/>\nPour vous assurer un s\u00e9jour \u00e0 Alghero au nom de la relaxation absolue, la chambre dispose d'un bain hydromassante Jacuzzi\u00ae Double et d'une cabine de douche Jacuzzi\u00ae Frame 120, v\u00e9ritable spa quotidien avec bain turc et programmes de bien-\u00eatre personnalisables.<\/p><\/article><hr class=\"vertical-space2\">[vc_images_carousel images=\u00a0\u00bb14884,14889,14894,14899,14904,14909,14914&Prime; img_size=\u00a0\u00bbfull\u00a0\u00bb mode=\u00a0\u00bbvertical\u00a0\u00bb autoplay=\u00a0\u00bbyes\u00a0\u00bb hide_prev_next_buttons=\u00a0\u00bbyes\u00a0\u00bb]<hr class=\"vertical-space2\">[\/vc_column_inner][vc_column_inner width=\u00a0\u00bb1\/6&Prime;][\/vc_column_inner][\/vc_row_inner][vc_row_inner][vc_column_inner width=\u00a0\u00bb1\/6&Prime;][\/vc_column_inner][vc_column_inner width=\u00a0\u00bb1\/6&Prime;][vc_column_text]\n<ul>\n<li>Vue sur la mer<\/li>\n<li>Balcony<\/li>\n<li>Mobilier d\u2019ext\u00e9rieur<\/li>\n<li>Smart tv ultra hd 4k ambilight<\/li>\n<li>Netflix<\/li>\n<li>Coffre-Fort<\/li>\n<li>Climatisation<\/li>\n<\/ul>\n[\/vc_column_text][\/vc_column_inner][vc_column_inner width=\u00a0\u00bb1\/6&Prime;][vc_column_text]\n<ul>\n<li>Bureau<\/li>\n<li>Insonorisation<\/li>\n<li>Parquet<\/li>\n<li>Garde-robe<\/li>\n<li>Solutions hypoallerg\u00e9niques<\/li>\n<li>Jacuzzi\u00ae Double<\/li>\n<li>Cabine de douche Jacuzzi\u00ae Frame 120 avec bain turc et programmes de bien-\u00eatre personnalisables.<\/li>\n<\/ul>\n[\/vc_column_text][\/vc_column_inner][vc_column_inner width=\u00a0\u00bb1\/6&Prime;][vc_column_text]\n<ul>\n<li>Chromoth\u00e9rapie<\/li>\n<li>Phon<\/li>\n<li>Wc<\/li>\n<li>Bidet<\/li>\n<li>Mini-bar<\/li>\n<\/ul>\n[\/vc_column_text][\/vc_column_inner][vc_column_inner width=\u00a0\u00bb1\/6&Prime;][vc_column_text]\n<ul>\n<li>Serviettes \/ Linge de maison<\/li>\n<li>Kit de courtoisie<\/li>\n<li>Cuisine<\/li>\n<li>Parking priv\u00e9<\/li>\n<\/ul>\n[\/vc_column_text][\/vc_column_inner][vc_column_inner width=\u00a0\u00bb1\/6&Prime;][\/vc_column_inner][\/vc_row_inner]<hr class=\"vertical-space5\">[vc_separator][\/vc_column][\/vc_row]\n<\/div>","protected":false},"excerpt":{"rendered":"<p>[vc_row row_type=\u00a0\u00bb2&Prime; blox_bgcolor=\u00a0\u00bb#ffffff\u00a0\u00bb][vc_column css=\u00a0\u00bb.vc_custom_1474103981862{margin-bottom: 4px !important;}\u00a0\u00bb][vc_row_inner][vc_column_inner width=\u00a0\u00bb1\/6&Prime;][\/vc_column_inner][vc_column_inner width=\u00a0\u00bb2\/3&Prime;][vc_images_carousel images=\u00a0\u00bb14884,14889,14894,14899,14904,14909,14914&Prime; img_size=\u00a0\u00bbfull\u00a0\u00bb mode=\u00a0\u00bbvertical\u00a0\u00bb autoplay=\u00a0\u00bbyes\u00a0\u00bb hide_prev_next_buttons=\u00a0\u00bbyes\u00a0\u00bb][\/vc_column_inner][vc_column_inner width=\u00a0\u00bb1\/6&Prime;][\/vc_column_inner][\/vc_row_inner][vc_row_inner][vc_column_inner width=\u00a0\u00bb1\/6&Prime;][\/vc_column_inner][vc_column_inner width=\u00a0\u00bb1\/6&Prime;][vc_column_text] Vue sur la mer Balcony Mobilier d\u2019ext\u00e9rieur Smart tv ultra hd 4k ambilight Netflix Coffre-Fort Climatisation [\/vc_column_text][\/vc_column_inner][vc_column_inner width=\u00a0\u00bb1\/6&Prime;][vc_column_text] Bureau Insonorisation Parquet Garde-robe Solutions hypoallerg\u00e9niques Jacuzzi\u00ae Double Cabine de douche Jacuzzi\u00ae Frame 120 avec bain turc et programmes de bien-\u00eatre personnalisables. [\/vc_column_text][\/vc_column_inner][vc_column_inner width=\u00a0\u00bb1\/6&Prime;][vc_column_text] Chromoth\u00e9rapie Phon Wc Bidet Mini-bar [\/vc_column_text][\/vc_column_inner][vc_column_inner width=\u00a0\u00bb1\/6&Prime;][vc_column_text] Serviettes \/ Linge de maison Kit de courtoisie Cuisine Parking priv\u00e9 [\/vc_column_text][\/vc_column_inner][vc_column_inner width=\u00a0\u00bb1\/6&Prime;][\/vc_column_inner][\/vc_row_inner][vc_separator][\/vc_column][\/vc_row]<\/p>\n","protected":false},"author":1,"featured_media":0,"parent":0,"menu_order":0,"comment_status":"closed","ping_status":"closed","template":"","meta":{"footnotes":""},"class_list":["post-14378","page","type-page","status-publish","hentry"],"_links":{"self":[{"href":"https:\/\/www.starryskyalghero.com\/fr\/wp-json\/wp\/v2\/pages\/14378","targetHints":{"allow":["GET"]}}],"collection":[{"href":"https:\/\/www.starryskyalghero.com\/fr\/wp-json\/wp\/v2\/pages"}],"about":[{"href":"https:\/\/www.starryskyalghero.com\/fr\/wp-json\/wp\/v2\/types\/page"}],"author":[{"embeddable":true,"href":"https:\/\/www.starryskyalghero.com\/fr\/wp-json\/wp\/v2\/users\/1"}],"replies":[{"embeddable":true,"href":"https:\/\/www.starryskyalghero.com\/fr\/wp-json\/wp\/v2\/comments?post=14378"}],"version-history":[{"count":4,"href":"https:\/\/www.starryskyalghero.com\/fr\/wp-json\/wp\/v2\/pages\/14378\/revisions"}],"predecessor-version":[{"id":14984,"href":"https:\/\/www.starryskyalghero.com\/fr\/wp-json\/wp\/v2\/pages\/14378\/revisions\/14984"}],"wp:attachment":[{"href":"https:\/\/www.starryskyalghero.com\/fr\/wp-json\/wp\/v2\/media?parent=14378"}],"curies":[{"name":"wp","href":"https:\/\/api.w.org\/{rel}","templated":true}]}}