{"id":14238,"date":"2016-09-17T08:30:45","date_gmt":"2016-09-17T08:30:45","guid":{"rendered":"https:\/\/www.starryskyalghero.com\/home\/"},"modified":"2024-03-06T18:51:57","modified_gmt":"2024-03-06T17:51:57","slug":"home","status":"publish","type":"page","link":"https:\/\/www.starryskyalghero.com\/fr\/","title":{"rendered":"Home"},"content":{"rendered":"<div class=\"wpb-content-wrapper\">[vc_row row_type=\u00a0\u00bb1&Prime;][vc_column][rev_slider_vc alias=\u00a0\u00bbhome-rev-slider01&Prime;][\/vc_column][\/vc_row][vc_row row_type=\u00a0\u00bb2&Prime; blox_bgcolor=\u00a0\u00bb#f2f2f2&Prime;][vc_column]<hr class=\"vertical-space2\"><hr class=\"vertical-space5\">[\/vc_column][\/vc_row][vc_row row_type=\u00a0\u00bb2&Prime; blox_padding_top=\u00a0\u00bb10&Prime; blox_bgcolor=\u00a0\u00bb#f2f2f2&Prime;][vc_column width=\u00a0\u00bb1\/4&Prime;][vc_column_text el_class=\u00a0\u00bbabout-home2&Prime;]\n<div style=\"background: #21072a; padding: 20% 23px 20%;\">\n<h4 style=\"color: #fff; font-size: 14px; font-family: 'Playfair Display'; font-style: italic;\">Charming House<\/h4>\n<h3 style=\"font-size: 33px; color: #fff;\"><strong>Starry Sky<\/strong><\/h3>\n<h4 style=\"font-size: 16px; font-weight: 500; color: #b97ebb; margin-top: 20px; padding-top: 20px; border-top: 1px solid #50485b;\">Vous cherchez une alternative aux h\u00f4tels du centre-ville?<\/h4>\n<p style=\"color: #eee; font-weight: 300; font-size: 14px;\">La Starry Sky Charming House<br \/>\nest un lieu de s\u00e9jour id\u00e9al<br \/>\npour ceux qui sont \u00e0 la recherche<br \/>\nd&rsquo;une formule GuestHouse<br \/>\nsans faire le deuil du confort<br \/>\net des services d\u2019une qualit\u00e9 sup\u00e9rieure.<\/p>\n<p><a class=\"button gold square large\" href=\"https:\/\/www.starryskyalghero.com\/fr\/chambres\/\" target=\"_self\" rel=\"noopener noreferrer\">D\u00e9couvrez plus<\/a><\/p>\n<\/div>\n[\/vc_column_text]<hr class=\"vertical-space5\"><hr class=\"vertical-space5\">[\/vc_column][vc_column width=\u00a0\u00bb3\/4&Prime;]\r\n\t\t\t<div class=\"clearfix\">\r\n\t\t\t\t<div class=\"container\">\r\n\t\t\t\t\t<div class=\"w-image-carousel owl-carousel owl-theme\" data-items=\"3\" >\r\n\t\t\t\t\t\t\t<div class=\"services-carousel\">\r\n\t\t\t\t\t\t\t\t<img decoding=\"async\" src=\"https:\/\/www.starryskyalghero.com\/wp-content\/uploads\/2016\/09\/0000_07-starry-sky-vacanza-ad-alghero.jpg\">\r\n\t\t\t\t\t\t\t<\/div>\r\n\t\t\t\t\t\t\t<div class=\"services-carousel\">\r\n\t\t\t\t\t\t\t\t<img decoding=\"async\" src=\"https:\/\/www.starryskyalghero.com\/wp-content\/uploads\/2016\/09\/0001_06-starry-sky-vacanza-ad-alghero.jpg\">\r\n\t\t\t\t\t\t\t<\/div>\r\n\t\t\t\t\t\t\t<div class=\"services-carousel\">\r\n\t\t\t\t\t\t\t\t<img decoding=\"async\" src=\"https:\/\/www.starryskyalghero.com\/wp-content\/uploads\/2016\/09\/0002_05-starry-sky-vacanza-ad-alghero.jpg\">\r\n\t\t\t\t\t\t\t<\/div>\r\n\t\t\t\t\t\t\t<div class=\"services-carousel\">\r\n\t\t\t\t\t\t\t\t<img decoding=\"async\" src=\"https:\/\/www.starryskyalghero.com\/wp-content\/uploads\/2016\/09\/0003_04-starry-sky-vacanza-ad-alghero.jpg\">\r\n\t\t\t\t\t\t\t<\/div>\r\n\t\t\t\t\t\t\t<div class=\"services-carousel\">\r\n\t\t\t\t\t\t\t\t<img decoding=\"async\" src=\"https:\/\/www.starryskyalghero.com\/wp-content\/uploads\/2016\/09\/0004_03-starry-sky-vacanza-ad-alghero.jpg\">\r\n\t\t\t\t\t\t\t<\/div>\r\n\t\t\t\t\t\t\t<div class=\"services-carousel\">\r\n\t\t\t\t\t\t\t\t<img decoding=\"async\" src=\"https:\/\/www.starryskyalghero.com\/wp-content\/uploads\/2016\/09\/0005_02-starry-sky-vacanza-ad-alghero.jpg\">\r\n\t\t\t\t\t\t\t<\/div>\r\n\t\t\t\t\t\t\t<div class=\"services-carousel\">\r\n\t\t\t\t\t\t\t\t<img decoding=\"async\" src=\"https:\/\/www.starryskyalghero.com\/wp-content\/uploads\/2016\/09\/0006_01-starry-sky-vacanza-ad-alghero.jpg\">\r\n\t\t\t\t\t\t\t<\/div>\r\n\t\t\t\t\t<\/div>\r\n\t\t\t\t<\/div>\r\n\t\t\t<\/div><hr class=\"vertical-space5\"><hr class=\"vertical-space5\">[\/vc_column][\/vc_row][vc_row row_type=\u00a0\u00bb2&Prime; blox_bgcolor=\u00a0\u00bb#f2f2f2&Prime;][vc_column]<hr class=\"vertical-space3\"><article class=\"title-plus-text type-1 center \" style=\"text-align:center\" ><h3 style=\"color:#888888\">D\u00e9couvrez votre Starry Sky<\/h3><h2 class=\"part-1\" style=\"color:#000000\">Charming<\/h2><h2 class=\"part-2\" style=\"color:#530a59\">House<\/h2><p>La Starry Sky Charming House a pour objectif d\u2019exaucer non seulement les d\u00e9sirs des voyageurs le plus exigeants, mais aussi de realiser ceux qui appartiennent aux r\u00eaveurs:<br \/>\npi\u00e8ces modernes et tr\u00e8s lumineuses, ameublement \u00e9l\u00e9gant et un plafond sp\u00e9cialement form\u00e9 par des petites \u00e9toiles \u00e9tincelantes dans le but d\u2019apporter un bout de la voie lact\u00e9e<br \/>\ndans toutes les chambres. <\/p><\/article><hr class=\"vertical-space3\">[\/vc_column][\/vc_row][vc_row row_type=\u00a0\u00bb3&Prime;][vc_column][rev_slider_vc alias=\u00a0\u00bbhome-slider2&Prime;][\/vc_column][\/vc_row][vc_row row_type=\u00a0\u00bb2&Prime; blox_bgcolor=\u00a0\u00bb#f2f2f2&Prime;][vc_column]<hr class=\"vertical-space5\"><hr class=\"vertical-space3\"><article class=\"title-plus-text type-1 center \" style=\"text-align:center\" ><h3 style=\"color:#888888\">D\u00e9couvrez votre Starry Sky<\/h3><h2 class=\"part-1\" style=\"color:#000000\">Chambres &amp;<\/h2><h2 class=\"part-2\" style=\"color:#530a59\">Suites<\/h2><p>Starry Sky Charming House dispose de 5 chambres privatives dans laquelle on peut s'octroyer une pause et se d\u00e9tendre en b\u00e9n\u00e9ficiant de la vue \u00e9blouissante du golfe, des vieux remparts de la ville et du majestueux promontoire de Capo Caccia. <\/p><\/article>[\/vc_column][\/vc_row][vc_row row_type=\u00a0\u00bb2&Prime; blox_bgcolor=\u00a0\u00bb#f2f2f2&Prime;][vc_column width=\u00a0\u00bb1\/3&Prime;]<hr class=\"vertical-space3\">\r\n\t\t\t<div class=\"suite-toggle\" style=\"background-color:#090c13\" >\r\n\t\t\t\t<div class=\"main-content\">\r\n\t\t\t\t\t<h3>PANORAMIC ROOM<br \/>\nA partir de 100 euros par nuit<\/h3>\r\n\t\t\t\t\t<div class=\"service-icon\">\r\n\t\t\t\t\t\t<i class=\"none\"><\/i>\r\n\t\t\t\t\t<\/div>\r\n\t\t\t\t<\/div>\r\n\t\t\t\t<div class=\"toggle-content\">\r\n\t\t\t\t\t<div class=\"extra-content\"><p>Balcon avec vue sur la mer<br \/>\nMobilier d'ext\u00e9rieur<br \/>\nSmart tv ultra hd 4k<br \/>\nNetflix<br \/>\nClimatisation<br \/>\nCoffre-Fort<br \/>\nBureau<br \/>\nInsonorisation<br \/>\nParquet<br \/>\nGarde-robe<br \/>\nSolutions hypoallerg\u00e9niques<br \/>\nCabine de douche \u00e0 deux places \u00e0 hydromassage<br \/>\nChromoth\u00e9rapie<br \/>\nPhon<br \/>\nWc<br \/>\nBidet<br \/>\nMini-bar<br \/>\nServiettes \/ linge de maison<br \/>\nKit de courtoisie<br \/>\nCarte magn\u00e9tique<br \/>\nParking priv\u00e9<\/p>\n <\/div>\r\n\t\t\t\t\t<span><i class=\"ti-plus\" style=\"color:#090c13\"><\/i><\/span>\r\n\t\t\t\t<\/div>\r\n\t\t\t<\/div>\r\n\t\t<hr class=\"vertical-space2\">[\/vc_column][vc_column width=\u00a0\u00bb1\/3&Prime;]<hr class=\"vertical-space3\">\r\n\t\t\t<div class=\"suite-toggle\" style=\"background-color:#21072a\" >\r\n\t\t\t\t<div class=\"main-content\">\r\n\t\t\t\t\t<h3>DELUXE ROOM<br \/>\nA partir de 80 euros par nuit<\/h3>\r\n\t\t\t\t\t<div class=\"service-icon\">\r\n\t\t\t\t\t\t<i class=\"none\"><\/i>\r\n\t\t\t\t\t<\/div>\r\n\t\t\t\t<\/div>\r\n\t\t\t\t<div class=\"toggle-content\">\r\n\t\t\t\t\t<div class=\"extra-content\"><p>Balcon avec vue sur la mer<br \/>\nMobilier d'ext\u00e9rieur<br \/>\nSmart tv ultra hd 4k<br \/>\nNetflix<br \/>\nClimatisation<br \/>\nCoffre-Fort<br \/>\nBureau<br \/>\nInsonorisation<br \/>\nParquet<br \/>\nGarde-robe<br \/>\nSolutions hypoallerg\u00e9niques<br \/>\nCabine de douche \u00e0 deux places \u00e0 hydromassage<br \/>\nChromoth\u00e9rapie<br \/>\nPhon<br \/>\nWc<br \/>\nBidet<br \/>\nMini-bar<br \/>\nServiettes \/ linge de maison<br \/>\nKit de courtoisie<br \/>\nCarte magn\u00e9tique<br \/>\nParking priv\u00e9<\/p>\n <\/div>\r\n\t\t\t\t\t<span><i class=\"ti-plus\" style=\"color:#21072a\"><\/i><\/span>\r\n\t\t\t\t<\/div>\r\n\t\t\t<\/div>\r\n\t\t<hr class=\"vertical-space2\">[\/vc_column][vc_column width=\u00a0\u00bb1\/3&Prime;]<hr class=\"vertical-space3\">\r\n\t\t\t<div class=\"suite-toggle\" style=\"background-color:#530a59\" >\r\n\t\t\t\t<div class=\"main-content\">\r\n\t\t\t\t\t<h3>SUPERIOR ROOM<br \/>\nA partir de 80 Euro par nuit<\/h3>\r\n\t\t\t\t\t<div class=\"service-icon\">\r\n\t\t\t\t\t\t<i class=\"none\"><\/i>\r\n\t\t\t\t\t<\/div>\r\n\t\t\t\t<\/div>\r\n\t\t\t\t<div class=\"toggle-content\">\r\n\t\t\t\t\t<div class=\"extra-content\"><p>Balcon avec vue sur la mer<br \/>\nMobilier d'ext\u00e9rieur<br \/>\nSmart tv ultra hd 4k<br \/>\nNetflix<br \/>\nClimatisation<br \/>\nCoffre-Fort<br \/>\nBureau<br \/>\nInsonorisation<br \/>\nParquet<br \/>\nGarde-robe<br \/>\nSolutions hypoallerg\u00e9niques<br \/>\nCabine de douche \u00e0 deux places \u00e0 hydromassage<br \/>\nChromoth\u00e9rapie<br \/>\nPhon<br \/>\nWc<br \/>\nBidet<br \/>\nMini-bar<br \/>\nServiettes \/ linge de maison<br \/>\nKit de courtoisie<br \/>\nCarte magn\u00e9tique<br \/>\nParking priv\u00e9<\/p>\n <\/div>\r\n\t\t\t\t\t<span><i class=\"ti-plus\" style=\"color:#530a59\"><\/i><\/span>\r\n\t\t\t\t<\/div>\r\n\t\t\t<\/div>\r\n\t\t<hr class=\"vertical-space2\">[\/vc_column][\/vc_row][vc_row row_type=\u00a0\u00bb2&Prime; blox_bgcolor=\u00a0\u00bb#f2f2f2&Prime;][vc_column width=\u00a0\u00bb1\/2&Prime;]\r\n\t\t\t<div class=\"suite-toggle\" style=\"background-color:#090844\" >\r\n\t\t\t\t<div class=\"main-content\">\r\n\t\t\t\t\t<h3>STARRY SUITE<br \/>\nA partir de 110 euros par nuit<\/h3>\r\n\t\t\t\t\t<div class=\"service-icon\">\r\n\t\t\t\t\t\t<i class=\"none\"><\/i>\r\n\t\t\t\t\t<\/div>\r\n\t\t\t\t<\/div>\r\n\t\t\t\t<div class=\"toggle-content\">\r\n\t\t\t\t\t<div class=\"extra-content\"><p>Balcon avec vue sur la mer<br \/>\nMobilier d'ext\u00e9rieur<br \/>\nSmart tv ultra hd 4k<br \/>\nNetflix<br \/>\nClimatisation<br \/>\nCoffre-Fort<br \/>\nBureau<br \/>\nInsonorisation<br \/>\nParquet<br \/>\nGarde-robe<br \/>\nSolutions hypoallerg\u00e9niques<br \/>\nCabine de douche \u00e0 deux places \u00e0 hydromassage<br \/>\nChromoth\u00e9rapie<br \/>\nPhon<br \/>\nWc<br \/>\nJacuzzi<br \/>\nBidet<br \/>\nMini-bar<br \/>\nServiettes \/ linge de maison<br \/>\nKit de courtoisie<br \/>\nCarte magn\u00e9tique<br \/>\nParking priv\u00e9<\/p>\n <\/div>\r\n\t\t\t\t\t<span><i class=\"ti-plus\" style=\"color:#090844\"><\/i><\/span>\r\n\t\t\t\t<\/div>\r\n\t\t\t<\/div>\r\n\t\t<hr class=\"vertical-space2\">[\/vc_column][vc_column width=\u00a0\u00bb1\/2&Prime;]\r\n\t\t\t<div class=\"suite-toggle\" style=\"background-color:#0d0472\" >\r\n\t\t\t\t<div class=\"main-content\">\r\n\t\t\t\t\t<h3>DREAM SUITE<br \/>\nA partir de 150 euros par nuit<\/h3>\r\n\t\t\t\t\t<div class=\"service-icon\">\r\n\t\t\t\t\t\t<i class=\"none\"><\/i>\r\n\t\t\t\t\t<\/div>\r\n\t\t\t\t<\/div>\r\n\t\t\t\t<div class=\"toggle-content\">\r\n\t\t\t\t\t<div class=\"extra-content\"><p>Vue sur la mer<br \/>\nBalcony<br \/>\nMobilier d\u2019ext\u00e9rieur<br \/>\nSmart tv ultra hd 4k ambilight<br \/>\nNetflix<br \/>\nCoffre-Fort<br \/>\nClimatisation<br \/>\nBureau<br \/>\nInsonorisation<br \/>\nParquet<br \/>\nGarde-robe<br \/>\nSolutions hypoallerg\u00e9niques<br \/>\nJacuzzi\u00ae Double<br \/>\nCabine de douche Jacuzzi\u00ae Frame 120 avec bain turc et programmes de bien-\u00eatre personnalisables.<br \/>\nChromoth\u00e9rapie<br \/>\nPhon<br \/>\nWc<br \/>\nBidet<br \/>\nMini-bar<br \/>\nServiettes \/ Linge de maison<br \/>\nKit de courtoisie<br \/>\nCuisine<br \/>\nParking priv\u00e9<\/p>\n <\/div>\r\n\t\t\t\t\t<span><i class=\"ti-plus\" style=\"color:#0d0472\"><\/i><\/span>\r\n\t\t\t\t<\/div>\r\n\t\t\t<\/div>\r\n\t\t<hr class=\"vertical-space2\">[\/vc_column][\/vc_row][vc_row row_type=\u00a0\u00bb2&Prime;][vc_column][rev_slider_vc alias=\u00a0\u00bbhome-slider3&Prime;][\/vc_column][\/vc_row][vc_row row_type=\u00a0\u00bb2&Prime; blox_bgcolor=\u00a0\u00bb#f2f2f2&Prime;][vc_column]<hr class=\"vertical-space5\"><article class=\"title-plus-text type-1 center \" style=\"text-align:center\" ><h3 style=\"color:#888888\">D\u00e9couvrez votre Starry Sky<\/h3><h2 class=\"part-1\" style=\"color:#000000\">Comment<\/h2><h2 class=\"part-2\" style=\"color:#530a59\">Nouus Trouver<\/h2><p>Si vous avez choisi Alghero, situ\u00e9e sur la c\u00f4te nord-ouest de la Sardaigne, pour vos vacances vous avez aussi choisi de vivre des \u00e9motions au quotidien: chaleureux couchers de soleil, des promenades sur les longues plages de sable blanc et fin, ou encore de visiter la vieille ville qui donne sur le golfe de la Rivi\u00e8re du Corail. <\/p><\/article><hr class=\"vertical-space3\">[\/vc_column][\/vc_row][vc_row row_type=\u00a0\u00bb1&Prime;][vc_column][vc_gmaps link=\u00a0\u00bb#E-8_JTNDaWZyYW1lJTIwc3JjJTNEJTIyaHR0cHMlM0ElMkYlMkZ3d3cuZ29vZ2xlLmNvbSUyRm1hcHMlMkZlbWJlZCUzRnBiJTNEJTIxMW0xOCUyMTFtMTIlMjExbTMlMjExZDMwMzAuNzYzMTAwNTQyMDQxMiUyMTJkOC4zMTc0NjYxMTQ4ODM5NTYlMjEzZDQwLjU2ODkwODQ1NDI5NDk3JTIxMm0zJTIxMWYwJTIxMmYwJTIxM2YwJTIxM20yJTIxMWkxMDI0JTIxMmk3NjglMjE0ZjEzLjElMjEzbTMlMjExbTIlMjExczB4MTJkY2YxZmFhMTUyMWY1YiUyNTNBMHhmNDA3OWUwMGQ1MjlhZTY5JTIxMnNWaWElMkJHaXVzZXBwZSUyQkdhcmliYWxkaSUyNTJDJTJCMTEzJTI1MkMlMkIwNzA0MSUyQkFsZ2hlcm8lMkJTUyUyMTVlMCUyMTNtMiUyMTFzaXQlMjEyc2l0JTIxNHYxNTAxODU1NTM2NzUzJTIyJTIwd2lkdGglM0QlMjIxMDAlMjUlMjIlMjBoZWlnaHQlM0QlMjI0NTAlMjIlMjBmcmFtZWJvcmRlciUzRCUyMjAlMjIlMjBzdHlsZSUzRCUyMmJvcmRlciUzQTAlMjIlMjBhbGxvd2Z1bGxzY3JlZW4lM0UlM0MlMkZpZnJhbWUlM0U=\u00a0\u00bb css_animation=\u00a0\u00bbfadeInUp\u00a0\u00bb el_class=\u00a0\u00bbmappa-home\u00a0\u00bb][\/vc_column][\/vc_row]\n<\/div>","protected":false},"excerpt":{"rendered":"<p>[vc_row row_type=\u00a0\u00bb1&Prime;][vc_column][rev_slider_vc alias=\u00a0\u00bbhome-rev-slider01&Prime;][\/vc_column][\/vc_row][vc_row row_type=\u00a0\u00bb2&Prime; blox_bgcolor=\u00a0\u00bb#f2f2f2&Prime;][vc_column][\/vc_column][\/vc_row][vc_row row_type=\u00a0\u00bb2&Prime; blox_padding_top=\u00a0\u00bb10&Prime; blox_bgcolor=\u00a0\u00bb#f2f2f2&Prime;][vc_column width=\u00a0\u00bb1\/4&Prime;][vc_column_text el_class=\u00a0\u00bbabout-home2&Prime;] Charming House Starry Sky Vous cherchez une alternative aux h\u00f4tels du centre-ville? La Starry Sky Charming House est un lieu de s\u00e9jour id\u00e9al pour ceux qui sont \u00e0 la recherche d&rsquo;une formule GuestHouse sans faire le deuil du confort et des services d\u2019une qualit\u00e9 sup\u00e9rieure. D\u00e9couvrez plus [\/vc_column_text][\/vc_column][vc_column width=\u00a0\u00bb3\/4&Prime;][\/vc_column][\/vc_row][vc_row row_type=\u00a0\u00bb2&Prime; blox_bgcolor=\u00a0\u00bb#f2f2f2&Prime;][vc_column][\/vc_column][\/vc_row][vc_row row_type=\u00a0\u00bb3&Prime;][vc_column][rev_slider_vc alias=\u00a0\u00bbhome-slider2&Prime;][\/vc_column][\/vc_row][vc_row row_type=\u00a0\u00bb2&Prime; blox_bgcolor=\u00a0\u00bb#f2f2f2&Prime;][vc_column][\/vc_column][\/vc_row][vc_row row_type=\u00a0\u00bb2&Prime; blox_bgcolor=\u00a0\u00bb#f2f2f2&Prime;][vc_column width=\u00a0\u00bb1\/3&Prime;][\/vc_column][vc_column width=\u00a0\u00bb1\/3&Prime;][\/vc_column][vc_column width=\u00a0\u00bb1\/3&Prime;][\/vc_column][\/vc_row][vc_row row_type=\u00a0\u00bb2&Prime; blox_bgcolor=\u00a0\u00bb#f2f2f2&Prime;][vc_column width=\u00a0\u00bb1\/2&Prime;][\/vc_column][vc_column width=\u00a0\u00bb1\/2&Prime;][\/vc_column][\/vc_row][vc_row row_type=\u00a0\u00bb2&Prime;][vc_column][rev_slider_vc alias=\u00a0\u00bbhome-slider3&Prime;][\/vc_column][\/vc_row][vc_row row_type=\u00a0\u00bb2&Prime; blox_bgcolor=\u00a0\u00bb#f2f2f2&Prime;][vc_column][\/vc_column][\/vc_row][vc_row row_type=\u00a0\u00bb1&Prime;][vc_column][vc_gmaps link=\u00a0\u00bb#E-8_JTNDaWZyYW1lJTIwc3JjJTNEJTIyaHR0cHMlM0ElMkYlMkZ3d3cuZ29vZ2xlLmNvbSUyRm1hcHMlMkZlbWJlZCUzRnBiJTNEJTIxMW0xOCUyMTFtMTIlMjExbTMlMjExZDMwMzAuNzYzMTAwNTQyMDQxMiUyMTJkOC4zMTc0NjYxMTQ4ODM5NTYlMjEzZDQwLjU2ODkwODQ1NDI5NDk3JTIxMm0zJTIxMWYwJTIxMmYwJTIxM2YwJTIxM20yJTIxMWkxMDI0JTIxMmk3NjglMjE0ZjEzLjElMjEzbTMlMjExbTIlMjExczB4MTJkY2YxZmFhMTUyMWY1YiUyNTNBMHhmNDA3OWUwMGQ1MjlhZTY5JTIxMnNWaWElMkJHaXVzZXBwZSUyQkdhcmliYWxkaSUyNTJDJTJCMTEzJTI1MkMlMkIwNzA0MSUyQkFsZ2hlcm8lMkJTUyUyMTVlMCUyMTNtMiUyMTFzaXQlMjEyc2l0JTIxNHYxNTAxODU1NTM2NzUzJTIyJTIwd2lkdGglM0QlMjIxMDAlMjUlMjIlMjBoZWlnaHQlM0QlMjI0NTAlMjIlMjBmcmFtZWJvcmRlciUzRCUyMjAlMjIlMjBzdHlsZSUzRCUyMmJvcmRlciUzQTAlMjIlMjBhbGxvd2Z1bGxzY3JlZW4lM0UlM0MlMkZpZnJhbWUlM0U=\u00a0\u00bb css_animation=\u00a0\u00bbfadeInUp\u00a0\u00bb el_class=\u00a0\u00bbmappa-home\u00a0\u00bb][\/vc_column][\/vc_row]<\/p>\n","protected":false},"author":1,"featured_media":0,"parent":0,"menu_order":0,"comment_status":"closed","ping_status":"closed","template":"","meta":{"footnotes":""},"class_list":["post-14238","page","type-page","status-publish","hentry"],"_links":{"self":[{"href":"https:\/\/www.starryskyalghero.com\/fr\/wp-json\/wp\/v2\/pages\/14238","targetHints":{"allow":["GET"]}}],"collection":[{"href":"https:\/\/www.starryskyalghero.com\/fr\/wp-json\/wp\/v2\/pages"}],"about":[{"href":"https:\/\/www.starryskyalghero.com\/fr\/wp-json\/wp\/v2\/types\/page"}],"author":[{"embeddable":true,"href":"https:\/\/www.starryskyalghero.com\/fr\/wp-json\/wp\/v2\/users\/1"}],"replies":[{"embeddable":true,"href":"https:\/\/www.starryskyalghero.com\/fr\/wp-json\/wp\/v2\/comments?post=14238"}],"version-history":[{"count":5,"href":"https:\/\/www.starryskyalghero.com\/fr\/wp-json\/wp\/v2\/pages\/14238\/revisions"}],"predecessor-version":[{"id":14622,"href":"https:\/\/www.starryskyalghero.com\/fr\/wp-json\/wp\/v2\/pages\/14238\/revisions\/14622"}],"wp:attachment":[{"href":"https:\/\/www.starryskyalghero.com\/fr\/wp-json\/wp\/v2\/media?parent=14238"}],"curies":[{"name":"wp","href":"https:\/\/api.w.org\/{rel}","templated":true}]}}