{"id":14234,"date":"2017-08-04T17:24:49","date_gmt":"2017-08-04T15:24:49","guid":{"rendered":"https:\/\/www.starryskyalghero.com\/servizi\/"},"modified":"2024-08-27T10:20:49","modified_gmt":"2024-08-27T08:20:49","slug":"services","status":"publish","type":"page","link":"https:\/\/www.starryskyalghero.com\/fr\/services\/","title":{"rendered":"Services"},"content":{"rendered":"<div class=\"wpb-content-wrapper\">[vc_row row_type=\u00a0\u00bb2&Prime; blox_bgcolor=\u00a0\u00bb#ffffff\u00a0\u00bb][vc_column css=\u00a0\u00bb.vc_custom_1474103981862{margin-bottom: 4px !important;}\u00a0\u00bb]<hr class=\"vertical-space5\">[vc_row_inner][vc_column_inner width=\u00a0\u00bb1\/6&Prime;][\/vc_column_inner][vc_column_inner width=\u00a0\u00bb2\/3&Prime;]<article class=\"title-plus-text type-1 center \" style=\"text-align:center\" ><h3 style=\"color:#73736b\">Starry Sky Charming House<\/h3><h2 class=\"part-1\" style=\"color:#31312c\">Nos<\/h2><h2 class=\"part-2\" style=\"color:#530a59\">Services<\/h2><p>Les plus r\u00e9cent et les meilleurs services assurent \u00e0 nos h\u00f4tes des vacances en Sardaigne inoubliable caract\u00e9ris\u00e9e par un confort, une intimit\u00e9 et le luxe. Jacuzzi, le wifi, la t\u00e9l\u00e9vision \u00e0 la demande disponible dans toutes les chambres pour suivre les films et des s\u00e9ries sur Netflix, un parking priv\u00e9 est aussi pr\u00e9sent dans l\u2019\u00e9tablissement. Chaque service \u00e0 \u00e9t\u00e9 soign\u00e9 dans tous les d\u00e9tails afin de vous offrir une exp\u00e9rience unique.<\/p><\/article>[\/vc_column_inner][vc_column_inner width=\u00a0\u00bb1\/6&Prime;][\/vc_column_inner][\/vc_row_inner]<hr class=\"vertical-space2\">[vc_images_carousel images=\u00a0\u00bb13835,14308,14045,13833,14309,14499,14504&Prime; img_size=\u00a0\u00bbfull\u00a0\u00bb mode=\u00a0\u00bbvertical\u00a0\u00bb autoplay=\u00a0\u00bbyes\u00a0\u00bb hide_prev_next_buttons=\u00a0\u00bbyes\u00a0\u00bb]<hr class=\"vertical-space2\">[vc_row_inner][vc_column_inner width=\u00a0\u00bb1\/4&Prime;][vc_column_text]\n<ul>\n<li>Balcon avec vue sur la mer<\/li>\n<li>Mobilier d&rsquo;ext\u00e9rieur<\/li>\n<li>Smart tv ultra hd 4k<\/li>\n<li>Netflix<\/li>\n<li>Climatisation<\/li>\n<li>Cofree-Fort<\/li>\n<\/ul>\n[\/vc_column_text][\/vc_column_inner][vc_column_inner width=\u00a0\u00bb1\/4&Prime;][vc_column_text]\n<ul>\n<li>Bureau<\/li>\n<li>Insonorisation<\/li>\n<li>Parquet<\/li>\n<li>Garde-robe<\/li>\n<li>Solutions hypoallerg\u00e9niques<\/li>\n<\/ul>\n[\/vc_column_text][\/vc_column_inner][vc_column_inner width=\u00a0\u00bb1\/4&Prime;][vc_column_text]\n<ul>\n<li>Cabine de douche \u00e0 deux places \u00e0 hydromassage<\/li>\n<li>Chromoth\u00e9rapie<\/li>\n<li>Phon<\/li>\n<li>Wc<\/li>\n<li>Jacuzzi<\/li>\n<li>Bidet<\/li>\n<\/ul>\n[\/vc_column_text][\/vc_column_inner][vc_column_inner width=\u00a0\u00bb1\/4&Prime;][vc_column_text]\n<ul>\n<li>R\u00e9frig\u00e9rateur<\/li>\n<li>Serviettes \/ linge de maison<\/li>\n<li>Kit de courtoisie<\/li>\n<li>Carte magn\u00e9tique<\/li>\n<li>Parking priv\u00e9<\/li>\n<\/ul>\n[\/vc_column_text][\/vc_column_inner][\/vc_row_inner]<hr class=\"vertical-space5\">[vc_separator][\/vc_column][\/vc_row]\n<\/div>","protected":false},"excerpt":{"rendered":"<p>[vc_row row_type=\u00a0\u00bb2&Prime; blox_bgcolor=\u00a0\u00bb#ffffff\u00a0\u00bb][vc_column css=\u00a0\u00bb.vc_custom_1474103981862{margin-bottom: 4px !important;}\u00a0\u00bb][vc_row_inner][vc_column_inner width=\u00a0\u00bb1\/6&Prime;][\/vc_column_inner][vc_column_inner width=\u00a0\u00bb2\/3&Prime;][\/vc_column_inner][vc_column_inner width=\u00a0\u00bb1\/6&Prime;][\/vc_column_inner][\/vc_row_inner][vc_images_carousel images=\u00a0\u00bb13835,14308,14045,13833,14309,14499,14504&Prime; img_size=\u00a0\u00bbfull\u00a0\u00bb mode=\u00a0\u00bbvertical\u00a0\u00bb autoplay=\u00a0\u00bbyes\u00a0\u00bb hide_prev_next_buttons=\u00a0\u00bbyes\u00a0\u00bb][vc_row_inner][vc_column_inner width=\u00a0\u00bb1\/4&Prime;][vc_column_text] Balcon avec vue sur la mer Mobilier d&rsquo;ext\u00e9rieur Smart tv ultra hd 4k Netflix Climatisation Cofree-Fort [\/vc_column_text][\/vc_column_inner][vc_column_inner width=\u00a0\u00bb1\/4&Prime;][vc_column_text] Bureau Insonorisation Parquet Garde-robe Solutions hypoallerg\u00e9niques [\/vc_column_text][\/vc_column_inner][vc_column_inner width=\u00a0\u00bb1\/4&Prime;][vc_column_text] Cabine de douche \u00e0 deux places \u00e0 hydromassage Chromoth\u00e9rapie Phon Wc Jacuzzi Bidet [\/vc_column_text][\/vc_column_inner][vc_column_inner width=\u00a0\u00bb1\/4&Prime;][vc_column_text] R\u00e9frig\u00e9rateur Serviettes \/ linge de maison Kit de courtoisie Carte magn\u00e9tique Parking priv\u00e9 [\/vc_column_text][\/vc_column_inner][\/vc_row_inner][vc_separator][\/vc_column][\/vc_row]<\/p>\n","protected":false},"author":1,"featured_media":0,"parent":0,"menu_order":0,"comment_status":"closed","ping_status":"closed","template":"","meta":{"footnotes":""},"class_list":["post-14234","page","type-page","status-publish","hentry"],"_links":{"self":[{"href":"https:\/\/www.starryskyalghero.com\/fr\/wp-json\/wp\/v2\/pages\/14234","targetHints":{"allow":["GET"]}}],"collection":[{"href":"https:\/\/www.starryskyalghero.com\/fr\/wp-json\/wp\/v2\/pages"}],"about":[{"href":"https:\/\/www.starryskyalghero.com\/fr\/wp-json\/wp\/v2\/types\/page"}],"author":[{"embeddable":true,"href":"https:\/\/www.starryskyalghero.com\/fr\/wp-json\/wp\/v2\/users\/1"}],"replies":[{"embeddable":true,"href":"https:\/\/www.starryskyalghero.com\/fr\/wp-json\/wp\/v2\/comments?post=14234"}],"version-history":[{"count":7,"href":"https:\/\/www.starryskyalghero.com\/fr\/wp-json\/wp\/v2\/pages\/14234\/revisions"}],"predecessor-version":[{"id":15012,"href":"https:\/\/www.starryskyalghero.com\/fr\/wp-json\/wp\/v2\/pages\/14234\/revisions\/15012"}],"wp:attachment":[{"href":"https:\/\/www.starryskyalghero.com\/fr\/wp-json\/wp\/v2\/media?parent=14234"}],"curies":[{"name":"wp","href":"https:\/\/api.w.org\/{rel}","templated":true}]}}