{"id":14230,"date":"2017-08-04T17:22:46","date_gmt":"2017-08-04T15:22:46","guid":{"rendered":"https:\/\/www.starryskyalghero.com\/starry-suite\/"},"modified":"2024-03-08T17:20:34","modified_gmt":"2024-03-08T16:20:34","slug":"starry-suite","status":"publish","type":"page","link":"https:\/\/www.starryskyalghero.com\/fr\/starry-suite\/","title":{"rendered":"Starry Suite"},"content":{"rendered":"<div class=\"wpb-content-wrapper\">[vc_row row_type=\u00a0\u00bb2&Prime; blox_bgcolor=\u00a0\u00bb#ffffff\u00a0\u00bb][vc_column css=\u00a0\u00bb.vc_custom_1474103981862{margin-bottom: 4px !important;}\u00a0\u00bb]<hr class=\"vertical-space5\">[vc_row_inner][vc_column_inner width=\u00a0\u00bb1\/6&Prime;][\/vc_column_inner][vc_column_inner width=\u00a0\u00bb2\/3&Prime;]<article class=\"title-plus-text type-1 center \" style=\"text-align:center\" ><h3 style=\"color:#73736b\">Starry Sky Charming House<\/h3><h2 class=\"part-1\" style=\"color:#31312c\">Starry<\/h2><h2 class=\"part-2\" style=\"color:#530a59\">Suite<\/h2><p>La Starry Suite est une chambre vaste et accueillante qui fait cadeau \u00e0 ses h\u00f4tes d'une intimit\u00e9 particuli\u00e8re et privative. Une pi\u00e8ce fraiche avec un ameublement moderne et raffin\u00e9e qui dispose de deux balcons priv\u00e9s qui donnent sur la charmante mer d'Alghero et d'une spacieuse salle de bains priv\u00e9e avec une douche et une baignoire hydromassante dans le but de vous garantir une exp\u00e9rience de bien-\u00eatre totale.<\/p><\/article><hr class=\"vertical-space2\">[vc_images_carousel images=\u00a0\u00bb14843,14848,14853,14858,14863,14868,14873,14878&Prime; img_size=\u00a0\u00bbfull\u00a0\u00bb mode=\u00a0\u00bbvertical\u00a0\u00bb autoplay=\u00a0\u00bbyes\u00a0\u00bb hide_prev_next_buttons=\u00a0\u00bbyes\u00a0\u00bb]<hr class=\"vertical-space2\">[\/vc_column_inner][vc_column_inner width=\u00a0\u00bb1\/6&Prime;][\/vc_column_inner][\/vc_row_inner][vc_row_inner][vc_column_inner width=\u00a0\u00bb1\/6&Prime;][\/vc_column_inner][vc_column_inner width=\u00a0\u00bb1\/6&Prime;][vc_column_text]\n<ul>\n<li>Balcon avec vue sur la mer<\/li>\n<li>Mobilier d&rsquo;ext\u00e9rieur<\/li>\n<li>Smart tv ultra hd 4k<\/li>\n<li>Netflix<\/li>\n<li>Climatisation<\/li>\n<li>Coffre-fort<\/li>\n<\/ul>\n[\/vc_column_text][\/vc_column_inner][vc_column_inner width=\u00a0\u00bb1\/6&Prime;][vc_column_text]\n<ul>\n<li>Bureau<\/li>\n<li>Insonorisation<\/li>\n<li>Parquet<\/li>\n<li>Garde-robe<\/li>\n<li>Solutions hypoallerg\u00e9niques<\/li>\n<\/ul>\n[\/vc_column_text][\/vc_column_inner][vc_column_inner width=\u00a0\u00bb1\/6&Prime;][vc_column_text]\n<ul>\n<li>Cabine de douche \u00e0 deux places \u00e0 hydromassage<\/li>\n<li>Chromoth\u00e9rapie<\/li>\n<li>Phon<\/li>\n<li>Wc<\/li>\n<li>Bidet<\/li>\n<\/ul>\n[\/vc_column_text][\/vc_column_inner][vc_column_inner width=\u00a0\u00bb1\/6&Prime;][vc_column_text]\n<ul>\n<li>Mini-bar<\/li>\n<li>Serviettes \/ linge de maison<\/li>\n<li>Kit de courtoisie<\/li>\n<li>Carte magn\u00e9tique<\/li>\n<li>Parking priv\u00e9<\/li>\n<\/ul>\n[\/vc_column_text][\/vc_column_inner][vc_column_inner width=\u00a0\u00bb1\/6&Prime;][\/vc_column_inner][\/vc_row_inner]<hr class=\"vertical-space5\">[vc_separator][\/vc_column][\/vc_row]\n<\/div>","protected":false},"excerpt":{"rendered":"<p>[vc_row row_type=\u00a0\u00bb2&Prime; blox_bgcolor=\u00a0\u00bb#ffffff\u00a0\u00bb][vc_column css=\u00a0\u00bb.vc_custom_1474103981862{margin-bottom: 4px !important;}\u00a0\u00bb][vc_row_inner][vc_column_inner width=\u00a0\u00bb1\/6&Prime;][\/vc_column_inner][vc_column_inner width=\u00a0\u00bb2\/3&Prime;][vc_images_carousel images=\u00a0\u00bb14843,14848,14853,14858,14863,14868,14873,14878&Prime; img_size=\u00a0\u00bbfull\u00a0\u00bb mode=\u00a0\u00bbvertical\u00a0\u00bb autoplay=\u00a0\u00bbyes\u00a0\u00bb hide_prev_next_buttons=\u00a0\u00bbyes\u00a0\u00bb][\/vc_column_inner][vc_column_inner width=\u00a0\u00bb1\/6&Prime;][\/vc_column_inner][\/vc_row_inner][vc_row_inner][vc_column_inner width=\u00a0\u00bb1\/6&Prime;][\/vc_column_inner][vc_column_inner width=\u00a0\u00bb1\/6&Prime;][vc_column_text] Balcon avec vue sur la mer Mobilier d&rsquo;ext\u00e9rieur Smart tv ultra hd 4k Netflix Climatisation Coffre-fort [\/vc_column_text][\/vc_column_inner][vc_column_inner width=\u00a0\u00bb1\/6&Prime;][vc_column_text] Bureau Insonorisation Parquet Garde-robe Solutions hypoallerg\u00e9niques [\/vc_column_text][\/vc_column_inner][vc_column_inner width=\u00a0\u00bb1\/6&Prime;][vc_column_text] Cabine de douche \u00e0 deux places \u00e0 hydromassage Chromoth\u00e9rapie Phon Wc Bidet [\/vc_column_text][\/vc_column_inner][vc_column_inner width=\u00a0\u00bb1\/6&Prime;][vc_column_text] Mini-bar Serviettes \/ linge de maison Kit de courtoisie Carte magn\u00e9tique Parking priv\u00e9 [\/vc_column_text][\/vc_column_inner][vc_column_inner width=\u00a0\u00bb1\/6&Prime;][\/vc_column_inner][\/vc_row_inner][vc_separator][\/vc_column][\/vc_row]<\/p>\n","protected":false},"author":1,"featured_media":0,"parent":0,"menu_order":0,"comment_status":"closed","ping_status":"closed","template":"","meta":{"footnotes":""},"class_list":["post-14230","page","type-page","status-publish","hentry"],"_links":{"self":[{"href":"https:\/\/www.starryskyalghero.com\/fr\/wp-json\/wp\/v2\/pages\/14230","targetHints":{"allow":["GET"]}}],"collection":[{"href":"https:\/\/www.starryskyalghero.com\/fr\/wp-json\/wp\/v2\/pages"}],"about":[{"href":"https:\/\/www.starryskyalghero.com\/fr\/wp-json\/wp\/v2\/types\/page"}],"author":[{"embeddable":true,"href":"https:\/\/www.starryskyalghero.com\/fr\/wp-json\/wp\/v2\/users\/1"}],"replies":[{"embeddable":true,"href":"https:\/\/www.starryskyalghero.com\/fr\/wp-json\/wp\/v2\/comments?post=14230"}],"version-history":[{"count":5,"href":"https:\/\/www.starryskyalghero.com\/fr\/wp-json\/wp\/v2\/pages\/14230\/revisions"}],"predecessor-version":[{"id":14966,"href":"https:\/\/www.starryskyalghero.com\/fr\/wp-json\/wp\/v2\/pages\/14230\/revisions\/14966"}],"wp:attachment":[{"href":"https:\/\/www.starryskyalghero.com\/fr\/wp-json\/wp\/v2\/media?parent=14230"}],"curies":[{"name":"wp","href":"https:\/\/api.w.org\/{rel}","templated":true}]}}