{"id":14222,"date":"2017-08-04T17:18:35","date_gmt":"2017-08-04T15:18:35","guid":{"rendered":"https:\/\/www.starryskyalghero.com\/superior-room\/"},"modified":"2024-03-08T17:16:17","modified_gmt":"2024-03-08T16:16:17","slug":"superior-room","status":"publish","type":"page","link":"https:\/\/www.starryskyalghero.com\/fr\/superior-room\/","title":{"rendered":"Superior Room"},"content":{"rendered":"<div class=\"wpb-content-wrapper\">[vc_row row_type=\u00a0\u00bb2&Prime; blox_bgcolor=\u00a0\u00bb#ffffff\u00a0\u00bb][vc_column css=\u00a0\u00bb.vc_custom_1474103981862{margin-bottom: 4px !important;}\u00a0\u00bb]<hr class=\"vertical-space5\">[vc_row_inner][vc_column_inner width=\u00a0\u00bb1\/6&Prime;][\/vc_column_inner][vc_column_inner width=\u00a0\u00bb2\/3&Prime;]<article class=\"title-plus-text type-1 center \" style=\"text-align:center\" ><h3 style=\"color:#73736b\">Starry Sky Charming House<\/h3><h2 class=\"part-1\" style=\"color:#31312c\">Superior<\/h2><h2 class=\"part-2\" style=\"color:#530a59\">Room<\/h2><p>Pi\u00e8ces vastes et modernes qui r\u00e9pondent \u00e0 toutes les exigences du s\u00e9jour.<\/p>\n<p>Dans la chambre Sup\u00e9rieure vous retrouverez une atmosph\u00e8re douillette et \u00e9l\u00e9gante pour passer des moments agr\u00e9ables de d\u00e9tente avec la sensation d'\u00eatre dorlot\u00e8s par une ambiance personnelle de qualit\u00e9.<\/p>\n<p>En effet, la chambre dispose d'un balcon avec vue lat\u00e9ral sur la mer, d'une ample salle de bains dans laquelle on peut se ressourcer en prenant une douche hydromassante.<\/p><\/article><hr class=\"vertical-space2\">[vc_images_carousel images=\u00a0\u00bb14802,14807,14812,14817,14822,14827,14832,14837&Prime; img_size=\u00a0\u00bbfull\u00a0\u00bb mode=\u00a0\u00bbvertical\u00a0\u00bb autoplay=\u00a0\u00bbyes\u00a0\u00bb hide_prev_next_buttons=\u00a0\u00bbyes\u00a0\u00bb]<hr class=\"vertical-space2\">[\/vc_column_inner][vc_column_inner width=\u00a0\u00bb1\/6&Prime;][\/vc_column_inner][\/vc_row_inner][vc_row_inner][vc_column_inner width=\u00a0\u00bb1\/6&Prime;][\/vc_column_inner][vc_column_inner width=\u00a0\u00bb1\/6&Prime;][vc_column_text]\n<ul>\n<li>Balcon avec vue lat\u00e9ral sur la mer<\/li>\n<li>Mobilier d&rsquo;ext\u00e9rieur<\/li>\n<li>Smart tv ultra hd 4k<\/li>\n<li>Netflix<\/li>\n<li>Coffre-fort<\/li>\n<\/ul>\n[\/vc_column_text][\/vc_column_inner][vc_column_inner width=\u00a0\u00bb1\/6&Prime;][vc_column_text]\n<ul>\n<li>Climatisation<\/li>\n<li>Bureau<\/li>\n<li>Insonorisation<\/li>\n<li>Parquet<\/li>\n<li>Garde-robe<\/li>\n<\/ul>\n[\/vc_column_text][\/vc_column_inner][vc_column_inner width=\u00a0\u00bb1\/6&Prime;][vc_column_text]\n<ul>\n<li>Solutions hypoallerg\u00e9niques<\/li>\n<li>Cabine de douche \u00e0 deux places \u00e0 hydromassage<\/li>\n<li>Chromoth\u00e9rapie<\/li>\n<li>Phon<\/li>\n<li>Wc<\/li>\n<\/ul>\n[\/vc_column_text][\/vc_column_inner][vc_column_inner width=\u00a0\u00bb1\/6&Prime;][vc_column_text]\n<ul>\n<li>Bidet<\/li>\n<li>Mini-bar<\/li>\n<li>Serviettes \/ Linge de maison<\/li>\n<li>Kit de courtoisie<\/li>\n<li>Carte magn\u00e9tique<\/li>\n<li>Parking priv\u00e9<\/li>\n<\/ul>\n[\/vc_column_text][\/vc_column_inner][vc_column_inner width=\u00a0\u00bb1\/6&Prime;][\/vc_column_inner][\/vc_row_inner]<hr class=\"vertical-space5\">[vc_separator][\/vc_column][\/vc_row]\n<\/div>","protected":false},"excerpt":{"rendered":"<p>[vc_row row_type=\u00a0\u00bb2&Prime; blox_bgcolor=\u00a0\u00bb#ffffff\u00a0\u00bb][vc_column css=\u00a0\u00bb.vc_custom_1474103981862{margin-bottom: 4px !important;}\u00a0\u00bb][vc_row_inner][vc_column_inner width=\u00a0\u00bb1\/6&Prime;][\/vc_column_inner][vc_column_inner width=\u00a0\u00bb2\/3&Prime;][vc_images_carousel images=\u00a0\u00bb14802,14807,14812,14817,14822,14827,14832,14837&Prime; img_size=\u00a0\u00bbfull\u00a0\u00bb mode=\u00a0\u00bbvertical\u00a0\u00bb autoplay=\u00a0\u00bbyes\u00a0\u00bb hide_prev_next_buttons=\u00a0\u00bbyes\u00a0\u00bb][\/vc_column_inner][vc_column_inner width=\u00a0\u00bb1\/6&Prime;][\/vc_column_inner][\/vc_row_inner][vc_row_inner][vc_column_inner width=\u00a0\u00bb1\/6&Prime;][\/vc_column_inner][vc_column_inner width=\u00a0\u00bb1\/6&Prime;][vc_column_text] Balcon avec vue lat\u00e9ral sur la mer Mobilier d&rsquo;ext\u00e9rieur Smart tv ultra hd 4k Netflix Coffre-fort [\/vc_column_text][\/vc_column_inner][vc_column_inner width=\u00a0\u00bb1\/6&Prime;][vc_column_text] Climatisation Bureau Insonorisation Parquet Garde-robe [\/vc_column_text][\/vc_column_inner][vc_column_inner width=\u00a0\u00bb1\/6&Prime;][vc_column_text] Solutions hypoallerg\u00e9niques Cabine de douche \u00e0 deux places \u00e0 hydromassage Chromoth\u00e9rapie Phon Wc [\/vc_column_text][\/vc_column_inner][vc_column_inner width=\u00a0\u00bb1\/6&Prime;][vc_column_text] Bidet Mini-bar Serviettes \/ Linge de maison Kit de courtoisie Carte magn\u00e9tique Parking priv\u00e9 [\/vc_column_text][\/vc_column_inner][vc_column_inner width=\u00a0\u00bb1\/6&Prime;][\/vc_column_inner][\/vc_row_inner][vc_separator][\/vc_column][\/vc_row]<\/p>\n","protected":false},"author":1,"featured_media":0,"parent":0,"menu_order":0,"comment_status":"closed","ping_status":"closed","template":"","meta":{"footnotes":""},"class_list":["post-14222","page","type-page","status-publish","hentry"],"_links":{"self":[{"href":"https:\/\/www.starryskyalghero.com\/fr\/wp-json\/wp\/v2\/pages\/14222","targetHints":{"allow":["GET"]}}],"collection":[{"href":"https:\/\/www.starryskyalghero.com\/fr\/wp-json\/wp\/v2\/pages"}],"about":[{"href":"https:\/\/www.starryskyalghero.com\/fr\/wp-json\/wp\/v2\/types\/page"}],"author":[{"embeddable":true,"href":"https:\/\/www.starryskyalghero.com\/fr\/wp-json\/wp\/v2\/users\/1"}],"replies":[{"embeddable":true,"href":"https:\/\/www.starryskyalghero.com\/fr\/wp-json\/wp\/v2\/comments?post=14222"}],"version-history":[{"count":7,"href":"https:\/\/www.starryskyalghero.com\/fr\/wp-json\/wp\/v2\/pages\/14222\/revisions"}],"predecessor-version":[{"id":14962,"href":"https:\/\/www.starryskyalghero.com\/fr\/wp-json\/wp\/v2\/pages\/14222\/revisions\/14962"}],"wp:attachment":[{"href":"https:\/\/www.starryskyalghero.com\/fr\/wp-json\/wp\/v2\/media?parent=14222"}],"curies":[{"name":"wp","href":"https:\/\/api.w.org\/{rel}","templated":true}]}}