{"id":14217,"date":"2017-08-04T16:31:00","date_gmt":"2017-08-04T14:31:00","guid":{"rendered":"https:\/\/www.starryskyalghero.com\/panoramic-room\/"},"modified":"2024-08-27T10:12:26","modified_gmt":"2024-08-27T08:12:26","slug":"panoramic-room","status":"publish","type":"page","link":"https:\/\/www.starryskyalghero.com\/fr\/panoramic-room\/","title":{"rendered":"Panoramic Room"},"content":{"rendered":"<div class=\"wpb-content-wrapper\">[vc_row row_type=\u00a0\u00bb2&Prime; blox_bgcolor=\u00a0\u00bb#ffffff\u00a0\u00bb][vc_column css=\u00a0\u00bb.vc_custom_1474103981862{margin-bottom: 4px !important;}\u00a0\u00bb]<hr class=\"vertical-space5\">[vc_row_inner][vc_column_inner width=\u00a0\u00bb1\/6&Prime;][\/vc_column_inner][vc_column_inner width=\u00a0\u00bb2\/3&Prime;]<article class=\"title-plus-text type-1 center \" style=\"text-align:center\" ><h3 style=\"color:#73736b\">Starry Sky Charming House<\/h3><h2 class=\"part-1\" style=\"color:#31312c\">Panoramic<\/h2><h2 class=\"part-2\" style=\"color:#530a59\">Room<\/h2><p>Chambre double\/matrimoniale spacieuse et raffin\u00e9e, \u00e9quip\u00e9e d'un balcon duquel vous pouvez appr\u00e9cier une vue extraordinaire sur le golfe d'Alghero.<\/p>\n<p>La chambre Panoramique vous accueille dans un d\u00e9cor choisi avec le plus grand soin, son confort unique et aussi avec les \u00e9quipements technologiques les plus r\u00e9cents.<\/p>\n<p>La chambre jouit d\u2019une spacieuse salle de bains priv\u00e9e avec une baignoire hydromassante pour vous garantir la plus grande d\u00e9tente.<\/p><\/article><hr class=\"vertical-space2\">[vc_images_carousel images=\u00a0\u00bb14743,14738,14733,14728,14723,14718,14698,14713,14708,14703&Prime; img_size=\u00a0\u00bbfull\u00a0\u00bb mode=\u00a0\u00bbvertical\u00a0\u00bb autoplay=\u00a0\u00bbyes\u00a0\u00bb]<hr class=\"vertical-space2\">[\/vc_column_inner][vc_column_inner width=\u00a0\u00bb1\/6&Prime;][\/vc_column_inner][\/vc_row_inner][vc_row_inner][vc_column_inner width=\u00a0\u00bb1\/6&Prime;][\/vc_column_inner][vc_column_inner width=\u00a0\u00bb1\/6&Prime;][vc_column_text]\n<ul>\n<li>Balcon avec vue sur la mer<\/li>\n<li>Mobilier d&rsquo;ext\u00e9rieur<\/li>\n<li>Smart tv ultra hd 4k<\/li>\n<li>Netflix<\/li>\n<li>Coffre-Fort<\/li>\n<li>Climatisation<\/li>\n<\/ul>\n[\/vc_column_text][\/vc_column_inner][vc_column_inner width=\u00a0\u00bb1\/6&Prime;][vc_column_text]\n<ul>\n<li>Bureau<\/li>\n<li>Insonorisation<\/li>\n<li>Parquet<\/li>\n<li>Garde-robe<\/li>\n<li>Solutions hypoallerg\u00e9niques<\/li>\n<\/ul>\n[\/vc_column_text][\/vc_column_inner][vc_column_inner width=\u00a0\u00bb1\/6&Prime;][vc_column_text]\n<ul>\n<li>Cabine de douche \u00e0 deux places \u00e0 hydromassage<\/li>\n<li>Chromoth\u00e9rapie<\/li>\n<li>Phon<\/li>\n<li>Wc<\/li>\n<li>Bidet<\/li>\n<\/ul>\n[\/vc_column_text][\/vc_column_inner][vc_column_inner width=\u00a0\u00bb1\/6&Prime;][vc_column_text]\n<ul>\n<li>R\u00e9frig\u00e9rateur<\/li>\n<li>Serviettes \/ Linge de maison<\/li>\n<li>Kit de courtoisie<\/li>\n<li>Carte magn\u00e9tique<\/li>\n<li>Parking priv\u00e9<\/li>\n<\/ul>\n[\/vc_column_text][\/vc_column_inner][vc_column_inner width=\u00a0\u00bb1\/6&Prime;][\/vc_column_inner][\/vc_row_inner]<hr class=\"vertical-space5\">[vc_separator][\/vc_column][\/vc_row]\n<\/div>","protected":false},"excerpt":{"rendered":"<p>[vc_row row_type=\u00a0\u00bb2&Prime; blox_bgcolor=\u00a0\u00bb#ffffff\u00a0\u00bb][vc_column css=\u00a0\u00bb.vc_custom_1474103981862{margin-bottom: 4px !important;}\u00a0\u00bb][vc_row_inner][vc_column_inner width=\u00a0\u00bb1\/6&Prime;][\/vc_column_inner][vc_column_inner width=\u00a0\u00bb2\/3&Prime;][vc_images_carousel images=\u00a0\u00bb14743,14738,14733,14728,14723,14718,14698,14713,14708,14703&Prime; img_size=\u00a0\u00bbfull\u00a0\u00bb mode=\u00a0\u00bbvertical\u00a0\u00bb autoplay=\u00a0\u00bbyes\u00a0\u00bb][\/vc_column_inner][vc_column_inner width=\u00a0\u00bb1\/6&Prime;][\/vc_column_inner][\/vc_row_inner][vc_row_inner][vc_column_inner width=\u00a0\u00bb1\/6&Prime;][\/vc_column_inner][vc_column_inner width=\u00a0\u00bb1\/6&Prime;][vc_column_text] Balcon avec vue sur la mer Mobilier d&rsquo;ext\u00e9rieur Smart tv ultra hd 4k Netflix Coffre-Fort Climatisation [\/vc_column_text][\/vc_column_inner][vc_column_inner width=\u00a0\u00bb1\/6&Prime;][vc_column_text] Bureau Insonorisation Parquet Garde-robe Solutions hypoallerg\u00e9niques [\/vc_column_text][\/vc_column_inner][vc_column_inner width=\u00a0\u00bb1\/6&Prime;][vc_column_text] Cabine de douche \u00e0 deux places \u00e0 hydromassage Chromoth\u00e9rapie Phon Wc Bidet [\/vc_column_text][\/vc_column_inner][vc_column_inner width=\u00a0\u00bb1\/6&Prime;][vc_column_text] R\u00e9frig\u00e9rateur Serviettes \/ Linge de maison Kit de courtoisie Carte magn\u00e9tique Parking priv\u00e9 [\/vc_column_text][\/vc_column_inner][vc_column_inner width=\u00a0\u00bb1\/6&Prime;][\/vc_column_inner][\/vc_row_inner][vc_separator][\/vc_column][\/vc_row]<\/p>\n","protected":false},"author":1,"featured_media":0,"parent":0,"menu_order":0,"comment_status":"closed","ping_status":"closed","template":"","meta":{"footnotes":""},"class_list":["post-14217","page","type-page","status-publish","hentry"],"_links":{"self":[{"href":"https:\/\/www.starryskyalghero.com\/fr\/wp-json\/wp\/v2\/pages\/14217","targetHints":{"allow":["GET"]}}],"collection":[{"href":"https:\/\/www.starryskyalghero.com\/fr\/wp-json\/wp\/v2\/pages"}],"about":[{"href":"https:\/\/www.starryskyalghero.com\/fr\/wp-json\/wp\/v2\/types\/page"}],"author":[{"embeddable":true,"href":"https:\/\/www.starryskyalghero.com\/fr\/wp-json\/wp\/v2\/users\/1"}],"replies":[{"embeddable":true,"href":"https:\/\/www.starryskyalghero.com\/fr\/wp-json\/wp\/v2\/comments?post=14217"}],"version-history":[{"count":5,"href":"https:\/\/www.starryskyalghero.com\/fr\/wp-json\/wp\/v2\/pages\/14217\/revisions"}],"predecessor-version":[{"id":15006,"href":"https:\/\/www.starryskyalghero.com\/fr\/wp-json\/wp\/v2\/pages\/14217\/revisions\/15006"}],"wp:attachment":[{"href":"https:\/\/www.starryskyalghero.com\/fr\/wp-json\/wp\/v2\/media?parent=14217"}],"curies":[{"name":"wp","href":"https:\/\/api.w.org\/{rel}","templated":true}]}}