{"id":14202,"date":"2017-08-04T17:33:36","date_gmt":"2017-08-04T15:33:36","guid":{"rendered":"https:\/\/www.starryskyalghero.com\/camere\/"},"modified":"2021-01-27T12:12:43","modified_gmt":"2021-01-27T11:12:43","slug":"chambres","status":"publish","type":"page","link":"https:\/\/www.starryskyalghero.com\/fr\/chambres\/","title":{"rendered":"Chambres"},"content":{"rendered":"<div class=\"wpb-content-wrapper\">[vc_row row_type=\u00a0\u00bb2&Prime; blox_bgcolor=\u00a0\u00bb#ffffff\u00a0\u00bb][vc_column css=\u00a0\u00bb.vc_custom_1474103981862{margin-bottom: 4px !important;}\u00a0\u00bb]<hr class=\"vertical-space5\">[vc_row_inner][vc_column_inner width=\u00a0\u00bb1\/6&Prime;][\/vc_column_inner][vc_column_inner width=\u00a0\u00bb2\/3&Prime;]<article class=\"title-plus-text type-1 center \" style=\"text-align:center\" ><h3 style=\"color:#73736b\">Starry Sky Charming House<\/h3><h2 class=\"part-1\" style=\"color:#31312c\">Nos<\/h2><h2 class=\"part-2\" style=\"color:#530a59\">Chambres<\/h2><p>La Starry Sky Charming House est un lieu de s\u00e9jour id\u00e9al pour ceux qui sont \u00e0 la recherche d'une formule Guest House sans faire le deuil du confort et des services d\u2019une qualit\u00e9 sup\u00e9rieure: dispose de 5 chambres privatives dans laquelle on peut s'octroyer une pause et se d\u00e9tendre en b\u00e9n\u00e9ficiant de la vue \u00e9blouissante du golfe, des vieux remparts de la ville et du majestueux promontoire de Capo Caccia. <\/p><\/article>[\/vc_column_inner][vc_column_inner width=\u00a0\u00bb1\/6&Prime;][\/vc_column_inner][\/vc_row_inner]<hr class=\"vertical-space2\">[vc_images_carousel images=\u00a0\u00bb13841,13844,13843,13845,13846&Prime; img_size=\u00a0\u00bbfull\u00a0\u00bb mode=\u00a0\u00bbvertical\u00a0\u00bb autoplay=\u00a0\u00bbyes\u00a0\u00bb hide_prev_next_buttons=\u00a0\u00bbyes\u00a0\u00bb]<hr class=\"vertical-space5\">[vc_separator][\/vc_column][\/vc_row]\n<\/div>","protected":false},"excerpt":{"rendered":"<p>[vc_row row_type=\u00a0\u00bb2&Prime; blox_bgcolor=\u00a0\u00bb#ffffff\u00a0\u00bb][vc_column css=\u00a0\u00bb.vc_custom_1474103981862{margin-bottom: 4px !important;}\u00a0\u00bb][vc_row_inner][vc_column_inner width=\u00a0\u00bb1\/6&Prime;][\/vc_column_inner][vc_column_inner width=\u00a0\u00bb2\/3&Prime;][\/vc_column_inner][vc_column_inner width=\u00a0\u00bb1\/6&Prime;][\/vc_column_inner][\/vc_row_inner][vc_images_carousel images=\u00a0\u00bb13841,13844,13843,13845,13846&Prime; img_size=\u00a0\u00bbfull\u00a0\u00bb mode=\u00a0\u00bbvertical\u00a0\u00bb autoplay=\u00a0\u00bbyes\u00a0\u00bb hide_prev_next_buttons=\u00a0\u00bbyes\u00a0\u00bb][vc_separator][\/vc_column][\/vc_row]<\/p>\n","protected":false},"author":1,"featured_media":0,"parent":0,"menu_order":0,"comment_status":"closed","ping_status":"closed","template":"","meta":{"footnotes":""},"class_list":["post-14202","page","type-page","status-publish","hentry"],"_links":{"self":[{"href":"https:\/\/www.starryskyalghero.com\/fr\/wp-json\/wp\/v2\/pages\/14202","targetHints":{"allow":["GET"]}}],"collection":[{"href":"https:\/\/www.starryskyalghero.com\/fr\/wp-json\/wp\/v2\/pages"}],"about":[{"href":"https:\/\/www.starryskyalghero.com\/fr\/wp-json\/wp\/v2\/types\/page"}],"author":[{"embeddable":true,"href":"https:\/\/www.starryskyalghero.com\/fr\/wp-json\/wp\/v2\/users\/1"}],"replies":[{"embeddable":true,"href":"https:\/\/www.starryskyalghero.com\/fr\/wp-json\/wp\/v2\/comments?post=14202"}],"version-history":[{"count":3,"href":"https:\/\/www.starryskyalghero.com\/fr\/wp-json\/wp\/v2\/pages\/14202\/revisions"}],"predecessor-version":[{"id":14571,"href":"https:\/\/www.starryskyalghero.com\/fr\/wp-json\/wp\/v2\/pages\/14202\/revisions\/14571"}],"wp:attachment":[{"href":"https:\/\/www.starryskyalghero.com\/fr\/wp-json\/wp\/v2\/media?parent=14202"}],"curies":[{"name":"wp","href":"https:\/\/api.w.org\/{rel}","templated":true}]}}