{"id":14384,"date":"2019-04-30T15:47:37","date_gmt":"2019-04-30T13:47:37","guid":{"rendered":"https:\/\/www.starryskyalghero.com\/dream-suite\/"},"modified":"2024-03-08T17:26:27","modified_gmt":"2024-03-08T16:26:27","slug":"dream-suite","status":"publish","type":"page","link":"https:\/\/www.starryskyalghero.com\/es\/dream-suite\/","title":{"rendered":"Dream Suite"},"content":{"rendered":"<div class=\"wpb-content-wrapper\">[vc_row row_type=\u00bb2&#8243; blox_bgcolor=\u00bb#ffffff\u00bb][vc_column css=\u00bb.vc_custom_1474103981862{margin-bottom: 4px !important;}\u00bb]<hr class=\"vertical-space5\">[vc_row_inner][vc_column_inner width=\u00bb1\/6&#8243;][\/vc_column_inner][vc_column_inner width=\u00bb2\/3&#8243;]<article class=\"title-plus-text type-1 center \" style=\"text-align:center\" ><h3 style=\"color:#73736b\">Starry Sky Charming House<\/h3><h2 class=\"part-1\" style=\"color:#31312c\">Dream<\/h2><h2 class=\"part-2\" style=\"color:#530a59\">Suite<\/h2><p>Nuestro buque insignia, la Dream Suite.<br \/>\nUna habitaci\u00f3n que representa todo el confort, la elegancia y el refinamiento de sus vacaciones en la ciudad.<br \/>\nDream Suite da la bienvenida a sus hu\u00e9spedes con muebles finamente amueblados, comodidades exclusivas y lo \u00faltimo en equipamiento tecnol\u00f3gico. Las opciones de color, los finos acabados y la espectacular vista del Golfo de Alghero le brindar\u00e1n una atm\u00f3sfera de ensue\u00f1o.<br \/>\nPara garantizar una estancia en Alghero en nombre de la relajaci\u00f3n absoluta, la habitaci\u00f3n tiene una ba\u00f1era de hidromasaje doble Jacuzzi\u00ae y una cabina de ducha Jacuzzi\u00ae Frame 120, un verdadero spa diario con ba\u00f1o turco y programas de bienestar personalizables.<\/p><\/article><hr class=\"vertical-space2\">[vc_images_carousel images=\u00bb14884,14889,14894,14899,14904,14909,14914&#8243; img_size=\u00bbfull\u00bb mode=\u00bbvertical\u00bb autoplay=\u00bbyes\u00bb hide_prev_next_buttons=\u00bbyes\u00bb]<hr class=\"vertical-space2\">[\/vc_column_inner][vc_column_inner width=\u00bb1\/6&#8243;][\/vc_column_inner][\/vc_row_inner][vc_row_inner][vc_column_inner width=\u00bb1\/6&#8243;][\/vc_column_inner][vc_column_inner width=\u00bb1\/6&#8243;][vc_column_text]\n<ul>\n<li>Vistas al mar<\/li>\n<li>Balc\u00f3n<\/li>\n<li>Muebles de exterior<\/li>\n<li>Smart tv ultra hd 4k ambilight<\/li>\n<li>Netflix<\/li>\n<li>Seguro<\/li>\n<li>Aire Acondicionado<\/li>\n<\/ul>\n[\/vc_column_text][\/vc_column_inner][vc_column_inner width=\u00bb1\/6&#8243;][vc_column_text]\n<ul>\n<li>Escritorio<\/li>\n<li>Insonorizaci\u00f3n<\/li>\n<li>Parquet<\/li>\n<li>Armario<\/li>\n<li>Soluciones an\u00e9rgicas<\/li>\n<li>Jacuzzi\u00ae Double<\/li>\n<li>Cabina de ducha Jacuzzi\u00ae Frame 120 con ba\u00f1o turco y programas de bienestar personalizables.<\/li>\n<\/ul>\n[\/vc_column_text][\/vc_column_inner][vc_column_inner width=\u00bb1\/6&#8243;][vc_column_text]\n<ul>\n<li>Terapia del color<\/li>\n<li>Secadora de pelo<\/li>\n<li>WC<\/li>\n<li>Bid\u00e9<\/li>\n<li>Minibar<\/li>\n<\/ul>\n[\/vc_column_text][\/vc_column_inner][vc_column_inner width=\u00bb1\/6&#8243;][vc_column_text]\n<ul>\n<li>Toallas y s\u00e1banas<\/li>\n<li>Kit de cortes\u00eda<\/li>\n<li>Cocina<\/li>\n<li>Aparcamiento privado<\/li>\n<\/ul>\n[\/vc_column_text][\/vc_column_inner][vc_column_inner width=\u00bb1\/6&#8243;][\/vc_column_inner][\/vc_row_inner]<hr class=\"vertical-space5\">[vc_separator][\/vc_column][\/vc_row]\n<\/div>","protected":false},"excerpt":{"rendered":"<p>[vc_row row_type=\u00bb2&#8243; blox_bgcolor=\u00bb#ffffff\u00bb][vc_column css=\u00bb.vc_custom_1474103981862{margin-bottom: 4px !important;}\u00bb][vc_row_inner][vc_column_inner width=\u00bb1\/6&#8243;][\/vc_column_inner][vc_column_inner width=\u00bb2\/3&#8243;][vc_images_carousel images=\u00bb14884,14889,14894,14899,14904,14909,14914&#8243; img_size=\u00bbfull\u00bb mode=\u00bbvertical\u00bb autoplay=\u00bbyes\u00bb hide_prev_next_buttons=\u00bbyes\u00bb][\/vc_column_inner][vc_column_inner width=\u00bb1\/6&#8243;][\/vc_column_inner][\/vc_row_inner][vc_row_inner][vc_column_inner width=\u00bb1\/6&#8243;][\/vc_column_inner][vc_column_inner width=\u00bb1\/6&#8243;][vc_column_text] Vistas al mar Balc\u00f3n Muebles de exterior Smart tv ultra hd 4k ambilight Netflix Seguro Aire Acondicionado [\/vc_column_text][\/vc_column_inner][vc_column_inner width=\u00bb1\/6&#8243;][vc_column_text] Escritorio Insonorizaci\u00f3n Parquet Armario Soluciones an\u00e9rgicas Jacuzzi\u00ae Double Cabina de ducha Jacuzzi\u00ae Frame 120 con ba\u00f1o turco y programas de bienestar personalizables. [\/vc_column_text][\/vc_column_inner][vc_column_inner width=\u00bb1\/6&#8243;][vc_column_text] Terapia del color Secadora de pelo WC Bid\u00e9 Minibar [\/vc_column_text][\/vc_column_inner][vc_column_inner width=\u00bb1\/6&#8243;][vc_column_text] Toallas y s\u00e1banas Kit de cortes\u00eda Cocina Aparcamiento privado [\/vc_column_text][\/vc_column_inner][vc_column_inner width=\u00bb1\/6&#8243;][\/vc_column_inner][\/vc_row_inner][vc_separator][\/vc_column][\/vc_row]<\/p>\n","protected":false},"author":1,"featured_media":0,"parent":0,"menu_order":0,"comment_status":"closed","ping_status":"closed","template":"","meta":{"footnotes":""},"class_list":["post-14384","page","type-page","status-publish","hentry"],"_links":{"self":[{"href":"https:\/\/www.starryskyalghero.com\/es\/wp-json\/wp\/v2\/pages\/14384","targetHints":{"allow":["GET"]}}],"collection":[{"href":"https:\/\/www.starryskyalghero.com\/es\/wp-json\/wp\/v2\/pages"}],"about":[{"href":"https:\/\/www.starryskyalghero.com\/es\/wp-json\/wp\/v2\/types\/page"}],"author":[{"embeddable":true,"href":"https:\/\/www.starryskyalghero.com\/es\/wp-json\/wp\/v2\/users\/1"}],"replies":[{"embeddable":true,"href":"https:\/\/www.starryskyalghero.com\/es\/wp-json\/wp\/v2\/comments?post=14384"}],"version-history":[{"count":4,"href":"https:\/\/www.starryskyalghero.com\/es\/wp-json\/wp\/v2\/pages\/14384\/revisions"}],"predecessor-version":[{"id":15000,"href":"https:\/\/www.starryskyalghero.com\/es\/wp-json\/wp\/v2\/pages\/14384\/revisions\/15000"}],"wp:attachment":[{"href":"https:\/\/www.starryskyalghero.com\/es\/wp-json\/wp\/v2\/media?parent=14384"}],"curies":[{"name":"wp","href":"https:\/\/api.w.org\/{rel}","templated":true}]}}