{"id":14167,"date":"2016-09-17T08:30:45","date_gmt":"2016-09-17T08:30:45","guid":{"rendered":"https:\/\/www.starryskyalghero.com\/home\/"},"modified":"2024-03-06T18:54:34","modified_gmt":"2024-03-06T17:54:34","slug":"home","status":"publish","type":"page","link":"https:\/\/www.starryskyalghero.com\/es\/","title":{"rendered":"Home"},"content":{"rendered":"<div class=\"wpb-content-wrapper\">[vc_row row_type=\u00bb1&#8243;][vc_column][rev_slider_vc alias=\u00bbhome-rev-slider01&#8243;][\/vc_column][\/vc_row][vc_row row_type=\u00bb2&#8243; blox_bgcolor=\u00bb#f2f2f2&#8243;][vc_column]<hr class=\"vertical-space2\"><hr class=\"vertical-space5\">[\/vc_column][\/vc_row][vc_row row_type=\u00bb2&#8243; blox_padding_top=\u00bb10&#8243; blox_bgcolor=\u00bb#f2f2f2&#8243;][vc_column width=\u00bb1\/4&#8243;][vc_column_text el_class=\u00bbabout-home2&#8243;]\n<div style=\"background: #21072a; padding: 20% 23px 20%;\">\n<h4 style=\"color: #fff; font-size: 14px; font-family: 'Playfair Display'; font-style: italic;\">Charming House<\/h4>\n<h3 style=\"font-size: 33px; color: #fff;\"><strong>Starry Sky<\/strong><\/h3>\n<h4 style=\"font-size: 16px; font-weight: 500; color: #b97ebb; margin-top: 20px; padding-top: 20px; border-top: 1px solid #50485b;\">Est\u00e1s buscando una alternativa a los hoteles en el centro de la ciudad?<\/h4>\n<p style=\"color: #eee; font-weight: 300; font-size: 14px;\">La Starry Sky Charming House<br \/>\nes la respuesta perfecta<br \/>\npara qui\u00e9nes buscan la comodidad<br \/>\nde la f\u00f3rmula GuestHouse<br \/>\nsin renunciar al confort,<br \/>\na los servicios y dotaciones<br \/>\nde alta calidad<\/p>\n<p><a class=\"button gold square large\" href=\"https:\/\/www.starryskyalghero.com\/camere\" target=\"_self\" rel=\"noopener noreferrer\">M\u00e1s informaci\u00f3n<\/a><\/p>\n<\/div>\n[\/vc_column_text]<hr class=\"vertical-space5\"><hr class=\"vertical-space5\">[\/vc_column][vc_column width=\u00bb3\/4&#8243;]\r\n\t\t\t<div class=\"clearfix\">\r\n\t\t\t\t<div class=\"container\">\r\n\t\t\t\t\t<div class=\"w-image-carousel owl-carousel owl-theme\" data-items=\"3\" >\r\n\t\t\t\t\t\t\t<div class=\"services-carousel\">\r\n\t\t\t\t\t\t\t\t<img decoding=\"async\" src=\"https:\/\/www.starryskyalghero.com\/wp-content\/uploads\/2016\/09\/0000_07-starry-sky-vacanza-ad-alghero.jpg\">\r\n\t\t\t\t\t\t\t<\/div>\r\n\t\t\t\t\t\t\t<div class=\"services-carousel\">\r\n\t\t\t\t\t\t\t\t<img decoding=\"async\" src=\"https:\/\/www.starryskyalghero.com\/wp-content\/uploads\/2016\/09\/0001_06-starry-sky-vacanza-ad-alghero.jpg\">\r\n\t\t\t\t\t\t\t<\/div>\r\n\t\t\t\t\t\t\t<div class=\"services-carousel\">\r\n\t\t\t\t\t\t\t\t<img decoding=\"async\" src=\"https:\/\/www.starryskyalghero.com\/wp-content\/uploads\/2016\/09\/0002_05-starry-sky-vacanza-ad-alghero.jpg\">\r\n\t\t\t\t\t\t\t<\/div>\r\n\t\t\t\t\t\t\t<div class=\"services-carousel\">\r\n\t\t\t\t\t\t\t\t<img decoding=\"async\" src=\"https:\/\/www.starryskyalghero.com\/wp-content\/uploads\/2016\/09\/0003_04-starry-sky-vacanza-ad-alghero.jpg\">\r\n\t\t\t\t\t\t\t<\/div>\r\n\t\t\t\t\t\t\t<div class=\"services-carousel\">\r\n\t\t\t\t\t\t\t\t<img decoding=\"async\" src=\"https:\/\/www.starryskyalghero.com\/wp-content\/uploads\/2016\/09\/0004_03-starry-sky-vacanza-ad-alghero.jpg\">\r\n\t\t\t\t\t\t\t<\/div>\r\n\t\t\t\t\t\t\t<div class=\"services-carousel\">\r\n\t\t\t\t\t\t\t\t<img decoding=\"async\" src=\"https:\/\/www.starryskyalghero.com\/wp-content\/uploads\/2016\/09\/0005_02-starry-sky-vacanza-ad-alghero.jpg\">\r\n\t\t\t\t\t\t\t<\/div>\r\n\t\t\t\t\t\t\t<div class=\"services-carousel\">\r\n\t\t\t\t\t\t\t\t<img decoding=\"async\" src=\"https:\/\/www.starryskyalghero.com\/wp-content\/uploads\/2016\/09\/0006_01-starry-sky-vacanza-ad-alghero.jpg\">\r\n\t\t\t\t\t\t\t<\/div>\r\n\t\t\t\t\t<\/div>\r\n\t\t\t\t<\/div>\r\n\t\t\t<\/div><hr class=\"vertical-space5\"><hr class=\"vertical-space5\">[\/vc_column][\/vc_row][vc_row row_type=\u00bb2&#8243; blox_bgcolor=\u00bb#f2f2f2&#8243;][vc_column]<hr class=\"vertical-space3\"><article class=\"title-plus-text type-1 center \" style=\"text-align:center\" ><h3 style=\"color:#888888\">Descubre tu Starry Sky<\/h3><h2 class=\"part-1\" style=\"color:#000000\">Charming<\/h2><h2 class=\"part-2\" style=\"color:#530a59\">House<\/h2><p>La Starry Sky Charming House se propone como finalidad satisfacer las peticiones<br \/>\nde todos los viajeros incluyendo los m\u00e1s so\u00f1adores. De hecho, ofrecemos habitaciones modernas y luminosas,<br \/>\ndecoraciones distinguidas y un techo especial formado por peque\u00f1as estrellas<br \/>\ncentelleantes a fin de traer un fragmento del cielo en cada cuarto.<\/p><\/article><hr class=\"vertical-space3\">[\/vc_column][\/vc_row][vc_row row_type=\u00bb3&#8243;][vc_column][rev_slider_vc alias=\u00bbhome-slider2&#8243;][\/vc_column][\/vc_row][vc_row row_type=\u00bb2&#8243; blox_bgcolor=\u00bb#f2f2f2&#8243;][vc_column]<hr class=\"vertical-space5\"><hr class=\"vertical-space3\"><article class=\"title-plus-text type-1 center \" style=\"text-align:center\" ><h3 style=\"color:#888888\">Descubre tu Starry Sky<\/h3><h2 class=\"part-1\" style=\"color:#000000\">Habitaciones &amp;<\/h2><h2 class=\"part-2\" style=\"color:#530a59\">Suites<\/h2><p>Disponemos de cinco habitaciones exclusivas donde regalarse<br \/>\nunos istantes de descanso y tranquilidad aprovechando la incre\u00edble vista del golfo,<br \/>\nde la antigua muralla y del imponente promontorio de Capo Caccia.<\/p><\/article>[\/vc_column][\/vc_row][vc_row row_type=\u00bb2&#8243; blox_bgcolor=\u00bb#f2f2f2&#8243;][vc_column width=\u00bb1\/3&#8243;]<hr class=\"vertical-space3\">\r\n\t\t\t<div class=\"suite-toggle\" style=\"background-color:#090c13\" >\r\n\t\t\t\t<div class=\"main-content\">\r\n\t\t\t\t\t<h3>PANORAMIC ROOM<br \/>\nDesde Euro 100 por noche<\/h3>\r\n\t\t\t\t\t<div class=\"service-icon\">\r\n\t\t\t\t\t\t<i class=\"none\"><\/i>\r\n\t\t\t\t\t<\/div>\r\n\t\t\t\t<\/div>\r\n\t\t\t\t<div class=\"toggle-content\">\r\n\t\t\t\t\t<div class=\"extra-content\"><p>Balc\u00f3n con vistas al mar<br \/>\nMuebles de exterior<br \/>\nSmart tv ultra hd 4k 49 ``<br \/>\nNetflix<br \/>\ncaja de seguridad<br \/>\nAire Acondicionado<br \/>\nescritorio<br \/>\ninsonorizaci\u00f3n<br \/>\nparquet<br \/>\nArmario \/ armario<br \/>\nSoluciones an\u00e9rgicas<br \/>\nJacuzzi<br \/>\nDucha de cristal<br \/>\nTerapia del color<br \/>\nsecadora de pelo<br \/>\nwc<br \/>\nbid\u00e9<br \/>\nminibar<br \/>\nToallas \/ s\u00e1banas<br \/>\nKit de cortes\u00eda<br \/>\nEntrada de tarjeta magn\u00e9tica<\/p>\n <\/div>\r\n\t\t\t\t\t<span><i class=\"ti-plus\" style=\"color:#090c13\"><\/i><\/span>\r\n\t\t\t\t<\/div>\r\n\t\t\t<\/div>\r\n\t\t<hr class=\"vertical-space2\">[\/vc_column][vc_column width=\u00bb1\/3&#8243;]<hr class=\"vertical-space3\">\r\n\t\t\t<div class=\"suite-toggle\" style=\"background-color:#21072a\" >\r\n\t\t\t\t<div class=\"main-content\">\r\n\t\t\t\t\t<h3>DELUXE ROOM<br \/>\nDesde 80 Euro por noche<\/h3>\r\n\t\t\t\t\t<div class=\"service-icon\">\r\n\t\t\t\t\t\t<i class=\"none\"><\/i>\r\n\t\t\t\t\t<\/div>\r\n\t\t\t\t<\/div>\r\n\t\t\t\t<div class=\"toggle-content\">\r\n\t\t\t\t\t<div class=\"extra-content\"><p>Balc\u00f3n con vistas al mar<br \/>\nMuebles de exterior<br \/>\nSmart tv ultra hd 4k 49 ``<br \/>\nNetflix<br \/>\ncaja de seguridad<br \/>\nAire Acondicionado<br \/>\nescritorio<br \/>\ninsonorizaci\u00f3n<br \/>\nparquet<br \/>\nArmario \/ armario<br \/>\nSoluciones an\u00e9rgicas<br \/>\nCabina de hidromasaje de dos plazas<br \/>\nTerapia del color<br \/>\nsecadora de pelo<br \/>\nwc<br \/>\nbid\u00e9<br \/>\nminibar<br \/>\nToallas \/ s\u00e1banas<br \/>\nKit de cortes\u00eda<br \/>\nEntrada de tarjeta magn\u00e9tica<\/p>\n <\/div>\r\n\t\t\t\t\t<span><i class=\"ti-plus\" style=\"color:#21072a\"><\/i><\/span>\r\n\t\t\t\t<\/div>\r\n\t\t\t<\/div>\r\n\t\t<hr class=\"vertical-space2\">[\/vc_column][vc_column width=\u00bb1\/3&#8243;]<hr class=\"vertical-space3\">\r\n\t\t\t<div class=\"suite-toggle\" style=\"background-color:#530a59\" >\r\n\t\t\t\t<div class=\"main-content\">\r\n\t\t\t\t\t<h3>SUPERIOR ROOM<br \/>\nDesde 80 Euro por noche<\/h3>\r\n\t\t\t\t\t<div class=\"service-icon\">\r\n\t\t\t\t\t\t<i class=\"none\"><\/i>\r\n\t\t\t\t\t<\/div>\r\n\t\t\t\t<\/div>\r\n\t\t\t\t<div class=\"toggle-content\">\r\n\t\t\t\t\t<div class=\"extra-content\"><p>Balc\u00f3n con vistas al mar<br \/>\nMuebles de exterior<br \/>\nSmart tv ultra hd 4k 49 ``<br \/>\nNetflix<br \/>\ncaja de seguridad<br \/>\nAire Acondicionado<br \/>\nescritorio<br \/>\ninsonorizaci\u00f3n<br \/>\nparquet<br \/>\nArmario \/ armario<br \/>\nSoluciones an\u00e9rgicas<br \/>\nCabina de hidromasaje de dos plazas<br \/>\nTerapia del color<br \/>\nsecadora de pelo<br \/>\nwc<br \/>\nbid\u00e9<br \/>\nminibar<br \/>\nToallas \/ s\u00e1banas<br \/>\nKit de cortes\u00eda<br \/>\nEntrada de tarjeta magn\u00e9tica<\/p>\n <\/div>\r\n\t\t\t\t\t<span><i class=\"ti-plus\" style=\"color:#530a59\"><\/i><\/span>\r\n\t\t\t\t<\/div>\r\n\t\t\t<\/div>\r\n\t\t<hr class=\"vertical-space2\">[\/vc_column][\/vc_row][vc_row row_type=\u00bb2&#8243; blox_bgcolor=\u00bb#f2f2f2&#8243;][vc_column width=\u00bb1\/2&#8243;]\r\n\t\t\t<div class=\"suite-toggle\" style=\"background-color:#090844\" >\r\n\t\t\t\t<div class=\"main-content\">\r\n\t\t\t\t\t<h3>STARRY SUITE<br \/>\nDesde 110 Euro por noche<\/h3>\r\n\t\t\t\t\t<div class=\"service-icon\">\r\n\t\t\t\t\t\t<i class=\"none\"><\/i>\r\n\t\t\t\t\t<\/div>\r\n\t\t\t\t<\/div>\r\n\t\t\t\t<div class=\"toggle-content\">\r\n\t\t\t\t\t<div class=\"extra-content\"><p>Dos balcones con vistas al mar<br \/>\nMuebles de exterior<br \/>\nSmart tv ultra hd 4k 55 ``<br \/>\nNetflix<br \/>\ncaja de seguridad<br \/>\nAire Acondicionado<br \/>\nescritorio<br \/>\ninsonorizaci\u00f3n<br \/>\nparquet<br \/>\nArmario \/ armario<br \/>\nSoluciones an\u00e9rgicas<br \/>\nJacuzzi<br \/>\nDucha de cristal<br \/>\nTerapia del color<br \/>\nsecadora de pelo<br \/>\nwc<br \/>\nbid\u00e9<br \/>\nminibar<br \/>\nToallas \/ s\u00e1banas<br \/>\nKit de cortes\u00eda<br \/>\nEntrada de tarjeta magn\u00e9tica<\/p>\n <\/div>\r\n\t\t\t\t\t<span><i class=\"ti-plus\" style=\"color:#090844\"><\/i><\/span>\r\n\t\t\t\t<\/div>\r\n\t\t\t<\/div>\r\n\t\t<hr class=\"vertical-space2\">[\/vc_column][vc_column width=\u00bb1\/2&#8243;]\r\n\t\t\t<div class=\"suite-toggle\" style=\"background-color:#0d0472\" >\r\n\t\t\t\t<div class=\"main-content\">\r\n\t\t\t\t\t<h3>DREAM SUITE<br \/>\nDesde 150 Euro por noche<\/h3>\r\n\t\t\t\t\t<div class=\"service-icon\">\r\n\t\t\t\t\t\t<i class=\"none\"><\/i>\r\n\t\t\t\t\t<\/div>\r\n\t\t\t\t<\/div>\r\n\t\t\t\t<div class=\"toggle-content\">\r\n\t\t\t\t\t<div class=\"extra-content\"><p>Vistas al mar<br \/>\nBalc\u00f3n<br \/>\nMuebles de exterior<br \/>\nSmart tv ultra hd 4k ambilight<br \/>\nNetflix<br \/>\nSeguro<br \/>\nAire Acondicionado<br \/>\nEscritorio<br \/>\nInsonorizaci\u00f3n<br \/>\nParquet<br \/>\nArmario<br \/>\nSoluciones an\u00e9rgicas<br \/>\nJacuzzi\u00ae Double<br \/>\nCabina de ducha Jacuzzi\u00ae Frame 120 con ba\u00f1o turco y programas de bienestar personalizables.<br \/>\nTerapia del color<br \/>\nSecadora de pelo<br \/>\nWC<br \/>\nBid\u00e9<br \/>\nMinibar<br \/>\nToallas y s\u00e1banas<br \/>\nKit de cortes\u00eda<br \/>\nCocina<br \/>\nAparcamiento privado<\/p>\n <\/div>\r\n\t\t\t\t\t<span><i class=\"ti-plus\" style=\"color:#0d0472\"><\/i><\/span>\r\n\t\t\t\t<\/div>\r\n\t\t\t<\/div>\r\n\t\t<hr class=\"vertical-space2\">[\/vc_column][\/vc_row][vc_row row_type=\u00bb2&#8243;][vc_column][rev_slider_vc alias=\u00bbhome-slider3&#8243;][\/vc_column][\/vc_row][vc_row row_type=\u00bb2&#8243; blox_bgcolor=\u00bb#f2f2f2&#8243;][vc_column]<hr class=\"vertical-space5\"><article class=\"title-plus-text type-1 center \" style=\"text-align:center\" ><h3 style=\"color:#888888\">Descubre tu Starry Sky<\/h3><h2 class=\"part-1\" style=\"color:#000000\">C\u00f3mo <\/h2><h2 class=\"part-2\" style=\"color:#530a59\">encontrarnos<\/h2><p>Contamos con una ubicaci\u00f3n privilegiada en el centro de la ciudad,<br \/>\ncerca de la playa y justo enfrente de la \u201cPasseggiata Barcellona\u201d<br \/>\nuno de los paseos mar\u00edtimos m\u00e1s importantes y concurrido de la ciudad.<\/p>\n<p>Eso permite a nuestros hu\u00e9spedes disfrutar completamente del ambiente especial<br \/>\ny relajado tan t\u00edpico de las noches veraniegas de Alghero.<\/p><\/article><hr class=\"vertical-space3\">[\/vc_column][\/vc_row][vc_row row_type=\u00bb1&#8243;][vc_column][vc_gmaps link=\u00bb#E-8_JTNDaWZyYW1lJTIwc3JjJTNEJTIyaHR0cHMlM0ElMkYlMkZ3d3cuZ29vZ2xlLmNvbSUyRm1hcHMlMkZlbWJlZCUzRnBiJTNEJTIxMW0xOCUyMTFtMTIlMjExbTMlMjExZDMwMzAuNzYzMTAwNTQyMDQxMiUyMTJkOC4zMTc0NjYxMTQ4ODM5NTYlMjEzZDQwLjU2ODkwODQ1NDI5NDk3JTIxMm0zJTIxMWYwJTIxMmYwJTIxM2YwJTIxM20yJTIxMWkxMDI0JTIxMmk3NjglMjE0ZjEzLjElMjEzbTMlMjExbTIlMjExczB4MTJkY2YxZmFhMTUyMWY1YiUyNTNBMHhmNDA3OWUwMGQ1MjlhZTY5JTIxMnNWaWElMkJHaXVzZXBwZSUyQkdhcmliYWxkaSUyNTJDJTJCMTEzJTI1MkMlMkIwNzA0MSUyQkFsZ2hlcm8lMkJTUyUyMTVlMCUyMTNtMiUyMTFzaXQlMjEyc2l0JTIxNHYxNTAxODU1NTM2NzUzJTIyJTIwd2lkdGglM0QlMjIxMDAlMjUlMjIlMjBoZWlnaHQlM0QlMjI0NTAlMjIlMjBmcmFtZWJvcmRlciUzRCUyMjAlMjIlMjBzdHlsZSUzRCUyMmJvcmRlciUzQTAlMjIlMjBhbGxvd2Z1bGxzY3JlZW4lM0UlM0MlMkZpZnJhbWUlM0U=\u00bb css_animation=\u00bbfadeInUp\u00bb el_class=\u00bbmappa-home\u00bb][\/vc_column][\/vc_row]\n<\/div>","protected":false},"excerpt":{"rendered":"<p>[vc_row row_type=\u00bb1&#8243;][vc_column][rev_slider_vc alias=\u00bbhome-rev-slider01&#8243;][\/vc_column][\/vc_row][vc_row row_type=\u00bb2&#8243; blox_bgcolor=\u00bb#f2f2f2&#8243;][vc_column][\/vc_column][\/vc_row][vc_row row_type=\u00bb2&#8243; blox_padding_top=\u00bb10&#8243; blox_bgcolor=\u00bb#f2f2f2&#8243;][vc_column width=\u00bb1\/4&#8243;][vc_column_text el_class=\u00bbabout-home2&#8243;] Charming House Starry Sky Est\u00e1s buscando una alternativa a los hoteles en el centro de la ciudad? La Starry Sky Charming House es la respuesta perfecta para qui\u00e9nes buscan la comodidad de la f\u00f3rmula GuestHouse sin renunciar al confort, a los servicios y dotaciones de alta calidad M\u00e1s informaci\u00f3n [\/vc_column_text][\/vc_column][vc_column width=\u00bb3\/4&#8243;][\/vc_column][\/vc_row][vc_row row_type=\u00bb2&#8243; blox_bgcolor=\u00bb#f2f2f2&#8243;][vc_column][\/vc_column][\/vc_row][vc_row row_type=\u00bb3&#8243;][vc_column][rev_slider_vc alias=\u00bbhome-slider2&#8243;][\/vc_column][\/vc_row][vc_row row_type=\u00bb2&#8243; blox_bgcolor=\u00bb#f2f2f2&#8243;][vc_column][\/vc_column][\/vc_row][vc_row row_type=\u00bb2&#8243; blox_bgcolor=\u00bb#f2f2f2&#8243;][vc_column width=\u00bb1\/3&#8243;][\/vc_column][vc_column width=\u00bb1\/3&#8243;][\/vc_column][vc_column width=\u00bb1\/3&#8243;][\/vc_column][\/vc_row][vc_row row_type=\u00bb2&#8243; blox_bgcolor=\u00bb#f2f2f2&#8243;][vc_column width=\u00bb1\/2&#8243;][\/vc_column][vc_column width=\u00bb1\/2&#8243;][\/vc_column][\/vc_row][vc_row row_type=\u00bb2&#8243;][vc_column][rev_slider_vc alias=\u00bbhome-slider3&#8243;][\/vc_column][\/vc_row][vc_row row_type=\u00bb2&#8243; blox_bgcolor=\u00bb#f2f2f2&#8243;][vc_column][\/vc_column][\/vc_row][vc_row row_type=\u00bb1&#8243;][vc_column][vc_gmaps link=\u00bb#E-8_JTNDaWZyYW1lJTIwc3JjJTNEJTIyaHR0cHMlM0ElMkYlMkZ3d3cuZ29vZ2xlLmNvbSUyRm1hcHMlMkZlbWJlZCUzRnBiJTNEJTIxMW0xOCUyMTFtMTIlMjExbTMlMjExZDMwMzAuNzYzMTAwNTQyMDQxMiUyMTJkOC4zMTc0NjYxMTQ4ODM5NTYlMjEzZDQwLjU2ODkwODQ1NDI5NDk3JTIxMm0zJTIxMWYwJTIxMmYwJTIxM2YwJTIxM20yJTIxMWkxMDI0JTIxMmk3NjglMjE0ZjEzLjElMjEzbTMlMjExbTIlMjExczB4MTJkY2YxZmFhMTUyMWY1YiUyNTNBMHhmNDA3OWUwMGQ1MjlhZTY5JTIxMnNWaWElMkJHaXVzZXBwZSUyQkdhcmliYWxkaSUyNTJDJTJCMTEzJTI1MkMlMkIwNzA0MSUyQkFsZ2hlcm8lMkJTUyUyMTVlMCUyMTNtMiUyMTFzaXQlMjEyc2l0JTIxNHYxNTAxODU1NTM2NzUzJTIyJTIwd2lkdGglM0QlMjIxMDAlMjUlMjIlMjBoZWlnaHQlM0QlMjI0NTAlMjIlMjBmcmFtZWJvcmRlciUzRCUyMjAlMjIlMjBzdHlsZSUzRCUyMmJvcmRlciUzQTAlMjIlMjBhbGxvd2Z1bGxzY3JlZW4lM0UlM0MlMkZpZnJhbWUlM0U=\u00bb css_animation=\u00bbfadeInUp\u00bb el_class=\u00bbmappa-home\u00bb][\/vc_column][\/vc_row]<\/p>\n","protected":false},"author":1,"featured_media":0,"parent":0,"menu_order":0,"comment_status":"closed","ping_status":"closed","template":"","meta":{"footnotes":""},"class_list":["post-14167","page","type-page","status-publish","hentry"],"_links":{"self":[{"href":"https:\/\/www.starryskyalghero.com\/es\/wp-json\/wp\/v2\/pages\/14167","targetHints":{"allow":["GET"]}}],"collection":[{"href":"https:\/\/www.starryskyalghero.com\/es\/wp-json\/wp\/v2\/pages"}],"about":[{"href":"https:\/\/www.starryskyalghero.com\/es\/wp-json\/wp\/v2\/types\/page"}],"author":[{"embeddable":true,"href":"https:\/\/www.starryskyalghero.com\/es\/wp-json\/wp\/v2\/users\/1"}],"replies":[{"embeddable":true,"href":"https:\/\/www.starryskyalghero.com\/es\/wp-json\/wp\/v2\/comments?post=14167"}],"version-history":[{"count":6,"href":"https:\/\/www.starryskyalghero.com\/es\/wp-json\/wp\/v2\/pages\/14167\/revisions"}],"predecessor-version":[{"id":14624,"href":"https:\/\/www.starryskyalghero.com\/es\/wp-json\/wp\/v2\/pages\/14167\/revisions\/14624"}],"wp:attachment":[{"href":"https:\/\/www.starryskyalghero.com\/es\/wp-json\/wp\/v2\/media?parent=14167"}],"curies":[{"name":"wp","href":"https:\/\/api.w.org\/{rel}","templated":true}]}}