{"id":14157,"date":"2017-08-04T17:18:35","date_gmt":"2017-08-04T15:18:35","guid":{"rendered":"https:\/\/www.starryskyalghero.com\/superior-room\/"},"modified":"2024-03-08T17:17:38","modified_gmt":"2024-03-08T16:17:38","slug":"superior-room","status":"publish","type":"page","link":"https:\/\/www.starryskyalghero.com\/es\/superior-room\/","title":{"rendered":"Superior Room"},"content":{"rendered":"<div class=\"wpb-content-wrapper\">[vc_row row_type=\u00bb2&#8243; blox_bgcolor=\u00bb#ffffff\u00bb][vc_column css=\u00bb.vc_custom_1474103981862{margin-bottom: 4px !important;}\u00bb]<hr class=\"vertical-space5\">[vc_row_inner][vc_column_inner width=\u00bb1\/6&#8243;][\/vc_column_inner][vc_column_inner width=\u00bb2\/3&#8243;]<article class=\"title-plus-text type-1 center \" style=\"text-align:center\" ><h3 style=\"color:#73736b\">Starry Sky Charming House<\/h3><h2 class=\"part-1\" style=\"color:#31312c\">Superior<\/h2><h2 class=\"part-2\" style=\"color:#530a59\">Room<\/h2><p>Un ambiente amplio y moderno concebido para complacer las exigencias de toda clase de estancias. La Superior es una habitaci\u00f3n refinada e \u00edntima en la que disfrutar de unos d\u00edas agradables, mimados por una ambiente distinguido y apartado: de hecho, el cuarto cuenta con un balc\u00f3n privado con vistas laterales al mar y un espacioso cuarto de ba\u00f1o equipado con una ducha de hidromasaje en la que reponerse de la intensa jornada.<\/p><\/article><hr class=\"vertical-space2\">[vc_images_carousel images=\u00bb14802,14807,14812,14817,14822,14827,14832,14837&#8243; img_size=\u00bbfull\u00bb mode=\u00bbvertical\u00bb autoplay=\u00bbyes\u00bb hide_prev_next_buttons=\u00bbyes\u00bb]<hr class=\"vertical-space2\">[\/vc_column_inner][vc_column_inner width=\u00bb1\/6&#8243;][\/vc_column_inner][\/vc_row_inner][vc_row_inner][vc_column_inner width=\u00bb1\/6&#8243;][\/vc_column_inner][vc_column_inner width=\u00bb1\/6&#8243;][vc_column_text]\n<ul>\n<li>Balc\u00f3n con vistas laterales al mar<\/li>\n<li>Muebles de exterior<\/li>\n<li>Smart tv ultra hd 4k 49 \u00ab<\/li>\n<li>Netflix<\/li>\n<li>Caja de seguridad<\/li>\n<\/ul>\n[\/vc_column_text][\/vc_column_inner][vc_column_inner width=\u00bb1\/6&#8243;][vc_column_text]\n<ul>\n<li>Aire Acondicionado<\/li>\n<li>Escritorio<\/li>\n<li>Insonorizaci\u00f3n<\/li>\n<li>Parquet<\/li>\n<li>Armario<\/li>\n<\/ul>\n[\/vc_column_text][\/vc_column_inner][vc_column_inner width=\u00bb1\/6&#8243;][vc_column_text]\n<ul>\n<li>Soluciones an\u00e9rgicas<\/li>\n<li>Cabina de hidromasaje de dos plazas<\/li>\n<li>Terapia del color<\/li>\n<li>Secadora de pelo<\/li>\n<li>WC<\/li>\n<\/ul>\n[\/vc_column_text][\/vc_column_inner][vc_column_inner width=\u00bb1\/6&#8243;][vc_column_text]\n<ul>\n<li>Bid\u00e9<\/li>\n<li>Minibar<\/li>\n<li>Toallas \/ s\u00e1banas<\/li>\n<li>Kit de cortes\u00eda<\/li>\n<li>Entrada de tarjeta magn\u00e9tica<\/li>\n<li>Aparcamiento privado<\/li>\n<\/ul>\n[\/vc_column_text][\/vc_column_inner][vc_column_inner width=\u00bb1\/6&#8243;][\/vc_column_inner][\/vc_row_inner]<hr class=\"vertical-space5\">[vc_separator][\/vc_column][\/vc_row]\n<\/div>","protected":false},"excerpt":{"rendered":"<p>[vc_row row_type=\u00bb2&#8243; blox_bgcolor=\u00bb#ffffff\u00bb][vc_column css=\u00bb.vc_custom_1474103981862{margin-bottom: 4px !important;}\u00bb][vc_row_inner][vc_column_inner width=\u00bb1\/6&#8243;][\/vc_column_inner][vc_column_inner width=\u00bb2\/3&#8243;][vc_images_carousel images=\u00bb14802,14807,14812,14817,14822,14827,14832,14837&#8243; img_size=\u00bbfull\u00bb mode=\u00bbvertical\u00bb autoplay=\u00bbyes\u00bb hide_prev_next_buttons=\u00bbyes\u00bb][\/vc_column_inner][vc_column_inner width=\u00bb1\/6&#8243;][\/vc_column_inner][\/vc_row_inner][vc_row_inner][vc_column_inner width=\u00bb1\/6&#8243;][\/vc_column_inner][vc_column_inner width=\u00bb1\/6&#8243;][vc_column_text] Balc\u00f3n con vistas laterales al mar Muebles de exterior Smart tv ultra hd 4k 49 \u00ab Netflix Caja de seguridad [\/vc_column_text][\/vc_column_inner][vc_column_inner width=\u00bb1\/6&#8243;][vc_column_text] Aire Acondicionado Escritorio Insonorizaci\u00f3n Parquet Armario [\/vc_column_text][\/vc_column_inner][vc_column_inner width=\u00bb1\/6&#8243;][vc_column_text] Soluciones an\u00e9rgicas Cabina de hidromasaje de dos plazas Terapia del color Secadora de pelo WC [\/vc_column_text][\/vc_column_inner][vc_column_inner width=\u00bb1\/6&#8243;][vc_column_text] Bid\u00e9 Minibar Toallas \/ s\u00e1banas Kit de cortes\u00eda Entrada de tarjeta magn\u00e9tica Aparcamiento privado [\/vc_column_text][\/vc_column_inner][vc_column_inner width=\u00bb1\/6&#8243;][\/vc_column_inner][\/vc_row_inner][vc_separator][\/vc_column][\/vc_row]<\/p>\n","protected":false},"author":1,"featured_media":0,"parent":0,"menu_order":0,"comment_status":"closed","ping_status":"closed","template":"","meta":{"footnotes":""},"class_list":["post-14157","page","type-page","status-publish","hentry"],"_links":{"self":[{"href":"https:\/\/www.starryskyalghero.com\/es\/wp-json\/wp\/v2\/pages\/14157","targetHints":{"allow":["GET"]}}],"collection":[{"href":"https:\/\/www.starryskyalghero.com\/es\/wp-json\/wp\/v2\/pages"}],"about":[{"href":"https:\/\/www.starryskyalghero.com\/es\/wp-json\/wp\/v2\/types\/page"}],"author":[{"embeddable":true,"href":"https:\/\/www.starryskyalghero.com\/es\/wp-json\/wp\/v2\/users\/1"}],"replies":[{"embeddable":true,"href":"https:\/\/www.starryskyalghero.com\/es\/wp-json\/wp\/v2\/comments?post=14157"}],"version-history":[{"count":4,"href":"https:\/\/www.starryskyalghero.com\/es\/wp-json\/wp\/v2\/pages\/14157\/revisions"}],"predecessor-version":[{"id":14964,"href":"https:\/\/www.starryskyalghero.com\/es\/wp-json\/wp\/v2\/pages\/14157\/revisions\/14964"}],"wp:attachment":[{"href":"https:\/\/www.starryskyalghero.com\/es\/wp-json\/wp\/v2\/media?parent=14157"}],"curies":[{"name":"wp","href":"https:\/\/api.w.org\/{rel}","templated":true}]}}