{"id":14149,"date":"2017-08-04T17:22:46","date_gmt":"2017-08-04T15:22:46","guid":{"rendered":"https:\/\/www.starryskyalghero.com\/starry-suite\/"},"modified":"2024-03-08T17:22:54","modified_gmt":"2024-03-08T16:22:54","slug":"starry-suite","status":"publish","type":"page","link":"https:\/\/www.starryskyalghero.com\/es\/starry-suite\/","title":{"rendered":"Starry Suite"},"content":{"rendered":"<div class=\"wpb-content-wrapper\">[vc_row row_type=\u00bb2&#8243; blox_bgcolor=\u00bb#ffffff\u00bb][vc_column css=\u00bb.vc_custom_1474103981862{margin-bottom: 4px !important;}\u00bb]<hr class=\"vertical-space5\">[vc_row_inner][vc_column_inner width=\u00bb1\/6&#8243;][\/vc_column_inner][vc_column_inner width=\u00bb2\/3&#8243;]<article class=\"title-plus-text type-1 center \" style=\"text-align:center\" ><h3 style=\"color:#73736b\">Starry Sky Charming House<\/h3><h2 class=\"part-1\" style=\"color:#31312c\">Starry<\/h2><h2 class=\"part-2\" style=\"color:#530a59\">Suite<\/h2><p>La Starry Suite es una habitaci\u00f3n espaciosa y acogedora en la que deleitarse con el confort en los ratos de descanso y tranquilidad. Se trata de una habitaci\u00f3n fresca con mobiliario estiloso y moderno, provista de dos balcones que ofrecen vistas al maravilloso mar de Alghero. Hay un cuarto de ba\u00f1o espacioso con jacuzzi y ducha para disfrutar de una estancia dedicada al bienestar absoluto.<\/p><\/article><hr class=\"vertical-space2\">[vc_images_carousel images=\u00bb14843,14848,14853,14858,14863,14868,14873,14878&#8243; img_size=\u00bbfull\u00bb mode=\u00bbvertical\u00bb autoplay=\u00bbyes\u00bb hide_prev_next_buttons=\u00bbyes\u00bb]<hr class=\"vertical-space2\">[\/vc_column_inner][vc_column_inner width=\u00bb1\/6&#8243;][\/vc_column_inner][\/vc_row_inner][vc_row_inner][vc_column_inner width=\u00bb1\/6&#8243;][\/vc_column_inner][vc_column_inner width=\u00bb1\/6&#8243;][vc_column_text]\n<ul>\n<li>Dos balcones con vistas al mar<\/li>\n<li>Muebles de exterior<\/li>\n<li>Smart tv ultra hd 4k 55 \u00ab<\/li>\n<li>Netflix<\/li>\n<li>Seguro<\/li>\n<li>Aire Acondicionado<\/li>\n<\/ul>\n[\/vc_column_text][\/vc_column_inner][vc_column_inner width=\u00bb1\/6&#8243;][vc_column_text]\n<ul>\n<li>Escritorio<\/li>\n<li>Insonorizaci\u00f3n<\/li>\n<li>Parquet<\/li>\n<li>Armario<\/li>\n<li>Soluciones an\u00e9rgicas<\/li>\n<\/ul>\n[\/vc_column_text][\/vc_column_inner][vc_column_inner width=\u00bb1\/6&#8243;][vc_column_text]\n<ul>\n<li>Jacuzzi<\/li>\n<li>Ducha de cristal<\/li>\n<li>Terapia del color<\/li>\n<li>Secadora de pelo<\/li>\n<li>WC<\/li>\n<\/ul>\n[\/vc_column_text][\/vc_column_inner][vc_column_inner width=\u00bb1\/6&#8243;][vc_column_text]\n<ul>\n<li>bid\u00e9<\/li>\n<li>minibar<\/li>\n<li>Toallas \/ s\u00e1banas<\/li>\n<li>Kit de cortes\u00eda<\/li>\n<li>Entrada de tarjeta magn\u00e9tica<\/li>\n<li>Aparcamiento privado<\/li>\n<\/ul>\n[\/vc_column_text][\/vc_column_inner][vc_column_inner width=\u00bb1\/6&#8243;][\/vc_column_inner][\/vc_row_inner]<hr class=\"vertical-space5\">[vc_separator][\/vc_column][\/vc_row]\n<\/div>","protected":false},"excerpt":{"rendered":"<p>[vc_row row_type=\u00bb2&#8243; blox_bgcolor=\u00bb#ffffff\u00bb][vc_column css=\u00bb.vc_custom_1474103981862{margin-bottom: 4px !important;}\u00bb][vc_row_inner][vc_column_inner width=\u00bb1\/6&#8243;][\/vc_column_inner][vc_column_inner width=\u00bb2\/3&#8243;][vc_images_carousel images=\u00bb14843,14848,14853,14858,14863,14868,14873,14878&#8243; img_size=\u00bbfull\u00bb mode=\u00bbvertical\u00bb autoplay=\u00bbyes\u00bb hide_prev_next_buttons=\u00bbyes\u00bb][\/vc_column_inner][vc_column_inner width=\u00bb1\/6&#8243;][\/vc_column_inner][\/vc_row_inner][vc_row_inner][vc_column_inner width=\u00bb1\/6&#8243;][\/vc_column_inner][vc_column_inner width=\u00bb1\/6&#8243;][vc_column_text] Dos balcones con vistas al mar Muebles de exterior Smart tv ultra hd 4k 55 \u00ab Netflix Seguro Aire Acondicionado [\/vc_column_text][\/vc_column_inner][vc_column_inner width=\u00bb1\/6&#8243;][vc_column_text] Escritorio Insonorizaci\u00f3n Parquet Armario Soluciones an\u00e9rgicas [\/vc_column_text][\/vc_column_inner][vc_column_inner width=\u00bb1\/6&#8243;][vc_column_text] Jacuzzi Ducha de cristal Terapia del color Secadora de pelo WC [\/vc_column_text][\/vc_column_inner][vc_column_inner width=\u00bb1\/6&#8243;][vc_column_text] bid\u00e9 minibar Toallas \/ s\u00e1banas Kit de cortes\u00eda Entrada de tarjeta magn\u00e9tica Aparcamiento privado [\/vc_column_text][\/vc_column_inner][vc_column_inner width=\u00bb1\/6&#8243;][\/vc_column_inner][\/vc_row_inner][vc_separator][\/vc_column][\/vc_row]<\/p>\n","protected":false},"author":1,"featured_media":0,"parent":0,"menu_order":0,"comment_status":"closed","ping_status":"closed","template":"","meta":{"footnotes":""},"class_list":["post-14149","page","type-page","status-publish","hentry"],"_links":{"self":[{"href":"https:\/\/www.starryskyalghero.com\/es\/wp-json\/wp\/v2\/pages\/14149","targetHints":{"allow":["GET"]}}],"collection":[{"href":"https:\/\/www.starryskyalghero.com\/es\/wp-json\/wp\/v2\/pages"}],"about":[{"href":"https:\/\/www.starryskyalghero.com\/es\/wp-json\/wp\/v2\/types\/page"}],"author":[{"embeddable":true,"href":"https:\/\/www.starryskyalghero.com\/es\/wp-json\/wp\/v2\/users\/1"}],"replies":[{"embeddable":true,"href":"https:\/\/www.starryskyalghero.com\/es\/wp-json\/wp\/v2\/comments?post=14149"}],"version-history":[{"count":5,"href":"https:\/\/www.starryskyalghero.com\/es\/wp-json\/wp\/v2\/pages\/14149\/revisions"}],"predecessor-version":[{"id":14968,"href":"https:\/\/www.starryskyalghero.com\/es\/wp-json\/wp\/v2\/pages\/14149\/revisions\/14968"}],"wp:attachment":[{"href":"https:\/\/www.starryskyalghero.com\/es\/wp-json\/wp\/v2\/media?parent=14149"}],"curies":[{"name":"wp","href":"https:\/\/api.w.org\/{rel}","templated":true}]}}