{"id":14140,"date":"2017-08-04T17:24:49","date_gmt":"2017-08-04T15:24:49","guid":{"rendered":"https:\/\/www.starryskyalghero.com\/servizi\/"},"modified":"2024-08-27T10:20:21","modified_gmt":"2024-08-27T08:20:21","slug":"servicios","status":"publish","type":"page","link":"https:\/\/www.starryskyalghero.com\/es\/servicios\/","title":{"rendered":"Servicios"},"content":{"rendered":"<div class=\"wpb-content-wrapper\">[vc_row row_type=\u00bb2&#8243; blox_bgcolor=\u00bb#ffffff\u00bb][vc_column css=\u00bb.vc_custom_1474103981862{margin-bottom: 4px !important;}\u00bb]<hr class=\"vertical-space5\">[vc_row_inner][vc_column_inner width=\u00bb1\/6&#8243;][\/vc_column_inner][vc_column_inner width=\u00bb2\/3&#8243;]<article class=\"title-plus-text type-1 center \" style=\"text-align:center\" ><h3 style=\"color:#73736b\">Starry Sky Charming House<\/h3><h2 class=\"part-1\" style=\"color:#31312c\">Nuestros<\/h2><h2 class=\"part-2\" style=\"color:#530a59\">Servicios<\/h2><p>Deseamos garantizar a nuestros clientes la privacidad, las comodidades y el lujo que merecen en sus vacaciones con los mejores y m\u00e1s innovadores servicios: Jacuzzi, conexi\u00f3n Wi-Fi gratuita, televisi\u00f3n v\u00eda sat\u00e9lite y a la carta sin cargo con Netflix con la selecci\u00f3n m\u00e1s completa de las series y las pel\u00edculas m\u00e1s vistas del momento, caja fuerte y aparcamiento incluido en el precio. Prestamos atenci\u00f3n a cada detalle de nuestros servicios para garantizar a los viajeros una experiencia inolvidable.<\/p><\/article>[\/vc_column_inner][vc_column_inner width=\u00bb1\/6&#8243;][\/vc_column_inner][\/vc_row_inner]<hr class=\"vertical-space2\">[vc_images_carousel images=\u00bb13835,14308,14045,13833,14309,14501,14506&#8243; img_size=\u00bbfull\u00bb mode=\u00bbvertical\u00bb autoplay=\u00bbyes\u00bb hide_prev_next_buttons=\u00bbyes\u00bb]<hr class=\"vertical-space2\">[vc_row_inner][vc_column_inner width=\u00bb1\/4&#8243;][vc_column_text]\n<ul>\n<li>Balc\u00f3n con vistas al mar<\/li>\n<li>Muebles de exterior<\/li>\n<li>Smart tv ultra hd 4k<\/li>\n<li>Netflix<\/li>\n<li>Seguro<\/li>\n<\/ul>\n[\/vc_column_text][\/vc_column_inner][vc_column_inner width=\u00bb1\/4&#8243;][vc_column_text]\n<ul>\n<li>Aire Acondicionado<\/li>\n<li>Escritorio<\/li>\n<li>Insonorizaci\u00f3n<\/li>\n<li>Parquet<\/li>\n<li>Armario<\/li>\n<\/ul>\n[\/vc_column_text][\/vc_column_inner][vc_column_inner width=\u00bb1\/4&#8243;][vc_column_text]\n<ul>\n<li>Soluciones an\u00e9rgicas<\/li>\n<li>Cabina de hidromasaje de dos plazas<\/li>\n<li>Terapia del color<\/li>\n<li>Secadora de pelo<\/li>\n<li>WC<\/li>\n<li>Ba\u00f1o de hidromasaje<\/li>\n<\/ul>\n[\/vc_column_text][\/vc_column_inner][vc_column_inner width=\u00bb1\/4&#8243;][vc_column_text]\n<ul>\n<li>Bid\u00e9<\/li>\n<li>Refrigerador<\/li>\n<li>Toallas \/ s\u00e1banas<\/li>\n<li>Kit de cortes\u00eda<\/li>\n<li>Entrada de tarjeta magn\u00e9tica<\/li>\n<li>Aparcamiento privado<\/li>\n<\/ul>\n[\/vc_column_text][\/vc_column_inner][\/vc_row_inner]<hr class=\"vertical-space5\">[vc_separator][\/vc_column][\/vc_row]\n<\/div>","protected":false},"excerpt":{"rendered":"<p>[vc_row row_type=\u00bb2&#8243; blox_bgcolor=\u00bb#ffffff\u00bb][vc_column css=\u00bb.vc_custom_1474103981862{margin-bottom: 4px !important;}\u00bb][vc_row_inner][vc_column_inner width=\u00bb1\/6&#8243;][\/vc_column_inner][vc_column_inner width=\u00bb2\/3&#8243;][\/vc_column_inner][vc_column_inner width=\u00bb1\/6&#8243;][\/vc_column_inner][\/vc_row_inner][vc_images_carousel images=\u00bb13835,14308,14045,13833,14309,14501,14506&#8243; img_size=\u00bbfull\u00bb mode=\u00bbvertical\u00bb autoplay=\u00bbyes\u00bb hide_prev_next_buttons=\u00bbyes\u00bb][vc_row_inner][vc_column_inner width=\u00bb1\/4&#8243;][vc_column_text] Balc\u00f3n con vistas al mar Muebles de exterior Smart tv ultra hd 4k Netflix Seguro [\/vc_column_text][\/vc_column_inner][vc_column_inner width=\u00bb1\/4&#8243;][vc_column_text] Aire Acondicionado Escritorio Insonorizaci\u00f3n Parquet Armario [\/vc_column_text][\/vc_column_inner][vc_column_inner width=\u00bb1\/4&#8243;][vc_column_text] Soluciones an\u00e9rgicas Cabina de hidromasaje de dos plazas Terapia del color Secadora de pelo WC Ba\u00f1o de hidromasaje [\/vc_column_text][\/vc_column_inner][vc_column_inner width=\u00bb1\/4&#8243;][vc_column_text] Bid\u00e9 Refrigerador Toallas \/ s\u00e1banas Kit de cortes\u00eda Entrada de tarjeta magn\u00e9tica Aparcamiento privado [\/vc_column_text][\/vc_column_inner][\/vc_row_inner][vc_separator][\/vc_column][\/vc_row]<\/p>\n","protected":false},"author":1,"featured_media":0,"parent":0,"menu_order":0,"comment_status":"closed","ping_status":"closed","template":"","meta":{"footnotes":""},"class_list":["post-14140","page","type-page","status-publish","hentry"],"_links":{"self":[{"href":"https:\/\/www.starryskyalghero.com\/es\/wp-json\/wp\/v2\/pages\/14140","targetHints":{"allow":["GET"]}}],"collection":[{"href":"https:\/\/www.starryskyalghero.com\/es\/wp-json\/wp\/v2\/pages"}],"about":[{"href":"https:\/\/www.starryskyalghero.com\/es\/wp-json\/wp\/v2\/types\/page"}],"author":[{"embeddable":true,"href":"https:\/\/www.starryskyalghero.com\/es\/wp-json\/wp\/v2\/users\/1"}],"replies":[{"embeddable":true,"href":"https:\/\/www.starryskyalghero.com\/es\/wp-json\/wp\/v2\/comments?post=14140"}],"version-history":[{"count":7,"href":"https:\/\/www.starryskyalghero.com\/es\/wp-json\/wp\/v2\/pages\/14140\/revisions"}],"predecessor-version":[{"id":15011,"href":"https:\/\/www.starryskyalghero.com\/es\/wp-json\/wp\/v2\/pages\/14140\/revisions\/15011"}],"wp:attachment":[{"href":"https:\/\/www.starryskyalghero.com\/es\/wp-json\/wp\/v2\/media?parent=14140"}],"curies":[{"name":"wp","href":"https:\/\/api.w.org\/{rel}","templated":true}]}}