{"id":14131,"date":"2017-08-04T16:31:00","date_gmt":"2017-08-04T14:31:00","guid":{"rendered":"https:\/\/www.starryskyalghero.com\/panoramic-room\/"},"modified":"2024-08-27T10:13:52","modified_gmt":"2024-08-27T08:13:52","slug":"panoramic-room","status":"publish","type":"page","link":"https:\/\/www.starryskyalghero.com\/es\/panoramic-room\/","title":{"rendered":"Panoramic Room"},"content":{"rendered":"<div class=\"wpb-content-wrapper\">[vc_row row_type=\u00bb2&#8243; blox_bgcolor=\u00bb#ffffff\u00bb][vc_column css=\u00bb.vc_custom_1474103981862{margin-bottom: 4px !important;}\u00bb]<hr class=\"vertical-space5\">[vc_row_inner][vc_column_inner width=\u00bb1\/6&#8243;][\/vc_column_inner][vc_column_inner width=\u00bb2\/3&#8243;]<article class=\"title-plus-text type-1 center \" style=\"text-align:center\" ><h3 style=\"color:#73736b\">Starry Sky Charming House<\/h3><h2 class=\"part-1\" style=\"color:#31312c\">Panoramic<\/h2><h2 class=\"part-2\" style=\"color:#530a59\">Room<\/h2><p>Una habitaci\u00f3n de matrimonio espaciosa y de buen gusto provista de un balc\u00f3n desde el cu\u00e1l regocijarse de la sorprendente vista panor\u00e1mica del golfo de Alghero. El cuarto acoge a los hu\u00e9spedes con un mobiliario pulcro, comodidades \u00fanicas y el equipamiento tecnol\u00f3gico m\u00e1s actual.. La habitaci\u00f3n est\u00e1 equipada con un ba\u00f1o privado con jacuzzi y ducha para garantizar a nuestros clientes unas vacaciones en nombre de la relajaci\u00f3n.<\/p><\/article><hr class=\"vertical-space2\">[vc_images_carousel images=\u00bb14743,14738,14733,14728,14723,14718,14698,14713,14708,14703&#8243; img_size=\u00bbfull\u00bb mode=\u00bbvertical\u00bb autoplay=\u00bbyes\u00bb]<hr class=\"vertical-space2\">[\/vc_column_inner][vc_column_inner width=\u00bb1\/6&#8243;][\/vc_column_inner][\/vc_row_inner][vc_row_inner][vc_column_inner width=\u00bb1\/6&#8243;][\/vc_column_inner][vc_column_inner width=\u00bb1\/6&#8243;][vc_column_text]\n<ul>\n<li>Balc\u00f3n con vistas al mar<\/li>\n<li>Muebles de exterior<\/li>\n<li>Smart tv ultra hd 4k 49 \u00ab<\/li>\n<li>Netflix<\/li>\n<li>Seguro<\/li>\n<li>Aire Acondicionado<\/li>\n<\/ul>\n[\/vc_column_text][\/vc_column_inner][vc_column_inner width=\u00bb1\/6&#8243;][vc_column_text]\n<ul>\n<li>Escritorio<\/li>\n<li>Insonorizaci\u00f3n<\/li>\n<li>Parquet<\/li>\n<li>Armario<\/li>\n<li>Soluciones an\u00e9rgicas<\/li>\n<\/ul>\n[\/vc_column_text][\/vc_column_inner][vc_column_inner width=\u00bb1\/6&#8243;][vc_column_text]\n<ul>\n<li>Jacuzzi<\/li>\n<li>Ducha de cristal<\/li>\n<li>Terapia del color<\/li>\n<li>Secadora de pelo<\/li>\n<li>WC<\/li>\n<\/ul>\n[\/vc_column_text][\/vc_column_inner][vc_column_inner width=\u00bb1\/6&#8243;][vc_column_text]\n<ul>\n<li>Bid\u00e9<\/li>\n<li>Refrigerador<\/li>\n<li>Toallas y s\u00e1banas<\/li>\n<li>Kit de cortes\u00eda<\/li>\n<li>Entrada de tarjeta magn\u00e9tica<\/li>\n<li>Aparcamiento privado<\/li>\n<\/ul>\n[\/vc_column_text][\/vc_column_inner][vc_column_inner width=\u00bb1\/6&#8243;][\/vc_column_inner][\/vc_row_inner]<hr class=\"vertical-space5\">[vc_separator][\/vc_column][\/vc_row]\n<\/div>","protected":false},"excerpt":{"rendered":"<p>[vc_row row_type=\u00bb2&#8243; blox_bgcolor=\u00bb#ffffff\u00bb][vc_column css=\u00bb.vc_custom_1474103981862{margin-bottom: 4px !important;}\u00bb][vc_row_inner][vc_column_inner width=\u00bb1\/6&#8243;][\/vc_column_inner][vc_column_inner width=\u00bb2\/3&#8243;][vc_images_carousel images=\u00bb14743,14738,14733,14728,14723,14718,14698,14713,14708,14703&#8243; img_size=\u00bbfull\u00bb mode=\u00bbvertical\u00bb autoplay=\u00bbyes\u00bb][\/vc_column_inner][vc_column_inner width=\u00bb1\/6&#8243;][\/vc_column_inner][\/vc_row_inner][vc_row_inner][vc_column_inner width=\u00bb1\/6&#8243;][\/vc_column_inner][vc_column_inner width=\u00bb1\/6&#8243;][vc_column_text] Balc\u00f3n con vistas al mar Muebles de exterior Smart tv ultra hd 4k 49 \u00ab Netflix Seguro Aire Acondicionado [\/vc_column_text][\/vc_column_inner][vc_column_inner width=\u00bb1\/6&#8243;][vc_column_text] Escritorio Insonorizaci\u00f3n Parquet Armario Soluciones an\u00e9rgicas [\/vc_column_text][\/vc_column_inner][vc_column_inner width=\u00bb1\/6&#8243;][vc_column_text] Jacuzzi Ducha de cristal Terapia del color Secadora de pelo WC [\/vc_column_text][\/vc_column_inner][vc_column_inner width=\u00bb1\/6&#8243;][vc_column_text] Bid\u00e9 Refrigerador Toallas y s\u00e1banas Kit de cortes\u00eda Entrada de tarjeta magn\u00e9tica Aparcamiento privado [\/vc_column_text][\/vc_column_inner][vc_column_inner width=\u00bb1\/6&#8243;][\/vc_column_inner][\/vc_row_inner][vc_separator][\/vc_column][\/vc_row]<\/p>\n","protected":false},"author":1,"featured_media":0,"parent":0,"menu_order":0,"comment_status":"closed","ping_status":"closed","template":"","meta":{"footnotes":""},"class_list":["post-14131","page","type-page","status-publish","hentry"],"_links":{"self":[{"href":"https:\/\/www.starryskyalghero.com\/es\/wp-json\/wp\/v2\/pages\/14131","targetHints":{"allow":["GET"]}}],"collection":[{"href":"https:\/\/www.starryskyalghero.com\/es\/wp-json\/wp\/v2\/pages"}],"about":[{"href":"https:\/\/www.starryskyalghero.com\/es\/wp-json\/wp\/v2\/types\/page"}],"author":[{"embeddable":true,"href":"https:\/\/www.starryskyalghero.com\/es\/wp-json\/wp\/v2\/users\/1"}],"replies":[{"embeddable":true,"href":"https:\/\/www.starryskyalghero.com\/es\/wp-json\/wp\/v2\/comments?post=14131"}],"version-history":[{"count":6,"href":"https:\/\/www.starryskyalghero.com\/es\/wp-json\/wp\/v2\/pages\/14131\/revisions"}],"predecessor-version":[{"id":15007,"href":"https:\/\/www.starryskyalghero.com\/es\/wp-json\/wp\/v2\/pages\/14131\/revisions\/15007"}],"wp:attachment":[{"href":"https:\/\/www.starryskyalghero.com\/es\/wp-json\/wp\/v2\/media?parent=14131"}],"curies":[{"name":"wp","href":"https:\/\/api.w.org\/{rel}","templated":true}]}}