{"id":14123,"date":"2017-08-07T15:26:45","date_gmt":"2017-08-07T13:26:45","guid":{"rendered":"https:\/\/www.starryskyalghero.com\/informativa-sulla-privacy-e-cookie-policy\/"},"modified":"2017-09-06T11:46:47","modified_gmt":"2017-09-06T09:46:47","slug":"informativa-sulla-privacy-e-cookie-policy","status":"publish","type":"page","link":"https:\/\/www.starryskyalghero.com\/es\/informativa-sulla-privacy-e-cookie-policy\/","title":{"rendered":"Informativa sulla Privacy e Cookie Policy"},"content":{"rendered":"<div class=\"wpb-content-wrapper\">[vc_row row_type=\u00bb2&#8243; blox_bgcolor=\u00bb#ffffff\u00bb][vc_column css=\u00bb.vc_custom_1474103981862{margin-bottom: 4px !important;}\u00bb]<hr class=\"vertical-space5\">[vc_column_text]INFORMATIVA AI SENSI DEL Dlgs. 196\/2003<\/p>\n<p>Informativa sulla Privacy: Oggetto: Informativa sul trattamento dei Suoi dati personali, ai sensi dell\u2019articolo 13 del Dlgs 196\/2003, recante il codice in materia di protezione dei dati personali, e richiesta del Suo consenso al trattamento di taluni dati.<\/p>\n<p>1. Il Dlgs 196\/2003 ha introdotto il codice in materia di protezione dei dati personali. In ottemperanza a quanto previsto da tale codice, il trattamento dei dati personali da parte della nostra organizzazione \u00e8 improntato ai principi di correttezza, liceit\u00e0 e trasparenza e di tutela della riservatezza e dei diritti dei soggetti cui i dati si riferiscono.<\/p>\n<p>2. In tale ambito, Le forniamo l\u2019informativa prevista dall\u2019articolo 13 Dlgs 196\/2003 e Le chiediamo di esprimere il suo consenso per il trattamento dei dati personali in seguito specificati per le seguenti finalit\u00e0: a. gestire la sua richiesta di informazioni e\/o prenotazione al fine di fornirle le indicazioni a riguardo<\/p>\n<p>3. Il conferimento dei Suoi dati \u00e8 obbligatorio per il conseguimento delle finalit\u00e0 di cui sopra; il loro mancato, parziale o inesatto conferimento potrebbe avere come conseguenza l\u2019impossibilit\u00e0 di fornirLe i servizi richiesti.<\/p>\n<p>4. Nel caso in cui abbia espresso il consenso e fino alla revoca dello stesso, i Suoi dati personali forniti saranno altres\u00e8 trattati per le seguenti ulteriori finalit\u00e0: a. elaborare studi e ricerche statistiche e di mercato; b. inviare tramite posta, posta elettronica e\/o canali telefonici, materiale pubblicitario, informativo e informazioni commerciali; c. compiere attivit\u00e0 dirette ed indirette di vendita e di collocamento; d. effettuare comunicazioni commerciali interattive; e. effettuare rilevazioni del grado di soddisfazione della clientela sulla qualit\u00e0 dei servizi forniti (anche attraverso soggetti terzi). Lei potr\u00e0 revocare il consenso fornito per tali finalit\u00e0 in qualsiasi momento contattando il responsabile indicato al punto 10. Il consenso per i trattamenti e le finalit\u00e0 di cui al presente punto 4 non \u00e8 obbligatorio; a seguito di un eventuale diniego i Suoi dati saranno trattati per le sole finalit\u00e0 indicate al precedente punto 2.<\/p>\n<p>5. In qualit\u00e0 di clienti o potenziali clienti, i dati oggetto di trattamento sono generalmente di natura comune, poich\u00e8 consistono essenzialmente in elementi di identificazione personale. Nel caso in cui Lei dovesse indicare nei campi che non prevedono una specifica indicazione dati che, ai sensi dell\u2019articolo 4 lettera d) Dlgs 196\/2003, sono di natura sensibile ed in quanto tali meritevoli di tutele particolari, La informiamo che tali dati saranno da noi trattati nei limiti previsti dal codice della Privacy. Ricordiamo che in generale, l\u2019articolo 4 lettera d) Dlgs 196\/2003 definisce come \u201cdati sensibili\u201d i dati personali \u201cidonei a rivelare l\u2019origine razziale ed etnica, le convinzioni religiose, filosofiche o di altro genere, le opinioni politiche, l\u2019adesione a partiti, sindacati, associazioni od organizzazioni a carattere religioso, filosofico, politico o sindacale, nonch\u00e8 i dati personali idonei a rivelare lo stato di salute e la vita sessuale\u201d.<\/p>\n<p>6. Il trattamento di dati raccolti sar\u00e0 effettuato mediante strumenti cartacei e\/o elettronici e comunque in conformit\u00e0 alle disposizioni normative vigenti in materia.<\/p>\n<p>7. Precisiamo che la nostra organizzazione pone in atto le necessarie misure di carattere organizzativo, fisico e logico, atte a garantire la sicurezza dei dati, con particolare riferimento a quanto previsto dall\u2019allegato B del Dpr 196\/2003 Disciplinare tecnico in materia di misure minime di sicurezza.<\/p>\n<p>8. Oltre che dai dipendenti della Societ\u00e0, alcuni trattamenti dei Suoi dati personali potranno essere effettuati anche da soggetti terzi, con sede in Italia e\/o all\u2019estero, ai quali la nostra organizzazione affida talune attivit\u00e0 (o parte di esse) funzionali alla fornitura dei servizi sopra citati. In tal caso gli stessi soggetti opereranno in qualit\u00e0 di Titolari autonomi o saranno designati come Responsabili o Incaricati del trattamento. I Responsabili e gli Incaricati eventualmente designati riceveranno adeguate istruzioni operative, con particolare riferimento all\u2019adozione delle misure minime di sicurezza, al fine di poter garantire la riservatezza e la sicurezza dei dati. I soggetti terzi sopra citati sono essenzialmente ricompresi nelle seguenti categorie: Societ\u00e0 di recupero credito, Societ\u00e0 che elaborano dati di traffico per la fatturazione, Societ\u00e0 incaricate per la stampa e la spedizione delle fatture ai clienti, Societ\u00e0 di Consulenza, Societ\u00e0 cessionarie dei crediti, Agenti e Procacciatori, Franchisee, Fornitori di servizi tecnologici, Content Provider.<\/p>\n<p>9. Riportiamo di seguito l\u2019estratto dell\u2019articolo 7 Dlgs 196\/2003, per ricordarLe che pu\u00f3 esercitare nei nostri confronti i seguenti diritti: a. ottenere la conferma dell\u2019esistenza di dati personali che La riguardano, anche se non ancora registrati, e la comunicazione in forma intelligibile b. ottenere l\u2019indicazione dell\u2019origine dei dati personali, nonch\u00e8 delle finalit\u00e0 e delle modalit\u00e0 del trattamento c. ottenere l\u2019indicazione della logica applicata nei trattamenti effettuati con l\u2019ausilio di strumenti elettronici d. ottenere l\u2019indicazione degli estremi identificativi del titolare e dei responsabili e. ottenere l\u2019indicazione dei soggetti o delle categorie di soggetti ai quali i dati personali possono essere comunicati o che possono venirne a conoscenza in qualit\u00e0 di rappresentante designato nel territorio dello Stato, di responsabili o incaricati f. ottenere l\u2019aggiornamento, la rettificazione ovvero, quando vi ha interesse, l\u2019integrazione dei dati g. ottenere la cancellazione, la trasformazione in forma anonima o il blocco dei dati trattati in violazione di legge h. ottenere la cancellazione, la trasformazione in forma anonima o il blocco dei dati di cui non \u00e8 necessaria la conservazione, in relazione agli scopi per i quali i dati sono stati raccolti o successivamente trattati i. ottenere l\u2019attestazione che l\u2019aggiornamento, la rettificazione, l\u2019integrazione, la cancellazione, la trasformazione in forma anonima o il blocco sono stati portati a conoscenza, anche per quanto riguarda il contenuto, di coloro ai quali i dati sono stati comunicati o diffusi, tranne che nei casi in cui tale adempimento si riveli impossibile o comporti un impiego di mezzi manifestamente sproporzionato rispetto al diritto tutelato j. opporsi, in tutto o in parte, per motivi legittimi, al trattamento dei dati personali che La riguardano, ancorch\u00e8 pertinenti allo scopo della raccolta k. opporsi, in tutto o in parte, al trattamento di dati personali che La riguardano a fini di invio di materiale pubblicitario o di vendita diretta o per il compimento di ricerche di mercato o di comunicazione commerciale.<\/p>\n<p>10. Per esercitare tali diritti pu\u00f3 rivolgersi al titolare del trattamento. Il responsabile del trattamento medesimo \u00e8:<\/p>\n<p><strong>STARRY SKY<br \/>\nCHARMING HOUSE<\/strong><\/p>\n<p>VIA GIUSEPPE GARIBALDI, 113<br \/>\n07041 ALGHERO, ITALIA<\/p>\n<p>P.Iva 02465920904<\/p>\n<p>&nbsp;<\/p>\n<hr \/>\n<p>&nbsp;<\/p>\n<p>Cookie<\/p>\n<p><strong>Cos\u2019\u00e8 un cookie?<\/strong><br \/>\nUn cookie \u00e8 un piccolo frammento di dati che un sito web deposita nel browser del tuo computer o del tuo dispositivo mobile.<\/p>\n<p><strong>Perch\u00e9 si utilizzano i cookie?<\/strong><br \/>\nLe pagine web non hanno memoria. Se navighi da una pagina all\u2019altra all\u2019interno di un sito web, non sarai riconosciuto come lo stesso utente in ciascuna delle pagine. I cookie ti consentono di essere riconosciuto dal sito web come utente unico. I cookie permettono anche di memorizzare le tue scelte, per esempio la lingua che preferisci, la valuta che hai impostato e i criteri di ricerca. I cookie ti consentono anche di essere riconosciuto alla tua visita successiva.<\/p>\n<p><strong>I cookie sono tutti uguali?<\/strong><br \/>\nNo, esistono vari tipi di cookie e diversi modi di utilizzarli. I cookie si distinguono in base alla funzione svolta, alla loro durata e a chi li ha inseriti in un sito web.<\/p>\n<p><strong>Come vengono utilizzati i cookie?<\/strong><br \/>\nIl nostro sito utilizza i seguenti tipi di cookie:<\/p>\n<p>\u2022 Cookie tecnici: Vogliamo offrire ai nostri visitatori un sito all\u2019avanguardia e di facile utilizzo. Per fare in modo che questo accada, utilizziamo i cookie tecnici per consentirti di visualizzare il nostro sito web e di farlo funzionare correttamente. I cookie tecnici sono indispensabili per il corretto funzionamento del nostro sito.<\/p>\n<p>\u2022 Cookie funzionali: Utilizziamo i cookie funzionali per ricordare le tue preferenze e per aiutarti a usare il nostro sito web in modo efficace ed efficiente, per esempio memorizzando le pagine e le eventuali offerte che hai visualizzato in precedenza. I cookie funzionali non sono indispensabili per il funzionamento del sito web, ma aggiungono funzionalit\u00e0 e migliorano la tua esperienza complessiva, permettendoti ad esempio di usufruire delle migliori offerte.<\/p>\n<p>\u2022 Cookie analitici: Utilizziamo i cookie analitici per capire meglio come i nostri visitatori usano il sito web, per capire cosa funziona o cosa no, per ottimizzare e migliorare il sito e per assicurarci che il sito sia sempre interessante e rilevante. I dati che ricaviamo includono le pagine web visitate, le pagine di uscita e di ingresso, il tipo di piattaforma, informazioni su data e ora e dati come il numero di click su una determinata pagina, le parole cercate e i testi inseriti durante l\u2019utilizzo del sito. Anche i nostri partner commerciali potrebbero utilizzare cookie analitici per sapere se i loro utenti fanno uso delle offerte integrate nei loro siti.<\/p>\n<p><strong>Per quanto tempo restano attivi i cookie?<\/strong><br \/>\nI cookie impostati direttamente dal nostro sito hanno una durata di 3 settimane. In qualsiasi momento puoi cancellare tutti i cookie dal browser. Per rimuovere i cookie dal tuo browser, segui le istruzioni riportate a questo indirizzo https:\/\/support.google.com\/accounts\/answer\/32050?hl=it<\/p>\n<p><strong>Come puoi riconoscere i nostri cookie ?<\/strong><br \/>\nPuoi trovare i nostri cookie tra le impostazioni del tuo browser.<\/p>\n<p><strong>Sono inclusi i cookie analitici e di marketing di terze parti?<\/strong><br \/>\nS\u00ec, il nostro sito incorpora diversi cookie di terze parti rilasciati da widget che sono inclusi nel sito.<\/p>\n<p>Questi cookie vengono utilizzati a fini statistici e permettono una migliore esperienza ed integrazione con questi servizi terzi (Google Analytics, TripAdvisor, i principali social networks, etc\u2026).<\/p>\n<p>In particolare, per tenere sotto controllo la raccolta di dati ai fini di analisi effettuata da Google Analytics, visita la pagina del Componente aggiuntivo del browser per la disattivazione di Google Analytics.<\/p>\n<p><strong>Come puoi modificare le preferenze relative ai cookie?<\/strong><br \/>\nDalle impostazioni del tuo browser (per esempio Internet Explorer, Safari, Firefox o Chrome) potrai stabilire quali sono i cookie che desideri ricevere e quali no. Per sapere dove puoi trovare queste impostazioni, che possono variare a seconda del browser utilizzato, usa la funzione \u201cHelp\u201d o Aiuto\u201d del tuo browser.<\/p>\n<p>Se decidi di non accettare determinati cookie, potresti non essere in grado di utilizzare correttamente alcune funzioni del nostro sito. In ogni caso, la funzione \u201cDo Not Track\u201d offerta da alcuni browser (denominata \u201cNon tenere traccia\u201d, \u201cNon effettuare alcun tracciamento\u201d o altro a seconda del tipo di browser) potrebbe non funzionare sul nostro sito.<\/p>\n<p><strong>Come disabilitare i cookie mediante configurazione del browser?<\/strong><br \/>\nSe desideri approfondire le modalit\u00e0 con cui il tuo browser memorizza i cookies durante la tua navigazione, ti invitiamo a seguire questi link sui siti dei rispettivi fornitori.<\/p>\n<table class=\"table\">\n<tbody>\n<tr>\n<td><a href=\"https:\/\/support.mozilla.org\/it\/kb\/Gestione%20dei%20cookie\" target=\"_blank\" rel=\"noopener\">Mozilla Firefox<\/a><\/td>\n<td>https:\/\/support.mozilla.org\/it\/kb\/Gestione%20dei%20cookie<\/td>\n<\/tr>\n<tr>\n<td><a href=\"https:\/\/support.google.com\/chrome\/answer\/95647?hl=it\" target=\"_blank\" rel=\"noopener\">Google Chrome<\/a><\/td>\n<td>https:\/\/support.google.com\/chrome\/answer\/95647?hl=it<\/td>\n<\/tr>\n<tr>\n<td><a href=\"http:\/\/windows.microsoft.com\/it-it\/windows-vista\/block-or-allow-cookies\" target=\"_blank\" rel=\"noopener\">Internet Explorer<\/a><\/td>\n<td>http:\/\/windows.microsoft.com\/it-it\/windows-vista\/block-or-allow-cookies<\/td>\n<\/tr>\n<tr>\n<td><a href=\"https:\/\/support.apple.com\/kb\/PH17191?viewlocale=it_IT&amp;locale=en_US\" target=\"_blank\" rel=\"noopener\">Safari 6\/7 Mavericks<\/a><\/td>\n<td>https:\/\/support.apple.com\/kb\/PH17191?viewlocale=it_IT&amp;locale=it_IT<\/td>\n<\/tr>\n<tr>\n<td><a href=\"https:\/\/support.apple.com\/kb\/PH19214?viewlocale=it_IT&amp;locale=en_US\" target=\"_blank\" rel=\"noopener\">Safari 8 Yosemite<\/a><\/td>\n<td>https:\/\/support.apple.com\/kb\/PH19214?viewlocale=it_IT&amp;locale=it_IT<\/td>\n<\/tr>\n<tr>\n<td><a href=\"https:\/\/support.apple.com\/it-it\/HT201265\" target=\"_blank\" rel=\"noopener\">Safari su iPhone, iPad, o iPod touch<\/a><\/td>\n<td>https:\/\/support.apple.com\/it-it\/HT201265<\/td>\n<\/tr>\n<\/tbody>\n<\/table>\n[\/vc_column_text]<hr class=\"vertical-space2\">[vc_separator][\/vc_column][\/vc_row]\n<\/div>","protected":false},"excerpt":{"rendered":"<p>[vc_row row_type=\u00bb2&#8243; blox_bgcolor=\u00bb#ffffff\u00bb][vc_column css=\u00bb.vc_custom_1474103981862{margin-bottom: 4px !important;}\u00bb][vc_column_text]INFORMATIVA AI SENSI DEL Dlgs. 196\/2003 Informativa sulla Privacy: Oggetto: Informativa sul trattamento dei Suoi dati personali, ai sensi dell\u2019articolo 13 del Dlgs 196\/2003, recante il codice in materia di protezione dei dati personali, e richiesta del Suo consenso al trattamento di taluni dati. 1. Il Dlgs 196\/2003 ha introdotto il codice in materia di protezione dei dati personali. In ottemperanza a quanto previsto da tale codice, il trattamento dei dati personali da parte della nostra organizzazione \u00e8 improntato ai principi di correttezza, liceit\u00e0 e trasparenza e di tutela della riservatezza e dei diritti dei soggetti cui i dati si riferiscono. 2. In tale ambito, Le forniamo l\u2019informativa prevista dall\u2019articolo 13 Dlgs 196\/2003 e Le chiediamo di esprimere il suo consenso per il trattamento dei dati personali in seguito specificati per le seguenti finalit\u00e0: a. gestire la sua richiesta di informazioni e\/o prenotazione al fine di fornirle le indicazioni a riguardo 3. Il conferimento dei Suoi dati \u00e8 obbligatorio per il conseguimento delle finalit\u00e0 di cui sopra; il loro mancato, parziale o inesatto conferimento potrebbe avere come conseguenza l\u2019impossibilit\u00e0 di fornirLe i servizi richiesti. 4. Nel caso in cui abbia espresso il consenso e fino alla revoca dello stesso, i Suoi dati personali forniti saranno altres\u00e8 trattati per le seguenti ulteriori finalit\u00e0: a. elaborare studi e ricerche statistiche e di mercato; b. inviare tramite posta, posta elettronica e\/o canali telefonici, materiale pubblicitario, informativo e informazioni commerciali; c. compiere attivit\u00e0 dirette ed indirette di vendita e di collocamento; d. effettuare comunicazioni commerciali interattive; e. effettuare rilevazioni del grado di soddisfazione della clientela sulla qualit\u00e0 dei servizi forniti (anche attraverso soggetti terzi). Lei potr\u00e0 revocare il consenso fornito per tali finalit\u00e0 in qualsiasi momento contattando il responsabile indicato al punto 10. Il consenso per i trattamenti e&#8230; <\/p>\n<p><a class=\"readmore\" href=\"https:\/\/www.starryskyalghero.com\/es\/informativa-sulla-privacy-e-cookie-policy\/\">Continue Reading<\/a><\/p>\n","protected":false},"author":1,"featured_media":0,"parent":0,"menu_order":0,"comment_status":"closed","ping_status":"closed","template":"","meta":{"footnotes":""},"class_list":["post-14123","page","type-page","status-publish","hentry"],"_links":{"self":[{"href":"https:\/\/www.starryskyalghero.com\/es\/wp-json\/wp\/v2\/pages\/14123","targetHints":{"allow":["GET"]}}],"collection":[{"href":"https:\/\/www.starryskyalghero.com\/es\/wp-json\/wp\/v2\/pages"}],"about":[{"href":"https:\/\/www.starryskyalghero.com\/es\/wp-json\/wp\/v2\/types\/page"}],"author":[{"embeddable":true,"href":"https:\/\/www.starryskyalghero.com\/es\/wp-json\/wp\/v2\/users\/1"}],"replies":[{"embeddable":true,"href":"https:\/\/www.starryskyalghero.com\/es\/wp-json\/wp\/v2\/comments?post=14123"}],"version-history":[{"count":1,"href":"https:\/\/www.starryskyalghero.com\/es\/wp-json\/wp\/v2\/pages\/14123\/revisions"}],"predecessor-version":[{"id":14124,"href":"https:\/\/www.starryskyalghero.com\/es\/wp-json\/wp\/v2\/pages\/14123\/revisions\/14124"}],"wp:attachment":[{"href":"https:\/\/www.starryskyalghero.com\/es\/wp-json\/wp\/v2\/media?parent=14123"}],"curies":[{"name":"wp","href":"https:\/\/api.w.org\/{rel}","templated":true}]}}