{"id":14090,"date":"2017-08-04T17:27:50","date_gmt":"2017-08-04T15:27:50","guid":{"rendered":"https:\/\/www.starryskyalghero.com\/alghero\/"},"modified":"2017-09-05T11:41:20","modified_gmt":"2017-09-05T09:41:20","slug":"alghero","status":"publish","type":"page","link":"https:\/\/www.starryskyalghero.com\/es\/alghero\/","title":{"rendered":"Alghero"},"content":{"rendered":"<div class=\"wpb-content-wrapper\">[vc_row row_type=\u00bb2&#8243; blox_bgcolor=\u00bb#ffffff\u00bb][vc_column css=\u00bb.vc_custom_1474103981862{margin-bottom: 4px !important;}\u00bb]<hr class=\"vertical-space5\">[vc_row_inner][vc_column_inner width=\u00bb1\/6&#8243;][\/vc_column_inner][vc_column_inner width=\u00bb2\/3&#8243;]<article class=\"title-plus-text type-1 center \" style=\"text-align:center\" ><h3 style=\"color:#73736b\">Alghero<\/h3><h2 class=\"part-1\" style=\"color:#31312c\">Riviera del<\/h2><h2 class=\"part-2\" style=\"color:#530a59\">Corallo<\/h2><p>La ciudad se sit\u00faa en la costa noroeste de Cerde\u00f1a y representa el coraz\u00f3n de la \u201cRiviera del Corallo\u201d. Desde hace mucho tiempo, Alghero es el destino favorito de innumerables viajeros de toda clase de procedencia y edad. Esto se debe tanto a la oferta cultural como a la riqueza natural y arquitect\u00f3nica de su territorio.<\/p>\n<p>Alghero es una ciudad antigua de origen catalan y se diferencia de otras ciudades mediterr\u00e1neas por unos cu\u00e1ntos detalles que la convierten en una localidad sin igual en el mundo: la majestuosa muralla medieval que cae en picado en el mar y encierra el encantador casco antiguo con sus callejones empedrados, protegiendo las tradiciones, la cultura y la lengua de esta ciudad catalana.<\/p>\n<p>La costa se caracteriza por una naturaleza silvestre: la amplitud de las playas de arena fina, la t\u00edpica vegetaci\u00f3n mediterr\u00e1nea y las peque\u00f1as pero maravillosas calas frente al mar cristalino.<\/p>\n<p>La naturaleza y la historia son el tel\u00f3n de fondo de la renombrada amabilidad y calurosa acogida tan t\u00edpica de los pa\u00edses mediterr\u00e1neos y de la gran variedad de la oferta tur\u00edstica cuya finalidad es satisfacer tanto a los clientes que anhelan pasar sus vacaciones de verano en Alghero como a los que simplemente desear\u00edan viajar a Cerde\u00f1a por un fin de semana rom\u00e1ntico.<\/p><\/article>[\/vc_column_inner][vc_column_inner width=\u00bb1\/6&#8243;][\/vc_column_inner][\/vc_row_inner]<hr class=\"vertical-space2\">[vc_images_carousel images=\u00bb13965,13966,13967,13968,13969,13970,13971,13972,13973&#8243; img_size=\u00bbfull\u00bb mode=\u00bbvertical\u00bb autoplay=\u00bbyes\u00bb hide_prev_next_buttons=\u00bbyes\u00bb]<hr class=\"vertical-space5\">[vc_separator][\/vc_column][\/vc_row]\n<\/div>","protected":false},"excerpt":{"rendered":"<p>[vc_row row_type=\u00bb2&#8243; blox_bgcolor=\u00bb#ffffff\u00bb][vc_column css=\u00bb.vc_custom_1474103981862{margin-bottom: 4px !important;}\u00bb][vc_row_inner][vc_column_inner width=\u00bb1\/6&#8243;][\/vc_column_inner][vc_column_inner width=\u00bb2\/3&#8243;][\/vc_column_inner][vc_column_inner width=\u00bb1\/6&#8243;][\/vc_column_inner][\/vc_row_inner][vc_images_carousel images=\u00bb13965,13966,13967,13968,13969,13970,13971,13972,13973&#8243; img_size=\u00bbfull\u00bb mode=\u00bbvertical\u00bb autoplay=\u00bbyes\u00bb hide_prev_next_buttons=\u00bbyes\u00bb][vc_separator][\/vc_column][\/vc_row]<\/p>\n","protected":false},"author":1,"featured_media":0,"parent":0,"menu_order":0,"comment_status":"closed","ping_status":"closed","template":"","meta":{"footnotes":""},"class_list":["post-14090","page","type-page","status-publish","hentry"],"_links":{"self":[{"href":"https:\/\/www.starryskyalghero.com\/es\/wp-json\/wp\/v2\/pages\/14090","targetHints":{"allow":["GET"]}}],"collection":[{"href":"https:\/\/www.starryskyalghero.com\/es\/wp-json\/wp\/v2\/pages"}],"about":[{"href":"https:\/\/www.starryskyalghero.com\/es\/wp-json\/wp\/v2\/types\/page"}],"author":[{"embeddable":true,"href":"https:\/\/www.starryskyalghero.com\/es\/wp-json\/wp\/v2\/users\/1"}],"replies":[{"embeddable":true,"href":"https:\/\/www.starryskyalghero.com\/es\/wp-json\/wp\/v2\/comments?post=14090"}],"version-history":[{"count":3,"href":"https:\/\/www.starryskyalghero.com\/es\/wp-json\/wp\/v2\/pages\/14090\/revisions"}],"predecessor-version":[{"id":14094,"href":"https:\/\/www.starryskyalghero.com\/es\/wp-json\/wp\/v2\/pages\/14090\/revisions\/14094"}],"wp:attachment":[{"href":"https:\/\/www.starryskyalghero.com\/es\/wp-json\/wp\/v2\/media?parent=14090"}],"curies":[{"name":"wp","href":"https:\/\/api.w.org\/{rel}","templated":true}]}}