{"id":14381,"date":"2019-04-30T15:47:37","date_gmt":"2019-04-30T13:47:37","guid":{"rendered":"https:\/\/www.starryskyalghero.com\/dream-suite\/"},"modified":"2024-03-08T17:25:56","modified_gmt":"2024-03-08T16:25:56","slug":"dream-suite","status":"publish","type":"page","link":"https:\/\/www.starryskyalghero.com\/de\/dream-suite\/","title":{"rendered":"Dream Suite"},"content":{"rendered":"<div class=\"wpb-content-wrapper\">[vc_row row_type=&#8220;2&#8243; blox_bgcolor=&#8220;#ffffff&#8220;][vc_column css=&#8220;.vc_custom_1474103981862{margin-bottom: 4px !important;}&#8220;]<hr class=\"vertical-space5\">[vc_row_inner][vc_column_inner width=&#8220;1\/6&#8243;][\/vc_column_inner][vc_column_inner width=&#8220;2\/3&#8243;]<article class=\"title-plus-text type-1 center \" style=\"text-align:center\" ><h3 style=\"color:#73736b\">Starry Sky Charming House<\/h3><h2 class=\"part-1\" style=\"color:#31312c\">Dream<\/h2><h2 class=\"part-2\" style=\"color:#530a59\">Suite<\/h2><p>Unser Flaggschiff, die Dream Suite.<br \/>\nEin Raum, der allen Komfort, Eleganz und Raffinesse Ihres Urlaubs in der Stadt repr\u00e4sentiert.<br \/>\nDie Dream Suite empf\u00e4ngt G\u00e4ste mit elegant eingerichteten M\u00f6beln, exklusivem Komfort und modernster technologischer Ausstattung. Die Farbauswahl, die feinen Oberfl\u00e4chen und die spektakul\u00e4re Aussicht auf den Golf von Alghero verleihen Ihnen eine traumhafte Atmosph\u00e4re.<br \/>\nUm einen erholsamen Aufenthalt in Alghero zu gew\u00e4hrleisten, verf\u00fcgt das Zimmer \u00fcber einen Jacuzzi\u00aeDoppelwhirlpool und eine Jacuzzi\u00ae Frame 120-Duschkabine, einen t\u00e4glichen Wellnessbereich mit T\u00fcrkischem Bad und anpassbare Wellnessprogramme.<\/p><\/article><hr class=\"vertical-space2\">[vc_images_carousel images=&#8220;14884,14889,14894,14899,14904,14909,14914&#8243; img_size=&#8220;full&#8220; mode=&#8220;vertical&#8220; autoplay=&#8220;yes&#8220; hide_prev_next_buttons=&#8220;yes&#8220;]<hr class=\"vertical-space2\">[\/vc_column_inner][vc_column_inner width=&#8220;1\/6&#8243;][\/vc_column_inner][\/vc_row_inner][vc_row_inner][vc_column_inner width=&#8220;1\/6&#8243;][\/vc_column_inner][vc_column_inner width=&#8220;1\/6&#8243;][vc_column_text]\n<ul>\n<li>Meerblick<\/li>\n<li>Balkon<\/li>\n<li>Au\u00dfeneinrichtung<\/li>\n<li>Ultra HD 4K Smart TV ambilight<\/li>\n<li>Netflix<\/li>\n<li>Safe<\/li>\n<li>Klimaanlage<\/li>\n<\/ul>\n[\/vc_column_text][\/vc_column_inner][vc_column_inner width=&#8220;1\/6&#8243;][vc_column_text]\n<ul>\n<li>Schreibtisch<\/li>\n<li>Parkettboden<\/li>\n<li>Kleiderschrank\/Garderobe<\/li>\n<li>Allergikerbettw\u00e4sche<\/li>\n<li>Zweisitzige Massagendusche<\/li>\n<li>Kromotherapie<\/li>\n<li>Haartrockner<\/li>\n<\/ul>\n[\/vc_column_text][\/vc_column_inner][vc_column_inner width=&#8220;1\/6&#8243;][vc_column_text]\n<ul>\n<li>WC &#8211; bidet<\/li>\n<li>Jacuzzi\u00aeDoppelwhirlpool<\/li>\n<li>Jacuzzi\u00ae Frame 120-Duschkabine, einen t\u00e4glichen Wellnessbereich mit T\u00fcrkischem Bad und anpassbare Wellnessprogramme Minibar<\/li>\n<\/ul>\n[\/vc_column_text][\/vc_column_inner][vc_column_inner width=&#8220;1\/6&#8243;][vc_column_text]\n<ul>\n<li>Handt\u00fccher\/Bettt\u00fccher<\/li>\n<li>Willkommensset<\/li>\n<li>Magnetkarte<\/li>\n<li>Privater Parkplatz<\/li>\n<\/ul>\n[\/vc_column_text][\/vc_column_inner][vc_column_inner width=&#8220;1\/6&#8243;][\/vc_column_inner][\/vc_row_inner]<hr class=\"vertical-space5\">[vc_separator][\/vc_column][\/vc_row]\n<\/div>","protected":false},"excerpt":{"rendered":"<p>[vc_row row_type=&#8220;2&#8243; blox_bgcolor=&#8220;#ffffff&#8220;][vc_column css=&#8220;.vc_custom_1474103981862{margin-bottom: 4px !important;}&#8220;][vc_row_inner][vc_column_inner width=&#8220;1\/6&#8243;][\/vc_column_inner][vc_column_inner width=&#8220;2\/3&#8243;][vc_images_carousel images=&#8220;14884,14889,14894,14899,14904,14909,14914&#8243; img_size=&#8220;full&#8220; mode=&#8220;vertical&#8220; autoplay=&#8220;yes&#8220; hide_prev_next_buttons=&#8220;yes&#8220;][\/vc_column_inner][vc_column_inner width=&#8220;1\/6&#8243;][\/vc_column_inner][\/vc_row_inner][vc_row_inner][vc_column_inner width=&#8220;1\/6&#8243;][\/vc_column_inner][vc_column_inner width=&#8220;1\/6&#8243;][vc_column_text] Meerblick Balkon Au\u00dfeneinrichtung Ultra HD 4K Smart TV ambilight Netflix Safe Klimaanlage [\/vc_column_text][\/vc_column_inner][vc_column_inner width=&#8220;1\/6&#8243;][vc_column_text] Schreibtisch Parkettboden Kleiderschrank\/Garderobe Allergikerbettw\u00e4sche Zweisitzige Massagendusche Kromotherapie Haartrockner [\/vc_column_text][\/vc_column_inner][vc_column_inner width=&#8220;1\/6&#8243;][vc_column_text] WC &#8211; bidet Jacuzzi\u00aeDoppelwhirlpool Jacuzzi\u00ae Frame 120-Duschkabine, einen t\u00e4glichen Wellnessbereich mit T\u00fcrkischem Bad und anpassbare Wellnessprogramme Minibar [\/vc_column_text][\/vc_column_inner][vc_column_inner width=&#8220;1\/6&#8243;][vc_column_text] Handt\u00fccher\/Bettt\u00fccher Willkommensset Magnetkarte Privater Parkplatz [\/vc_column_text][\/vc_column_inner][vc_column_inner width=&#8220;1\/6&#8243;][\/vc_column_inner][\/vc_row_inner][vc_separator][\/vc_column][\/vc_row]<\/p>\n","protected":false},"author":1,"featured_media":0,"parent":0,"menu_order":0,"comment_status":"closed","ping_status":"closed","template":"","meta":{"footnotes":""},"class_list":["post-14381","page","type-page","status-publish","hentry"],"_links":{"self":[{"href":"https:\/\/www.starryskyalghero.com\/de\/wp-json\/wp\/v2\/pages\/14381","targetHints":{"allow":["GET"]}}],"collection":[{"href":"https:\/\/www.starryskyalghero.com\/de\/wp-json\/wp\/v2\/pages"}],"about":[{"href":"https:\/\/www.starryskyalghero.com\/de\/wp-json\/wp\/v2\/types\/page"}],"author":[{"embeddable":true,"href":"https:\/\/www.starryskyalghero.com\/de\/wp-json\/wp\/v2\/users\/1"}],"replies":[{"embeddable":true,"href":"https:\/\/www.starryskyalghero.com\/de\/wp-json\/wp\/v2\/comments?post=14381"}],"version-history":[{"count":4,"href":"https:\/\/www.starryskyalghero.com\/de\/wp-json\/wp\/v2\/pages\/14381\/revisions"}],"predecessor-version":[{"id":14992,"href":"https:\/\/www.starryskyalghero.com\/de\/wp-json\/wp\/v2\/pages\/14381\/revisions\/14992"}],"wp:attachment":[{"href":"https:\/\/www.starryskyalghero.com\/de\/wp-json\/wp\/v2\/media?parent=14381"}],"curies":[{"name":"wp","href":"https:\/\/api.w.org\/{rel}","templated":true}]}}