{"id":14289,"date":"2016-09-17T08:30:45","date_gmt":"2016-09-17T08:30:45","guid":{"rendered":"https:\/\/www.starryskyalghero.com\/home\/"},"modified":"2024-03-06T18:53:10","modified_gmt":"2024-03-06T17:53:10","slug":"home","status":"publish","type":"page","link":"https:\/\/www.starryskyalghero.com\/de\/","title":{"rendered":"Home"},"content":{"rendered":"<div class=\"wpb-content-wrapper\">[vc_row row_type=&#8220;1&#8243;][vc_column][rev_slider_vc alias=&#8220;home-rev-slider01&#8243;][\/vc_column][\/vc_row][vc_row row_type=&#8220;2&#8243; blox_bgcolor=&#8220;#f2f2f2&#8243;][vc_column]<hr class=\"vertical-space2\"><hr class=\"vertical-space5\">[\/vc_column][\/vc_row][vc_row row_type=&#8220;2&#8243; blox_padding_top=&#8220;10&#8243; blox_bgcolor=&#8220;#f2f2f2&#8243;][vc_column width=&#8220;1\/4&#8243;][vc_column_text el_class=&#8220;about-home2&#8243;]\n<div style=\"background: #21072a; padding: 20% 23px 20%;\">\n<h4 style=\"color: #fff; font-size: 14px; font-family: 'Playfair Display'; font-style: italic;\">Charming House<\/h4>\n<h3 style=\"font-size: 33px; color: #fff;\"><strong>Starry Sky<\/strong><\/h3>\n<h4 style=\"font-size: 16px; font-weight: 500; color: #b97ebb; margin-top: 20px; padding-top: 20px; border-top: 1px solid #50485b;\">Suchen Sie eine Alternative zum Hotel im Stadtzentrum?<\/h4>\n<p style=\"color: #eee; font-weight: 300; font-size: 14px;\">Das Starry Sky Charming House<br \/>\nist die ideale L\u00f6sung,<br \/>\nwenn Sie bequem wie<br \/>\nim GuestHouse<br \/>\n\u00fcbernachten m\u00f6chten,<br \/>\nohne auf den Komfort<br \/>\nvon hervorragenden<br \/>\nLeistungen zu verzichten<\/p>\n<p><a class=\"button gold square large\" href=\"https:\/\/www.starryskyalghero.com\/de\/zimmer\/\" target=\"_self\" rel=\"noopener noreferrer\">Weiterlesen<\/a><\/p>\n<\/div>\n[\/vc_column_text]<hr class=\"vertical-space5\"><hr class=\"vertical-space5\">[\/vc_column][vc_column width=&#8220;3\/4&#8243;]\r\n\t\t\t<div class=\"clearfix\">\r\n\t\t\t\t<div class=\"container\">\r\n\t\t\t\t\t<div class=\"w-image-carousel owl-carousel owl-theme\" data-items=\"3\" >\r\n\t\t\t\t\t\t\t<div class=\"services-carousel\">\r\n\t\t\t\t\t\t\t\t<img decoding=\"async\" src=\"https:\/\/www.starryskyalghero.com\/wp-content\/uploads\/2016\/09\/0000_07-starry-sky-vacanza-ad-alghero.jpg\">\r\n\t\t\t\t\t\t\t<\/div>\r\n\t\t\t\t\t\t\t<div class=\"services-carousel\">\r\n\t\t\t\t\t\t\t\t<img decoding=\"async\" src=\"https:\/\/www.starryskyalghero.com\/wp-content\/uploads\/2016\/09\/0001_06-starry-sky-vacanza-ad-alghero.jpg\">\r\n\t\t\t\t\t\t\t<\/div>\r\n\t\t\t\t\t\t\t<div class=\"services-carousel\">\r\n\t\t\t\t\t\t\t\t<img decoding=\"async\" src=\"https:\/\/www.starryskyalghero.com\/wp-content\/uploads\/2016\/09\/0002_05-starry-sky-vacanza-ad-alghero.jpg\">\r\n\t\t\t\t\t\t\t<\/div>\r\n\t\t\t\t\t\t\t<div class=\"services-carousel\">\r\n\t\t\t\t\t\t\t\t<img decoding=\"async\" src=\"https:\/\/www.starryskyalghero.com\/wp-content\/uploads\/2016\/09\/0003_04-starry-sky-vacanza-ad-alghero.jpg\">\r\n\t\t\t\t\t\t\t<\/div>\r\n\t\t\t\t\t\t\t<div class=\"services-carousel\">\r\n\t\t\t\t\t\t\t\t<img decoding=\"async\" src=\"https:\/\/www.starryskyalghero.com\/wp-content\/uploads\/2016\/09\/0004_03-starry-sky-vacanza-ad-alghero.jpg\">\r\n\t\t\t\t\t\t\t<\/div>\r\n\t\t\t\t\t\t\t<div class=\"services-carousel\">\r\n\t\t\t\t\t\t\t\t<img decoding=\"async\" src=\"https:\/\/www.starryskyalghero.com\/wp-content\/uploads\/2016\/09\/0005_02-starry-sky-vacanza-ad-alghero.jpg\">\r\n\t\t\t\t\t\t\t<\/div>\r\n\t\t\t\t\t\t\t<div class=\"services-carousel\">\r\n\t\t\t\t\t\t\t\t<img decoding=\"async\" src=\"https:\/\/www.starryskyalghero.com\/wp-content\/uploads\/2016\/09\/0006_01-starry-sky-vacanza-ad-alghero.jpg\">\r\n\t\t\t\t\t\t\t<\/div>\r\n\t\t\t\t\t<\/div>\r\n\t\t\t\t<\/div>\r\n\t\t\t<\/div><hr class=\"vertical-space5\"><hr class=\"vertical-space5\">[\/vc_column][\/vc_row][vc_row row_type=&#8220;2&#8243; blox_bgcolor=&#8220;#f2f2f2&#8243;][vc_column]<hr class=\"vertical-space3\"><article class=\"title-plus-text type-1 center \" style=\"text-align:center\" ><h3 style=\"color:#888888\">entdecken Sie Ihr Starry Sky<\/h3><h2 class=\"part-1\" style=\"color:#000000\">Charming<\/h2><h2 class=\"part-2\" style=\"color:#530a59\">House<\/h2><p>Das Starry Sky Charming House erf\u00fcllt die W\u00fcnsche der anspruchsvollsten G\u00e4ste:<br \/>\nModerne und helle Zimmer mit himmlischer Aussicht auf das Meer von Alghero,<br \/>\nelegante Einrichtung und eine mit leuchtenden Sternen verzierte Zimmerdecke,<br \/>\ndamit jedes Zimmer seinen eigenen Himmel hat.<\/p><\/article><hr class=\"vertical-space3\">[\/vc_column][\/vc_row][vc_row row_type=&#8220;3&#8243;][vc_column][rev_slider_vc alias=&#8220;home-slider2&#8243;][\/vc_column][\/vc_row][vc_row row_type=&#8220;2&#8243; blox_bgcolor=&#8220;#f2f2f2&#8243;][vc_column]<hr class=\"vertical-space5\"><hr class=\"vertical-space3\"><article class=\"title-plus-text type-1 center \" style=\"text-align:center\" ><h3 style=\"color:#888888\">entdecken Sie Ihr Starry Sky<\/h3><h2 class=\"part-1\" style=\"color:#000000\">Zimmer &amp;<\/h2><h2 class=\"part-2\" style=\"color:#530a59\">Suites<\/h2><p>Das Haus verf\u00fcgt \u00fcber 5 exklusive Zimmer, Hier k\u00f6nnen Sie sich erholen, w\u00e4hrend Sie das Panorama von den Festungsmauern bis zum Capo Caccia genie\u00dfen.<\/p>\n<p>Hier k\u00f6nnen Sie sich erholen, w\u00e4hrend Sie das Panorama von den Festungsmauern bis zum Capo Caccia genie\u00dfen.<\/p><\/article>[\/vc_column][\/vc_row][vc_row row_type=&#8220;2&#8243; blox_bgcolor=&#8220;#f2f2f2&#8243;][vc_column width=&#8220;1\/3&#8243;]<hr class=\"vertical-space3\">\r\n\t\t\t<div class=\"suite-toggle\" style=\"background-color:#090c13\" >\r\n\t\t\t\t<div class=\"main-content\">\r\n\t\t\t\t\t<h3>PANORAMIC ROOM<br \/>\nAb Euro 100 pro Nacht<\/h3>\r\n\t\t\t\t\t<div class=\"service-icon\">\r\n\t\t\t\t\t\t<i class=\"none\"><\/i>\r\n\t\t\t\t\t<\/div>\r\n\t\t\t\t<\/div>\r\n\t\t\t\t<div class=\"toggle-content\">\r\n\t\t\t\t\t<div class=\"extra-content\"><p>Balkon mit Meerblick<br \/>\nAu\u00dfeneinrichtung<br \/>\nUltra HD 4K Smart TV<br \/>\nNetflix<br \/>\nSafe<br \/>\nKlimaanlage<br \/>\nSchreibtisch<br \/>\nParkettboden<br \/>\nKleiderschrank\/Garderobe<br \/>\nAllergikerbettw\u00e4sche<br \/>\nZweisitzige Massagendusche<br \/>\nKromotherapie<br \/>\nHaartrockner<br \/>\nWC<br \/>\nWhirpool<br \/>\nBidet<br \/>\nMinibar<br \/>\nHandt\u00fccher\/Bettt\u00fccher<br \/>\nWillkommensset<br \/>\nMagnetkarte<br \/>\nPrivater Parkplatz<\/p>\n <\/div>\r\n\t\t\t\t\t<span><i class=\"ti-plus\" style=\"color:#090c13\"><\/i><\/span>\r\n\t\t\t\t<\/div>\r\n\t\t\t<\/div>\r\n\t\t<hr class=\"vertical-space2\">[\/vc_column][vc_column width=&#8220;1\/3&#8243;]<hr class=\"vertical-space3\">\r\n\t\t\t<div class=\"suite-toggle\" style=\"background-color:#21072a\" >\r\n\t\t\t\t<div class=\"main-content\">\r\n\t\t\t\t\t<h3>DELUXE ROOM<br \/>\nAb Euro 80 pro Nacht<\/h3>\r\n\t\t\t\t\t<div class=\"service-icon\">\r\n\t\t\t\t\t\t<i class=\"none\"><\/i>\r\n\t\t\t\t\t<\/div>\r\n\t\t\t\t<\/div>\r\n\t\t\t\t<div class=\"toggle-content\">\r\n\t\t\t\t\t<div class=\"extra-content\"><p>Balkon mit Meerblick<br \/>\nAu\u00dfeneinrichtung<br \/>\nUltra HD 4K Smart TV<br \/>\nNetflix<br \/>\nSafe<br \/>\nKlimaanlage<br \/>\nSchreibtisch<br \/>\nParkettboden<br \/>\nKleiderschrank\/Garderobe<br \/>\nAllergikerbettw\u00e4sche<br \/>\nZweisitzige Massagendusche<br \/>\nKromotherapie<br \/>\nHaartrockner<br \/>\nWC<br \/>\nWhirpool<br \/>\nBidet<br \/>\nMinibar<br \/>\nHandt\u00fccher\/Bettt\u00fccher<br \/>\nWillkommensset<br \/>\nMagnetkarte<br \/>\nPrivater Parkplatz<\/p>\n <\/div>\r\n\t\t\t\t\t<span><i class=\"ti-plus\" style=\"color:#21072a\"><\/i><\/span>\r\n\t\t\t\t<\/div>\r\n\t\t\t<\/div>\r\n\t\t<hr class=\"vertical-space2\">[\/vc_column][vc_column width=&#8220;1\/3&#8243;]<hr class=\"vertical-space3\">\r\n\t\t\t<div class=\"suite-toggle\" style=\"background-color:#530a59\" >\r\n\t\t\t\t<div class=\"main-content\">\r\n\t\t\t\t\t<h3>SUPERIOR ROOM<br \/>\nAb Euro 80 pro Nacht<\/h3>\r\n\t\t\t\t\t<div class=\"service-icon\">\r\n\t\t\t\t\t\t<i class=\"none\"><\/i>\r\n\t\t\t\t\t<\/div>\r\n\t\t\t\t<\/div>\r\n\t\t\t\t<div class=\"toggle-content\">\r\n\t\t\t\t\t<div class=\"extra-content\"><p>Balkon mit Meerblick<br \/>\nAu\u00dfeneinrichtung<br \/>\nUltra HD 4K Smart TV<br \/>\nNetflix<br \/>\nSafe<br \/>\nKlimaanlage<br \/>\nSchreibtisch<br \/>\nParkettboden<br \/>\nKleiderschrank\/Garderobe<br \/>\nAllergikerbettw\u00e4sche<br \/>\nZweisitzige Massagendusche<br \/>\nKromotherapie<br \/>\nHaartrockner<br \/>\nWC<br \/>\nWhirpool<br \/>\nBidet<br \/>\nMinibar<br \/>\nHandt\u00fccher\/Bettt\u00fccher<br \/>\nWillkommensset<br \/>\nMagnetkarte<br \/>\nPrivater Parkplatz<\/p>\n <\/div>\r\n\t\t\t\t\t<span><i class=\"ti-plus\" style=\"color:#530a59\"><\/i><\/span>\r\n\t\t\t\t<\/div>\r\n\t\t\t<\/div>\r\n\t\t<hr class=\"vertical-space2\">[\/vc_column][\/vc_row][vc_row row_type=&#8220;2&#8243; blox_bgcolor=&#8220;#f2f2f2&#8243;][vc_column width=&#8220;1\/2&#8243;]\r\n\t\t\t<div class=\"suite-toggle\" style=\"background-color:#090844\" >\r\n\t\t\t\t<div class=\"main-content\">\r\n\t\t\t\t\t<h3>STARRY SUITE<br \/>\nAb Euro 110 pro Nacht<\/h3>\r\n\t\t\t\t\t<div class=\"service-icon\">\r\n\t\t\t\t\t\t<i class=\"none\"><\/i>\r\n\t\t\t\t\t<\/div>\r\n\t\t\t\t<\/div>\r\n\t\t\t\t<div class=\"toggle-content\">\r\n\t\t\t\t\t<div class=\"extra-content\"><p>Balkon mit Meerblick<br \/>\nAu\u00dfeneinrichtung<br \/>\nUltra HD 4K Smart TV<br \/>\nNetflix<br \/>\nSafe<br \/>\nKlimaanlage<br \/>\nSchreibtisch<br \/>\nParkettboden<br \/>\nKleiderschrank\/Garderobe<br \/>\nAllergikerbettw\u00e4sche<br \/>\nZweisitzige Massagendusche<br \/>\nKromotherapie<br \/>\nHaartrockner<br \/>\nWC<br \/>\nWhirpool<br \/>\nBidet<br \/>\nMinibar<br \/>\nHandt\u00fccher\/Bettt\u00fccher<br \/>\nWillkommensset<br \/>\nMagnetkarte<br \/>\nPrivater Parkplatz<\/p>\n <\/div>\r\n\t\t\t\t\t<span><i class=\"ti-plus\" style=\"color:#090844\"><\/i><\/span>\r\n\t\t\t\t<\/div>\r\n\t\t\t<\/div>\r\n\t\t<hr class=\"vertical-space2\">[\/vc_column][vc_column width=&#8220;1\/2&#8243;]\r\n\t\t\t<div class=\"suite-toggle\" style=\"background-color:#0d0472\" >\r\n\t\t\t\t<div class=\"main-content\">\r\n\t\t\t\t\t<h3>DREAM SUITE<br \/>\nAb Euro 150 pro Nacht<\/h3>\r\n\t\t\t\t\t<div class=\"service-icon\">\r\n\t\t\t\t\t\t<i class=\"none\"><\/i>\r\n\t\t\t\t\t<\/div>\r\n\t\t\t\t<\/div>\r\n\t\t\t\t<div class=\"toggle-content\">\r\n\t\t\t\t\t<div class=\"extra-content\"><p>Meerblick<br \/>\nBalkon<br \/>\nAu\u00dfeneinrichtung<br \/>\nUltra HD 4K Smart TV ambilight<br \/>\nNetflix<br \/>\nSafe<br \/>\nKlimaanlage<br \/>\nSchreibtisch<br \/>\nParkettboden<br \/>\nKleiderschrank\/Garderobe<br \/>\nAllergikerbettw\u00e4sche<br \/>\nZweisitzige Massagendusche<br \/>\nKromotherapie<br \/>\nHaartrockner<br \/>\nWC - bidet<br \/>\nJacuzzi\u00aeDoppelwhirlpool<br \/>\nJacuzzi\u00ae Frame 120-Duschkabine, einen t\u00e4glichen Wellnessbereich mit T\u00fcrkischem Bad und anpassbare Wellnessprogramme Minibar<br \/>\nHandt\u00fccher\/Bettt\u00fccher<br \/>\nWillkommensset<br \/>\nMagnetkarte<br \/>\nPrivater Parkplatz<\/p>\n <\/div>\r\n\t\t\t\t\t<span><i class=\"ti-plus\" style=\"color:#0d0472\"><\/i><\/span>\r\n\t\t\t\t<\/div>\r\n\t\t\t<\/div>\r\n\t\t<hr class=\"vertical-space2\">[\/vc_column][\/vc_row][vc_row row_type=&#8220;2&#8243;][vc_column][rev_slider_vc alias=&#8220;home-slider3&#8243;][\/vc_column][\/vc_row][vc_row row_type=&#8220;2&#8243; blox_bgcolor=&#8220;#f2f2f2&#8243;][vc_column]<hr class=\"vertical-space5\"><article class=\"title-plus-text type-1 center \" style=\"text-align:center\" ><h3 style=\"color:#888888\">entdecken Sie Ihr Starry Sky<\/h3><h2 class=\"part-1\" style=\"color:#000000\">Wie wir <\/h2><h2 class=\"part-2\" style=\"color:#530a59\">Uns finden<\/h2><p>Warme traumhafte Sonnenunterg\u00e4nge, lange Sandstr\u00e4nde, eine Altstadt, die auf den Golf der Riviera del Corallo blickt:<br \/>\nDas k\u00f6nnen Sie nur bei einem Urlaub in Alghero, entlang der Nord-Westk\u00fcste Sardiniens, erleben.<\/p>\n<p>Unser Haus liegt im Herzen der Stadt, nur wenige Schritte vom Strand<br \/>\nund der Passeggiata Barcellona entfernt, wo Sie die einzigartige Stimmung der Sommerabende erleben k\u00f6nnen.<\/p><\/article><hr class=\"vertical-space3\">[\/vc_column][\/vc_row][vc_row row_type=&#8220;1&#8243;][vc_column][vc_gmaps link=&#8220;#E-8_JTNDaWZyYW1lJTIwc3JjJTNEJTIyaHR0cHMlM0ElMkYlMkZ3d3cuZ29vZ2xlLmNvbSUyRm1hcHMlMkZlbWJlZCUzRnBiJTNEJTIxMW0xOCUyMTFtMTIlMjExbTMlMjExZDMwMzAuNzYzMTAwNTQyMDQxMiUyMTJkOC4zMTc0NjYxMTQ4ODM5NTYlMjEzZDQwLjU2ODkwODQ1NDI5NDk3JTIxMm0zJTIxMWYwJTIxMmYwJTIxM2YwJTIxM20yJTIxMWkxMDI0JTIxMmk3NjglMjE0ZjEzLjElMjEzbTMlMjExbTIlMjExczB4MTJkY2YxZmFhMTUyMWY1YiUyNTNBMHhmNDA3OWUwMGQ1MjlhZTY5JTIxMnNWaWElMkJHaXVzZXBwZSUyQkdhcmliYWxkaSUyNTJDJTJCMTEzJTI1MkMlMkIwNzA0MSUyQkFsZ2hlcm8lMkJTUyUyMTVlMCUyMTNtMiUyMTFzaXQlMjEyc2l0JTIxNHYxNTAxODU1NTM2NzUzJTIyJTIwd2lkdGglM0QlMjIxMDAlMjUlMjIlMjBoZWlnaHQlM0QlMjI0NTAlMjIlMjBmcmFtZWJvcmRlciUzRCUyMjAlMjIlMjBzdHlsZSUzRCUyMmJvcmRlciUzQTAlMjIlMjBhbGxvd2Z1bGxzY3JlZW4lM0UlM0MlMkZpZnJhbWUlM0U=&#8220; css_animation=&#8220;fadeInUp&#8220; el_class=&#8220;mappa-home&#8220;][\/vc_column][\/vc_row]\n<\/div>","protected":false},"excerpt":{"rendered":"<p>[vc_row row_type=&#8220;1&#8243;][vc_column][rev_slider_vc alias=&#8220;home-rev-slider01&#8243;][\/vc_column][\/vc_row][vc_row row_type=&#8220;2&#8243; blox_bgcolor=&#8220;#f2f2f2&#8243;][vc_column][\/vc_column][\/vc_row][vc_row row_type=&#8220;2&#8243; blox_padding_top=&#8220;10&#8243; blox_bgcolor=&#8220;#f2f2f2&#8243;][vc_column width=&#8220;1\/4&#8243;][vc_column_text el_class=&#8220;about-home2&#8243;] Charming House Starry Sky Suchen Sie eine Alternative zum Hotel im Stadtzentrum? Das Starry Sky Charming House ist die ideale L\u00f6sung, wenn Sie bequem wie im GuestHouse \u00fcbernachten m\u00f6chten, ohne auf den Komfort von hervorragenden Leistungen zu verzichten Weiterlesen [\/vc_column_text][\/vc_column][vc_column width=&#8220;3\/4&#8243;][\/vc_column][\/vc_row][vc_row row_type=&#8220;2&#8243; blox_bgcolor=&#8220;#f2f2f2&#8243;][vc_column][\/vc_column][\/vc_row][vc_row row_type=&#8220;3&#8243;][vc_column][rev_slider_vc alias=&#8220;home-slider2&#8243;][\/vc_column][\/vc_row][vc_row row_type=&#8220;2&#8243; blox_bgcolor=&#8220;#f2f2f2&#8243;][vc_column][\/vc_column][\/vc_row][vc_row row_type=&#8220;2&#8243; blox_bgcolor=&#8220;#f2f2f2&#8243;][vc_column width=&#8220;1\/3&#8243;][\/vc_column][vc_column width=&#8220;1\/3&#8243;][\/vc_column][vc_column width=&#8220;1\/3&#8243;][\/vc_column][\/vc_row][vc_row row_type=&#8220;2&#8243; blox_bgcolor=&#8220;#f2f2f2&#8243;][vc_column width=&#8220;1\/2&#8243;][\/vc_column][vc_column width=&#8220;1\/2&#8243;][\/vc_column][\/vc_row][vc_row row_type=&#8220;2&#8243;][vc_column][rev_slider_vc alias=&#8220;home-slider3&#8243;][\/vc_column][\/vc_row][vc_row row_type=&#8220;2&#8243; blox_bgcolor=&#8220;#f2f2f2&#8243;][vc_column][\/vc_column][\/vc_row][vc_row row_type=&#8220;1&#8243;][vc_column][vc_gmaps link=&#8220;#E-8_JTNDaWZyYW1lJTIwc3JjJTNEJTIyaHR0cHMlM0ElMkYlMkZ3d3cuZ29vZ2xlLmNvbSUyRm1hcHMlMkZlbWJlZCUzRnBiJTNEJTIxMW0xOCUyMTFtMTIlMjExbTMlMjExZDMwMzAuNzYzMTAwNTQyMDQxMiUyMTJkOC4zMTc0NjYxMTQ4ODM5NTYlMjEzZDQwLjU2ODkwODQ1NDI5NDk3JTIxMm0zJTIxMWYwJTIxMmYwJTIxM2YwJTIxM20yJTIxMWkxMDI0JTIxMmk3NjglMjE0ZjEzLjElMjEzbTMlMjExbTIlMjExczB4MTJkY2YxZmFhMTUyMWY1YiUyNTNBMHhmNDA3OWUwMGQ1MjlhZTY5JTIxMnNWaWElMkJHaXVzZXBwZSUyQkdhcmliYWxkaSUyNTJDJTJCMTEzJTI1MkMlMkIwNzA0MSUyQkFsZ2hlcm8lMkJTUyUyMTVlMCUyMTNtMiUyMTFzaXQlMjEyc2l0JTIxNHYxNTAxODU1NTM2NzUzJTIyJTIwd2lkdGglM0QlMjIxMDAlMjUlMjIlMjBoZWlnaHQlM0QlMjI0NTAlMjIlMjBmcmFtZWJvcmRlciUzRCUyMjAlMjIlMjBzdHlsZSUzRCUyMmJvcmRlciUzQTAlMjIlMjBhbGxvd2Z1bGxzY3JlZW4lM0UlM0MlMkZpZnJhbWUlM0U=&#8220; css_animation=&#8220;fadeInUp&#8220; el_class=&#8220;mappa-home&#8220;][\/vc_column][\/vc_row]<\/p>\n","protected":false},"author":1,"featured_media":0,"parent":0,"menu_order":0,"comment_status":"closed","ping_status":"closed","template":"","meta":{"footnotes":""},"class_list":["post-14289","page","type-page","status-publish","hentry"],"_links":{"self":[{"href":"https:\/\/www.starryskyalghero.com\/de\/wp-json\/wp\/v2\/pages\/14289","targetHints":{"allow":["GET"]}}],"collection":[{"href":"https:\/\/www.starryskyalghero.com\/de\/wp-json\/wp\/v2\/pages"}],"about":[{"href":"https:\/\/www.starryskyalghero.com\/de\/wp-json\/wp\/v2\/types\/page"}],"author":[{"embeddable":true,"href":"https:\/\/www.starryskyalghero.com\/de\/wp-json\/wp\/v2\/users\/1"}],"replies":[{"embeddable":true,"href":"https:\/\/www.starryskyalghero.com\/de\/wp-json\/wp\/v2\/comments?post=14289"}],"version-history":[{"count":7,"href":"https:\/\/www.starryskyalghero.com\/de\/wp-json\/wp\/v2\/pages\/14289\/revisions"}],"predecessor-version":[{"id":14623,"href":"https:\/\/www.starryskyalghero.com\/de\/wp-json\/wp\/v2\/pages\/14289\/revisions\/14623"}],"wp:attachment":[{"href":"https:\/\/www.starryskyalghero.com\/de\/wp-json\/wp\/v2\/media?parent=14289"}],"curies":[{"name":"wp","href":"https:\/\/api.w.org\/{rel}","templated":true}]}}