{"id":14276,"date":"2017-08-04T16:31:00","date_gmt":"2017-08-04T14:31:00","guid":{"rendered":"https:\/\/www.starryskyalghero.com\/panoramic-room\/"},"modified":"2024-08-27T10:14:42","modified_gmt":"2024-08-27T08:14:42","slug":"panoramic-room","status":"publish","type":"page","link":"https:\/\/www.starryskyalghero.com\/de\/panoramic-room\/","title":{"rendered":"Panoramic Room"},"content":{"rendered":"<div class=\"wpb-content-wrapper\">[vc_row row_type=&#8220;2&#8243; blox_bgcolor=&#8220;#ffffff&#8220;][vc_column css=&#8220;.vc_custom_1474103981862{margin-bottom: 4px !important;}&#8220;]<hr class=\"vertical-space5\">[vc_row_inner][vc_column_inner width=&#8220;1\/6&#8243;][\/vc_column_inner][vc_column_inner width=&#8220;2\/3&#8243;]<article class=\"title-plus-text type-1 center \" style=\"text-align:center\" ><h3 style=\"color:#73736b\">Starry Sky Charming House<\/h3><h2 class=\"part-1\" style=\"color:#31312c\">Panoramic<\/h2><h2 class=\"part-2\" style=\"color:#530a59\">Room<\/h2><p>Elegantes, gro\u00dfes Doppelbettzimmer, mit eigenem Balkon ausgestattet, von wo Sie eine wundebare Aussicht \u00fcber den Golf von Alghero genie\u00dfen k\u00f6nnen.<\/p>\n<p>Der fein eingerichtete Panoranic Room bietet seinen G\u00e4sten maximalen Komfort und die modernste technische Ausstattung. Au\u00dferdem verf\u00fcgt das Zimmer \u00fcber ein gro\u00dfes, eigenes Bad mit Whirpool und Dusche f\u00fcr einen angenehmen Aufenthalt voller Entspannung in Alghero.<\/p><\/article><hr class=\"vertical-space2\">[vc_images_carousel images=&#8220;14743,14738,14733,14728,14723,14718,14698,14713,14708,14703&#8243; img_size=&#8220;full&#8220; mode=&#8220;vertical&#8220; autoplay=&#8220;yes&#8220;]<hr class=\"vertical-space2\">[\/vc_column_inner][vc_column_inner width=&#8220;1\/6&#8243;][\/vc_column_inner][\/vc_row_inner][vc_row_inner][vc_column_inner width=&#8220;1\/6&#8243;][\/vc_column_inner][vc_column_inner width=&#8220;1\/6&#8243;][vc_column_text]\n<ul>\n<li>Balkon mit Meerblick<\/li>\n<li>Au\u00dfeneinrichtung<\/li>\n<li>Ultra HD 4K Smart TV<\/li>\n<li>Netflix<\/li>\n<li>Safe<\/li>\n<li>Klimaanlage<\/li>\n<\/ul>\n[\/vc_column_text][\/vc_column_inner][vc_column_inner width=&#8220;1\/6&#8243;][vc_column_text]\n<ul>\n<li>Schreibtisch<\/li>\n<li>Parkettboden<\/li>\n<li>Kleiderschrank\/Garderobe<\/li>\n<li>Allergikerbettw\u00e4sche<\/li>\n<li>Zweisitzige Massagendusche<\/li>\n<\/ul>\n[\/vc_column_text][\/vc_column_inner][vc_column_inner width=&#8220;1\/6&#8243;][vc_column_text]\n<ul>\n<li>Kromotherapie<\/li>\n<li>Haartrockner<\/li>\n<li>WC<\/li>\n<li>Whirpool<\/li>\n<li>Bidet<\/li>\n<\/ul>\n[\/vc_column_text][\/vc_column_inner][vc_column_inner width=&#8220;1\/6&#8243;][vc_column_text]\n<ul>\n<li>K\u00fchlschrank<\/li>\n<li>Handt\u00fccher\/Bettt\u00fccher<\/li>\n<li>Willkommensset<\/li>\n<li>Magnetkarte<\/li>\n<li>Privater Parkplatz<\/li>\n<\/ul>\n[\/vc_column_text][\/vc_column_inner][vc_column_inner width=&#8220;1\/6&#8243;][\/vc_column_inner][\/vc_row_inner]<hr class=\"vertical-space5\">[vc_separator][\/vc_column][\/vc_row]\n<\/div>","protected":false},"excerpt":{"rendered":"<p>[vc_row row_type=&#8220;2&#8243; blox_bgcolor=&#8220;#ffffff&#8220;][vc_column css=&#8220;.vc_custom_1474103981862{margin-bottom: 4px !important;}&#8220;][vc_row_inner][vc_column_inner width=&#8220;1\/6&#8243;][\/vc_column_inner][vc_column_inner width=&#8220;2\/3&#8243;][vc_images_carousel images=&#8220;14743,14738,14733,14728,14723,14718,14698,14713,14708,14703&#8243; img_size=&#8220;full&#8220; mode=&#8220;vertical&#8220; autoplay=&#8220;yes&#8220;][\/vc_column_inner][vc_column_inner width=&#8220;1\/6&#8243;][\/vc_column_inner][\/vc_row_inner][vc_row_inner][vc_column_inner width=&#8220;1\/6&#8243;][\/vc_column_inner][vc_column_inner width=&#8220;1\/6&#8243;][vc_column_text] Balkon mit Meerblick Au\u00dfeneinrichtung Ultra HD 4K Smart TV Netflix Safe Klimaanlage [\/vc_column_text][\/vc_column_inner][vc_column_inner width=&#8220;1\/6&#8243;][vc_column_text] Schreibtisch Parkettboden Kleiderschrank\/Garderobe Allergikerbettw\u00e4sche Zweisitzige Massagendusche [\/vc_column_text][\/vc_column_inner][vc_column_inner width=&#8220;1\/6&#8243;][vc_column_text] Kromotherapie Haartrockner WC Whirpool Bidet [\/vc_column_text][\/vc_column_inner][vc_column_inner width=&#8220;1\/6&#8243;][vc_column_text] K\u00fchlschrank Handt\u00fccher\/Bettt\u00fccher Willkommensset Magnetkarte Privater Parkplatz [\/vc_column_text][\/vc_column_inner][vc_column_inner width=&#8220;1\/6&#8243;][\/vc_column_inner][\/vc_row_inner][vc_separator][\/vc_column][\/vc_row]<\/p>\n","protected":false},"author":1,"featured_media":0,"parent":0,"menu_order":0,"comment_status":"closed","ping_status":"closed","template":"","meta":{"footnotes":""},"class_list":["post-14276","page","type-page","status-publish","hentry"],"_links":{"self":[{"href":"https:\/\/www.starryskyalghero.com\/de\/wp-json\/wp\/v2\/pages\/14276","targetHints":{"allow":["GET"]}}],"collection":[{"href":"https:\/\/www.starryskyalghero.com\/de\/wp-json\/wp\/v2\/pages"}],"about":[{"href":"https:\/\/www.starryskyalghero.com\/de\/wp-json\/wp\/v2\/types\/page"}],"author":[{"embeddable":true,"href":"https:\/\/www.starryskyalghero.com\/de\/wp-json\/wp\/v2\/users\/1"}],"replies":[{"embeddable":true,"href":"https:\/\/www.starryskyalghero.com\/de\/wp-json\/wp\/v2\/comments?post=14276"}],"version-history":[{"count":5,"href":"https:\/\/www.starryskyalghero.com\/de\/wp-json\/wp\/v2\/pages\/14276\/revisions"}],"predecessor-version":[{"id":15008,"href":"https:\/\/www.starryskyalghero.com\/de\/wp-json\/wp\/v2\/pages\/14276\/revisions\/15008"}],"wp:attachment":[{"href":"https:\/\/www.starryskyalghero.com\/de\/wp-json\/wp\/v2\/media?parent=14276"}],"curies":[{"name":"wp","href":"https:\/\/api.w.org\/{rel}","templated":true}]}}