{"id":14272,"date":"2017-08-04T17:12:03","date_gmt":"2017-08-04T15:12:03","guid":{"rendered":"https:\/\/www.starryskyalghero.com\/deluxe-room\/"},"modified":"2024-03-08T17:01:37","modified_gmt":"2024-03-08T16:01:37","slug":"deluxe-room","status":"publish","type":"page","link":"https:\/\/www.starryskyalghero.com\/de\/deluxe-room\/","title":{"rendered":"Deluxe Room"},"content":{"rendered":"<div class=\"wpb-content-wrapper\">[vc_row row_type=&#8220;2&#8243; blox_bgcolor=&#8220;#ffffff&#8220;][vc_column css=&#8220;.vc_custom_1474103981862{margin-bottom: 4px !important;}&#8220;]<hr class=\"vertical-space5\">[vc_row_inner][vc_column_inner width=&#8220;1\/6&#8243;][\/vc_column_inner][vc_column_inner width=&#8220;2\/3&#8243;]<article class=\"title-plus-text type-1 center \" style=\"text-align:center\" ><h3 style=\"color:#73736b\">Starry Sky Charming House<\/h3><h2 class=\"part-1\" style=\"color:#31312c\">Deluxe<\/h2><h2 class=\"part-2\" style=\"color:#530a59\">Room<\/h2><p>Der Deluxe Room bietet ein intimes Ambiente, wie maximalen Komfort, damit Sie einen perfekten Urlaub in Alghero verbringen.<\/p>\n<p>Das helle und luftige Zimmer ist mit modernster Einrichtung ausgestattet und verf\u00fcgt \u00fcber ein eigenes Bad mit Massagendusche f\u00fcr totale Entspannung. Dazu geh\u00f6rt auch ein privater Balkon mit Meerblick.<\/p><\/article><hr class=\"vertical-space2\">[vc_images_carousel images=&#8220;14756,14761,14766,14771,14776,14781,14786,14791,14796&#8243; img_size=&#8220;full&#8220; mode=&#8220;vertical&#8220; autoplay=&#8220;yes&#8220; hide_prev_next_buttons=&#8220;yes&#8220;]<hr class=\"vertical-space2\">[\/vc_column_inner][vc_column_inner width=&#8220;1\/6&#8243;][\/vc_column_inner][\/vc_row_inner][vc_row_inner][vc_column_inner width=&#8220;1\/6&#8243;][\/vc_column_inner][vc_column_inner width=&#8220;1\/6&#8243;][vc_column_text]\n<ul>\n<li>Balkon mit Meerblick<\/li>\n<li>Au\u00dfeneinrichtung<\/li>\n<li>Ultra HD 4K Smart TV<\/li>\n<li>Netflix<\/li>\n<li>Safe<\/li>\n<li>Klimaanlage<\/li>\n<\/ul>\n[\/vc_column_text][\/vc_column_inner][vc_column_inner width=&#8220;1\/6&#8243;][vc_column_text]\n<ul>\n<li>Schreibtisch<\/li>\n<li>Parkettboden<\/li>\n<li>Kleiderschrank\/Garderobe<\/li>\n<li>Allergikerbettw\u00e4sche<\/li>\n<li>Zweisitzige Massagendusche<\/li>\n<\/ul>\n[\/vc_column_text][\/vc_column_inner][vc_column_inner width=&#8220;1\/6&#8243;][vc_column_text]\n<ul>\n<li>Kromotherapie<\/li>\n<li>Haartrockner<\/li>\n<li>WC<\/li>\n<li>Whirpool<\/li>\n<li>Bidet<\/li>\n<\/ul>\n[\/vc_column_text][\/vc_column_inner][vc_column_inner width=&#8220;1\/6&#8243;][vc_column_text]\n<ul>\n<li>Minibar<\/li>\n<li>Handt\u00fccher\/Bettt\u00fccher<\/li>\n<li>Willkommensset<\/li>\n<li>Magnetkarte<\/li>\n<li>Privater Parkplatz<\/li>\n<\/ul>\n[\/vc_column_text][\/vc_column_inner][vc_column_inner width=&#8220;1\/6&#8243;][\/vc_column_inner][\/vc_row_inner]<hr class=\"vertical-space5\">[vc_separator][\/vc_column][\/vc_row]\n<\/div>","protected":false},"excerpt":{"rendered":"<p>[vc_row row_type=&#8220;2&#8243; blox_bgcolor=&#8220;#ffffff&#8220;][vc_column css=&#8220;.vc_custom_1474103981862{margin-bottom: 4px !important;}&#8220;][vc_row_inner][vc_column_inner width=&#8220;1\/6&#8243;][\/vc_column_inner][vc_column_inner width=&#8220;2\/3&#8243;][vc_images_carousel images=&#8220;14756,14761,14766,14771,14776,14781,14786,14791,14796&#8243; img_size=&#8220;full&#8220; mode=&#8220;vertical&#8220; autoplay=&#8220;yes&#8220; hide_prev_next_buttons=&#8220;yes&#8220;][\/vc_column_inner][vc_column_inner width=&#8220;1\/6&#8243;][\/vc_column_inner][\/vc_row_inner][vc_row_inner][vc_column_inner width=&#8220;1\/6&#8243;][\/vc_column_inner][vc_column_inner width=&#8220;1\/6&#8243;][vc_column_text] Balkon mit Meerblick Au\u00dfeneinrichtung Ultra HD 4K Smart TV Netflix Safe Klimaanlage [\/vc_column_text][\/vc_column_inner][vc_column_inner width=&#8220;1\/6&#8243;][vc_column_text] Schreibtisch Parkettboden Kleiderschrank\/Garderobe Allergikerbettw\u00e4sche Zweisitzige Massagendusche [\/vc_column_text][\/vc_column_inner][vc_column_inner width=&#8220;1\/6&#8243;][vc_column_text] Kromotherapie Haartrockner WC Whirpool Bidet [\/vc_column_text][\/vc_column_inner][vc_column_inner width=&#8220;1\/6&#8243;][vc_column_text] Minibar Handt\u00fccher\/Bettt\u00fccher Willkommensset Magnetkarte Privater Parkplatz [\/vc_column_text][\/vc_column_inner][vc_column_inner width=&#8220;1\/6&#8243;][\/vc_column_inner][\/vc_row_inner][vc_separator][\/vc_column][\/vc_row]<\/p>\n","protected":false},"author":1,"featured_media":0,"parent":0,"menu_order":0,"comment_status":"closed","ping_status":"closed","template":"","meta":{"footnotes":""},"class_list":["post-14272","page","type-page","status-publish","hentry"],"_links":{"self":[{"href":"https:\/\/www.starryskyalghero.com\/de\/wp-json\/wp\/v2\/pages\/14272","targetHints":{"allow":["GET"]}}],"collection":[{"href":"https:\/\/www.starryskyalghero.com\/de\/wp-json\/wp\/v2\/pages"}],"about":[{"href":"https:\/\/www.starryskyalghero.com\/de\/wp-json\/wp\/v2\/types\/page"}],"author":[{"embeddable":true,"href":"https:\/\/www.starryskyalghero.com\/de\/wp-json\/wp\/v2\/users\/1"}],"replies":[{"embeddable":true,"href":"https:\/\/www.starryskyalghero.com\/de\/wp-json\/wp\/v2\/comments?post=14272"}],"version-history":[{"count":3,"href":"https:\/\/www.starryskyalghero.com\/de\/wp-json\/wp\/v2\/pages\/14272\/revisions"}],"predecessor-version":[{"id":14955,"href":"https:\/\/www.starryskyalghero.com\/de\/wp-json\/wp\/v2\/pages\/14272\/revisions\/14955"}],"wp:attachment":[{"href":"https:\/\/www.starryskyalghero.com\/de\/wp-json\/wp\/v2\/media?parent=14272"}],"curies":[{"name":"wp","href":"https:\/\/api.w.org\/{rel}","templated":true}]}}